{"id":3698287,"date":"2025-10-13T14:15:45","date_gmt":"2025-10-13T18:15:45","guid":{"rendered":"https:\/\/stoic-curie.212-227-153-4.plesk.page\/product\/caixa-de-fusivel-eletrico-para-fusiveis-de-10-laminas-indicador-led\/"},"modified":"2026-02-25T00:28:10","modified_gmt":"2026-02-25T00:28:10","slug":"caixa-de-fusivel-eletrico-para-fusiveis-de-10-laminas-indicador-led","status":"publish","type":"product","link":"https:\/\/stoic-curie.212-227-153-4.plesk.page\/pt\/product\/caixa-de-fusivel-eletrico-para-fusiveis-de-10-laminas-indicador-led\/","title":{"rendered":"Caixa de fus\u00edvel el\u00e9trico para fus\u00edveis de 10 l\u00e2minas (indicador LED)"},"content":{"rendered":"<p>Caixa de fus\u00edvel el\u00e9trico para fus\u00edveis de 10 l\u00e2minas (indicador LED) &#8211; <\/p>\n<div class=\"col-24 col-md-15\">\n<p>Caixa de fus\u00edveis el\u00e9trica adequada para abrigar 10 fus\u00edveis de l\u00e2mina. Existem furos de montagem na base da caixa que permitem que ela seja montada em uma parede divis\u00f3ria ou em qualquer outra superf\u00edcie firme. A tampa transparente permite uma r\u00e1pida inspe\u00e7\u00e3o visual dos fus\u00edveis, cada um com um indicador LED vermelho separado que mostra quando um fus\u00edvel foi queimado. Cada fus\u00edvel possui um terminal macho de l\u00e2mina de 6,3 mm e h\u00e1 um \u00fanico pino de entrada de energia positivo de 5 mm que alimenta cada um dos fus\u00edveis de l\u00e2mina.<\/p>\n<\/div>\n<h3>Especifica\u00e7\u00f5es<\/h3>\n<table class=\"table\">\n<tbody>\n<tr>\n<td><strong>Altura<\/strong><\/td>\n<td>35 mm (1-3\/8&#8243;)<\/td>\n<\/tr>\n<tr>\n<td><strong>Tens\u00e3o<\/strong><\/td>\n<td>Aprovado at\u00e9 32 Volts<\/td>\n<\/tr>\n<tr>\n<td><strong>Largura<\/strong><\/td>\n<td>95 mm<\/td>\n<\/tr>\n<tr>\n<td><strong>Marca<\/strong><\/td>\n<td>Electrical<\/td>\n<\/tr>\n<tr>\n<td><strong>N\u00famero de fus\u00edveis<\/strong><\/td>\n<td>10 Fus\u00edveis<\/td>\n<\/tr>\n<tr>\n<td><strong>Conex\u00f5es<\/strong><\/td>\n<td>L\u00e2mina macho de 6,3 mm<\/td>\n<\/tr>\n<tr>\n<td><strong>Descri\u00e7\u00e3o do estilo<\/strong><\/td>\n<td>Fus\u00edveis de l\u00e2mina<\/td>\n<\/tr>\n<tr>\n<td><strong>Profundidade<\/strong><\/td>\n<td>85 mm<\/td>\n<\/tr>\n<\/tbody>\n<\/table>\n","protected":false},"excerpt":{"rendered":"<p>Caixa de fus\u00edvel el\u00e9trico para fus\u00edveis de 10 l\u00e2minas (indicador LED) &#8211; Caixa de fus\u00edveis el\u00e9trica adequada para abrigar 10<\/p>\n","protected":false},"featured_media":5944844,"comment_status":"closed","ping_status":"closed","template":"","meta":[],"product_brand":[2832],"product_cat":[2027],"product_tag":[],"class_list":{"0":"post-3698287","1":"product","2":"type-product","3":"status-publish","4":"has-post-thumbnail","6":"product_brand-blue-sea-systems-pt","7":"product_cat-acessorios-eletricos","9":"first","10":"instock","11":"shipping-taxable","12":"purchasable","13":"product-type-simple"},"_links":{"self":[{"href":"https:\/\/stoic-curie.212-227-153-4.plesk.page\/pt\/wp-json\/wp\/v2\/product\/3698287","targetHints":{"allow":["GET"]}}],"collection":[{"href":"https:\/\/stoic-curie.212-227-153-4.plesk.page\/pt\/wp-json\/wp\/v2\/product"}],"about":[{"href":"https:\/\/stoic-curie.212-227-153-4.plesk.page\/pt\/wp-json\/wp\/v2\/types\/product"}],"replies":[{"embeddable":true,"href":"https:\/\/stoic-curie.212-227-153-4.plesk.page\/pt\/wp-json\/wp\/v2\/comments?post=3698287"}],"version-history":[{"count":0,"href":"https:\/\/stoic-curie.212-227-153-4.plesk.page\/pt\/wp-json\/wp\/v2\/product\/3698287\/revisions"}],"wp:featuredmedia":[{"embeddable":true,"href":"https:\/\/stoic-curie.212-227-153-4.plesk.page\/pt\/wp-json\/wp\/v2\/media\/5944844"}],"wp:attachment":[{"href":"https:\/\/stoic-curie.212-227-153-4.plesk.page\/pt\/wp-json\/wp\/v2\/media?parent=3698287"}],"wp:term":[{"taxonomy":"product_brand","embeddable":true,"href":"https:\/\/stoic-curie.212-227-153-4.plesk.page\/pt\/wp-json\/wp\/v2\/product_brand?post=3698287"},{"taxonomy":"product_cat","embeddable":true,"href":"https:\/\/stoic-curie.212-227-153-4.plesk.page\/pt\/wp-json\/wp\/v2\/product_cat?post=3698287"},{"taxonomy":"product_tag","embeddable":true,"href":"https:\/\/stoic-curie.212-227-153-4.plesk.page\/pt\/wp-json\/wp\/v2\/product_tag?post=3698287"}],"curies":[{"name":"wp","href":"https:\/\/api.w.org\/{rel}","templated":true}]}}