{"id":3698294,"date":"2025-10-13T14:15:47","date_gmt":"2025-10-13T18:15:47","guid":{"rendered":"https:\/\/stoic-curie.212-227-153-4.plesk.page\/product\/fusivel-anl-eletrico-300-amp-5-16-studs\/"},"modified":"2026-02-25T00:28:10","modified_gmt":"2026-02-25T00:28:10","slug":"fusivel-anl-eletrico-300-amp-5-16-studs","status":"publish","type":"product","link":"https:\/\/stoic-curie.212-227-153-4.plesk.page\/pt\/product\/fusivel-anl-eletrico-300-amp-5-16-studs\/","title":{"rendered":"Fus\u00edvel ANL el\u00e9trico (300 Amp \/ 5\/16&#8243; Studs)"},"content":{"rendered":"<p>Fus\u00edvel ANL el\u00e9trico (300 Amp \/ 5\/16&#8243; Studs) &#8211; Os fus\u00edveis ANL s\u00e3o utilizados para prote\u00e7\u00e3o geral de cabos e oferecem prote\u00e7\u00e3o de &#8216;medium blow&#8217; (cerca de 1 segundo). Este fus\u00edvel ANL possui furos de fixa\u00e7\u00e3o compat\u00edveis com parafusos de 5\/16&#8243;. Tamb\u00e9m est\u00e3o dispon\u00edveis suportes para fus\u00edveis projetados para fus\u00edveis ANL. Por favor, verifique cuidadosamente se a fia\u00e7\u00e3o \u00e9 capaz de suportar a carga pretendida e se o fus\u00edvel pode proteger a fia\u00e7\u00e3o. Em geral, a classifica\u00e7\u00e3o do fus\u00edvel n\u00e3o deve exceder 1,5 vezes a classifica\u00e7\u00e3o em amp\u00e8res do cabo de fia\u00e7\u00e3o. Em caso de d\u00favida, consulte um t\u00e9cnico qualificado e competente. Este fus\u00edvel ANL est\u00e1 classificado em 300 amperes.<\/p>\n","protected":false},"excerpt":{"rendered":"<p>Fus\u00edvel ANL el\u00e9trico (300 Amp \/ 5\/16&#8243; Studs) &#8211; Os fus\u00edveis ANL s\u00e3o utilizados para prote\u00e7\u00e3o geral de cabos e<\/p>\n","protected":false},"featured_media":5944851,"comment_status":"closed","ping_status":"closed","template":"","meta":[],"product_brand":[2832],"product_cat":[2027],"product_tag":[],"class_list":{"0":"post-3698294","1":"product","2":"type-product","3":"status-publish","4":"has-post-thumbnail","6":"product_brand-blue-sea-systems-pt","7":"product_cat-acessorios-eletricos","9":"first","10":"instock","11":"shipping-taxable","12":"purchasable","13":"product-type-simple"},"_links":{"self":[{"href":"https:\/\/stoic-curie.212-227-153-4.plesk.page\/pt\/wp-json\/wp\/v2\/product\/3698294","targetHints":{"allow":["GET"]}}],"collection":[{"href":"https:\/\/stoic-curie.212-227-153-4.plesk.page\/pt\/wp-json\/wp\/v2\/product"}],"about":[{"href":"https:\/\/stoic-curie.212-227-153-4.plesk.page\/pt\/wp-json\/wp\/v2\/types\/product"}],"replies":[{"embeddable":true,"href":"https:\/\/stoic-curie.212-227-153-4.plesk.page\/pt\/wp-json\/wp\/v2\/comments?post=3698294"}],"version-history":[{"count":0,"href":"https:\/\/stoic-curie.212-227-153-4.plesk.page\/pt\/wp-json\/wp\/v2\/product\/3698294\/revisions"}],"wp:featuredmedia":[{"embeddable":true,"href":"https:\/\/stoic-curie.212-227-153-4.plesk.page\/pt\/wp-json\/wp\/v2\/media\/5944851"}],"wp:attachment":[{"href":"https:\/\/stoic-curie.212-227-153-4.plesk.page\/pt\/wp-json\/wp\/v2\/media?parent=3698294"}],"wp:term":[{"taxonomy":"product_brand","embeddable":true,"href":"https:\/\/stoic-curie.212-227-153-4.plesk.page\/pt\/wp-json\/wp\/v2\/product_brand?post=3698294"},{"taxonomy":"product_cat","embeddable":true,"href":"https:\/\/stoic-curie.212-227-153-4.plesk.page\/pt\/wp-json\/wp\/v2\/product_cat?post=3698294"},{"taxonomy":"product_tag","embeddable":true,"href":"https:\/\/stoic-curie.212-227-153-4.plesk.page\/pt\/wp-json\/wp\/v2\/product_tag?post=3698294"}],"curies":[{"name":"wp","href":"https:\/\/api.w.org\/{rel}","templated":true}]}}