{"id":3698298,"date":"2025-10-13T14:15:48","date_gmt":"2025-10-13T18:15:48","guid":{"rendered":"https:\/\/stoic-curie.212-227-153-4.plesk.page\/product\/soquete-e-tampa-do-suporte-de-montagem-do-tempo-de-recesso-do-isqueiro-plastico\/"},"modified":"2026-02-25T00:28:10","modified_gmt":"2026-02-25T00:28:10","slug":"soquete-e-tampa-do-suporte-de-montagem-do-tempo-de-recesso-do-isqueiro-plastico","status":"publish","type":"product","link":"https:\/\/stoic-curie.212-227-153-4.plesk.page\/pt\/product\/soquete-e-tampa-do-suporte-de-montagem-do-tempo-de-recesso-do-isqueiro-plastico\/","title":{"rendered":"Soquete e tampa do suporte de montagem do tempo de recesso do isqueiro (pl\u00e1stico)"},"content":{"rendered":"<p>Soquete e tampa do suporte de montagem do tempo de recesso do isqueiro (pl\u00e1stico) &#8211; <\/p>\n<div class=\"col-24 col-md-15\">\n<p>Habita\u00e7\u00e3o embutida para isqueiros, adequada para ambientes mar\u00edtimos. Este soquete de montagem \u00e9 fornecido com uma tampa para ocultar o isqueiro e possui duas conex\u00f5es de l\u00e2mina de 6,5 mm na parte de tr\u00e1s do soquete.<\/p>\n<\/div>\n<h3>Especifica\u00e7\u00f5es<\/h3>\n<table class=\"table\">\n<tbody>\n<tr>\n<td><strong>Marca<\/strong><\/td>\n<td>ASAP Electrical<\/td>\n<\/tr>\n<tr>\n<td><strong>Dimens\u00f5es<\/strong><\/td>\n<td>2 x conex\u00f5es de l\u00e2mina de 6,5 mm<\/td>\n<\/tr>\n<\/tbody>\n<\/table>\n","protected":false},"excerpt":{"rendered":"<p>Soquete e tampa do suporte de montagem do tempo de recesso do isqueiro (pl\u00e1stico) &#8211; Habita\u00e7\u00e3o embutida para isqueiros, adequada<\/p>\n","protected":false},"featured_media":5944855,"comment_status":"closed","ping_status":"closed","template":"","meta":[],"product_brand":[2832],"product_cat":[2027],"product_tag":[],"class_list":{"0":"post-3698298","1":"product","2":"type-product","3":"status-publish","4":"has-post-thumbnail","6":"product_brand-blue-sea-systems-pt","7":"product_cat-acessorios-eletricos","9":"first","10":"instock","11":"shipping-taxable","12":"purchasable","13":"product-type-simple"},"_links":{"self":[{"href":"https:\/\/stoic-curie.212-227-153-4.plesk.page\/pt\/wp-json\/wp\/v2\/product\/3698298","targetHints":{"allow":["GET"]}}],"collection":[{"href":"https:\/\/stoic-curie.212-227-153-4.plesk.page\/pt\/wp-json\/wp\/v2\/product"}],"about":[{"href":"https:\/\/stoic-curie.212-227-153-4.plesk.page\/pt\/wp-json\/wp\/v2\/types\/product"}],"replies":[{"embeddable":true,"href":"https:\/\/stoic-curie.212-227-153-4.plesk.page\/pt\/wp-json\/wp\/v2\/comments?post=3698298"}],"version-history":[{"count":0,"href":"https:\/\/stoic-curie.212-227-153-4.plesk.page\/pt\/wp-json\/wp\/v2\/product\/3698298\/revisions"}],"wp:featuredmedia":[{"embeddable":true,"href":"https:\/\/stoic-curie.212-227-153-4.plesk.page\/pt\/wp-json\/wp\/v2\/media\/5944855"}],"wp:attachment":[{"href":"https:\/\/stoic-curie.212-227-153-4.plesk.page\/pt\/wp-json\/wp\/v2\/media?parent=3698298"}],"wp:term":[{"taxonomy":"product_brand","embeddable":true,"href":"https:\/\/stoic-curie.212-227-153-4.plesk.page\/pt\/wp-json\/wp\/v2\/product_brand?post=3698298"},{"taxonomy":"product_cat","embeddable":true,"href":"https:\/\/stoic-curie.212-227-153-4.plesk.page\/pt\/wp-json\/wp\/v2\/product_cat?post=3698298"},{"taxonomy":"product_tag","embeddable":true,"href":"https:\/\/stoic-curie.212-227-153-4.plesk.page\/pt\/wp-json\/wp\/v2\/product_tag?post=3698298"}],"curies":[{"name":"wp","href":"https:\/\/api.w.org\/{rel}","templated":true}]}}