{"id":3698300,"date":"2025-10-13T14:15:49","date_gmt":"2025-10-13T18:15:49","guid":{"rendered":"https:\/\/stoic-curie.212-227-153-4.plesk.page\/product\/vte-red-210a-power-distribution-busbar-3-x-5-16-1-x-1-4-posts\/"},"modified":"2026-02-25T00:28:10","modified_gmt":"2026-02-25T00:28:10","slug":"vte-red-210a-power-distribution-busbar-3-x-5-16-1-x-1-4-posts","status":"publish","type":"product","link":"https:\/\/stoic-curie.212-227-153-4.plesk.page\/pt\/product\/vte-red-210a-power-distribution-busbar-3-x-5-16-1-x-1-4-posts\/","title":{"rendered":"VTE Red 210A Power Distribution Busbar (3 x 5\/16&#8243; \/ 1 x 1\/4&#8243; Posts)"},"content":{"rendered":"<p>VTE Red 210A Power Distribution Busbar (3 x 5\/16&#8243; \/ 1 x 1\/4&#8243; Posts) &#8211; <\/p>\n<div class=\"col-24 col-md-15\">\n<p>Carga m\u00e1xima de 210 amperes.<\/p>\n<p>3 x 5\/16&#8243; postes e 1 x 1\/4&#8243; poste.<\/p>\n<p>Base preenchida com vidro vermelho. Ideal para aplica\u00e7\u00f5es de circuito positivo.<\/p>\n<p>Postes de a\u00e7o inoxid\u00e1vel e porcas hexagonais.<\/p>\n<p>Componentes de conex\u00e3o de lat\u00e3o estanhado para desempenho e confiabilidade m\u00e1ximos.<\/p>\n<p>Centros dos buracos de montagem a 118,4 mm.<\/p>\n<p>Pe\u00e7a a tampa 729249 para atender aos padr\u00f5es ISO para prote\u00e7\u00e3o de terminais continuamente energizados.<\/p>\n<\/div>\n<h3>Especifica\u00e7\u00f5es<\/h3>\n<table class=\"table\">\n<tbody>\n<tr>\n<td><strong>Amp\u00e8res<\/strong><\/td>\n<td>M\u00e1ximo: 210A<\/td>\n<\/tr>\n<tr>\n<td><strong>Aprova\u00e7\u00f5es<\/strong><\/td>\n<td>Atende aos regulamentos ISO sobre terminais continuamente energizados.<\/td>\n<\/tr>\n<tr>\n<td><strong>Marca<\/strong><\/td>\n<td>VTE<\/td>\n<\/tr>\n<tr>\n<td><strong>Cor<\/strong><\/td>\n<td>Vermelho<\/td>\n<\/tr>\n<tr>\n<td><strong>Constru\u00e7\u00e3o<\/strong><\/td>\n<td>Postes de a\u00e7o inoxid\u00e1vel &#038; porcas hexagonais, base de nylon preenchida com vidro<\/td>\n<\/tr>\n<tr>\n<td><strong>Dimens\u00f5es<\/strong><\/td>\n<td>Postes de 5\/16&#8243;, poste de 1\/4&#8243;, centros dos buracos de montagem: 118,4 mm<\/td>\n<\/tr>\n<\/tbody>\n<\/table>\n","protected":false},"excerpt":{"rendered":"<p>VTE Red 210A Power Distribution Busbar (3 x 5\/16&#8243; \/ 1 x 1\/4&#8243; Posts) &#8211; Carga m\u00e1xima de 210 amperes.<\/p>\n","protected":false},"featured_media":5944857,"comment_status":"closed","ping_status":"closed","template":"","meta":[],"product_brand":[2832],"product_cat":[2027],"product_tag":[],"class_list":{"0":"post-3698300","1":"product","2":"type-product","3":"status-publish","4":"has-post-thumbnail","6":"product_brand-blue-sea-systems-pt","7":"product_cat-acessorios-eletricos","9":"first","10":"instock","11":"shipping-taxable","12":"purchasable","13":"product-type-simple"},"_links":{"self":[{"href":"https:\/\/stoic-curie.212-227-153-4.plesk.page\/pt\/wp-json\/wp\/v2\/product\/3698300","targetHints":{"allow":["GET"]}}],"collection":[{"href":"https:\/\/stoic-curie.212-227-153-4.plesk.page\/pt\/wp-json\/wp\/v2\/product"}],"about":[{"href":"https:\/\/stoic-curie.212-227-153-4.plesk.page\/pt\/wp-json\/wp\/v2\/types\/product"}],"replies":[{"embeddable":true,"href":"https:\/\/stoic-curie.212-227-153-4.plesk.page\/pt\/wp-json\/wp\/v2\/comments?post=3698300"}],"version-history":[{"count":0,"href":"https:\/\/stoic-curie.212-227-153-4.plesk.page\/pt\/wp-json\/wp\/v2\/product\/3698300\/revisions"}],"wp:featuredmedia":[{"embeddable":true,"href":"https:\/\/stoic-curie.212-227-153-4.plesk.page\/pt\/wp-json\/wp\/v2\/media\/5944857"}],"wp:attachment":[{"href":"https:\/\/stoic-curie.212-227-153-4.plesk.page\/pt\/wp-json\/wp\/v2\/media?parent=3698300"}],"wp:term":[{"taxonomy":"product_brand","embeddable":true,"href":"https:\/\/stoic-curie.212-227-153-4.plesk.page\/pt\/wp-json\/wp\/v2\/product_brand?post=3698300"},{"taxonomy":"product_cat","embeddable":true,"href":"https:\/\/stoic-curie.212-227-153-4.plesk.page\/pt\/wp-json\/wp\/v2\/product_cat?post=3698300"},{"taxonomy":"product_tag","embeddable":true,"href":"https:\/\/stoic-curie.212-227-153-4.plesk.page\/pt\/wp-json\/wp\/v2\/product_tag?post=3698300"}],"curies":[{"name":"wp","href":"https:\/\/api.w.org\/{rel}","templated":true}]}}