{"id":3698303,"date":"2025-10-13T14:15:49","date_gmt":"2025-10-13T18:15:49","guid":{"rendered":"https:\/\/stoic-curie.212-227-153-4.plesk.page\/product\/rele-de-comutacao-eletrica-24v-20a-open-10a-fechado\/"},"modified":"2026-02-25T00:28:10","modified_gmt":"2026-02-25T00:28:10","slug":"rele-de-comutacao-eletrica-24v-20a-open-10a-fechado","status":"publish","type":"product","link":"https:\/\/stoic-curie.212-227-153-4.plesk.page\/pt\/product\/rele-de-comutacao-eletrica-24v-20a-open-10a-fechado\/","title":{"rendered":"Rel\u00e9 de comuta\u00e7\u00e3o el\u00e9trica (24V \/ 20A Open 10A Fechado)"},"content":{"rendered":"<p>Rel\u00e9 de comuta\u00e7\u00e3o el\u00e9trica (24V \/ 20A Open 10A Fechado) &#8211; O rel\u00e9 de comuta\u00e7\u00e3o el\u00e9trico de 24 volts \u00e9 adequado para correntes de 20 amperes quando est\u00e1 aberto e 10 amperes quando est\u00e1 fechado. <\/p>\n<h3>Especifica\u00e7\u00f5es<\/h3>\n<table class='table'>\n<tbody>\n<tr>\n<td><strong>Amperes<\/strong><\/td>\n<td>10A Fechado, 20A Aberto<\/td>\n<\/tr>\n<tr>\n<td><strong>Tens\u00e3o<\/strong><\/td>\n<td>24V DC<\/td>\n<\/tr>\n<tr>\n<td><strong>Marca<\/strong><\/td>\n<td>Electrical<\/td>\n<\/tr>\n<tr>\n<td><strong>Conex\u00f5es<\/strong><\/td>\n<td>Terminais: 6mm<\/td>\n<\/tr>\n<\/tbody>\n<\/table>\n","protected":false},"excerpt":{"rendered":"<p>Rel\u00e9 de comuta\u00e7\u00e3o el\u00e9trica (24V \/ 20A Open 10A Fechado) &#8211; O rel\u00e9 de comuta\u00e7\u00e3o el\u00e9trico de 24 volts \u00e9<\/p>\n","protected":false},"featured_media":5944859,"comment_status":"closed","ping_status":"closed","template":"","meta":[],"product_brand":[2832],"product_cat":[2035],"product_tag":[],"class_list":{"0":"post-3698303","1":"product","2":"type-product","3":"status-publish","4":"has-post-thumbnail","6":"product_brand-blue-sea-systems-pt","7":"product_cat-disjuntores-e-reles","9":"first","10":"instock","11":"shipping-taxable","12":"purchasable","13":"product-type-simple"},"_links":{"self":[{"href":"https:\/\/stoic-curie.212-227-153-4.plesk.page\/pt\/wp-json\/wp\/v2\/product\/3698303","targetHints":{"allow":["GET"]}}],"collection":[{"href":"https:\/\/stoic-curie.212-227-153-4.plesk.page\/pt\/wp-json\/wp\/v2\/product"}],"about":[{"href":"https:\/\/stoic-curie.212-227-153-4.plesk.page\/pt\/wp-json\/wp\/v2\/types\/product"}],"replies":[{"embeddable":true,"href":"https:\/\/stoic-curie.212-227-153-4.plesk.page\/pt\/wp-json\/wp\/v2\/comments?post=3698303"}],"version-history":[{"count":0,"href":"https:\/\/stoic-curie.212-227-153-4.plesk.page\/pt\/wp-json\/wp\/v2\/product\/3698303\/revisions"}],"wp:featuredmedia":[{"embeddable":true,"href":"https:\/\/stoic-curie.212-227-153-4.plesk.page\/pt\/wp-json\/wp\/v2\/media\/5944859"}],"wp:attachment":[{"href":"https:\/\/stoic-curie.212-227-153-4.plesk.page\/pt\/wp-json\/wp\/v2\/media?parent=3698303"}],"wp:term":[{"taxonomy":"product_brand","embeddable":true,"href":"https:\/\/stoic-curie.212-227-153-4.plesk.page\/pt\/wp-json\/wp\/v2\/product_brand?post=3698303"},{"taxonomy":"product_cat","embeddable":true,"href":"https:\/\/stoic-curie.212-227-153-4.plesk.page\/pt\/wp-json\/wp\/v2\/product_cat?post=3698303"},{"taxonomy":"product_tag","embeddable":true,"href":"https:\/\/stoic-curie.212-227-153-4.plesk.page\/pt\/wp-json\/wp\/v2\/product_tag?post=3698303"}],"curies":[{"name":"wp","href":"https:\/\/api.w.org\/{rel}","templated":true}]}}