{"id":3698304,"date":"2025-10-13T14:15:50","date_gmt":"2025-10-13T18:15:50","guid":{"rendered":"https:\/\/stoic-curie.212-227-153-4.plesk.page\/product\/conta-gotas-de-tensao-faria-beede-90315-para-medidores-marinhos-24v-12v\/"},"modified":"2026-02-25T00:28:10","modified_gmt":"2026-02-25T00:28:10","slug":"conta-gotas-de-tensao-faria-beede-90315-para-medidores-marinhos-24v-12v","status":"publish","type":"product","link":"https:\/\/stoic-curie.212-227-153-4.plesk.page\/pt\/product\/conta-gotas-de-tensao-faria-beede-90315-para-medidores-marinhos-24v-12v\/","title":{"rendered":"Conta-gotas de tens\u00e3o Faria Beede 90315 para medidores marinhos (24V &#8211; 12V)"},"content":{"rendered":"<p>Conta-gotas de tens\u00e3o Faria Beede 90315 para medidores marinhos (24V &#8211; 12V) &#8211; Redutor de tens\u00e3o de 24V adequado para fixa\u00e7\u00e3o na parte traseira dos instrumentos marinhos Faria Beede. Este adaptador encaixa-se no terminal positivo e reduz o sistema de 24 volts para 12 volts, permitindo alimentar corretamente o instrumento.<\/p>\n<p>Faria Beede 90315 \u00e9 adequado para uso com os seguintes tipos de instrumentos:<\/p>\n<p>&#8211; Instrumentos de press\u00e3o de \u00f3leo de resist\u00eancia europeia Faria Beede 5 Bar &#038; 10 Bar (Coral, Euro, Chesapeake, Nantucket, Dress White)<br \/>\n&#8211; Instrumentos de n\u00edvel de combust\u00edvel de resist\u00eancia europeia Faria Beede (Coral, Euro, Chesapeake, Nantucket, Dress White)<br \/>\n&#8211; Instrumentos de n\u00edvel de \u00e1gua de resist\u00eancia europeia Faria Beede (Coral, Euro, Chesapeake, Nantucket, Dress White)<br \/>\n&#8211; Instrumentos de \u00e2ngulo do leme Faria Beede (Coral, Euro, Chesapeake, Nantucket, Dress White)<\/p>\n<p>Especifica\u00e7\u00f5es:<\/p>\n<p>&#8211; Tens\u00e3o: 12V CC, 24V CC<br \/>\n&#8211; Marca: Faria Beede<br \/>\n&#8211; Pa\u00eds de origem: Estados Unidos<br \/>\n&#8211; Dispositivos adequados: Instrumentos de press\u00e3o de \u00f3leo de resist\u00eancia europeia Faria (5 e 10 Bar), medidores de n\u00edvel de combust\u00edvel, medidores de n\u00edvel de \u00e1gua e medidores de \u00e2ngulo do leme nos estilos Coral, Euro, Chesapeake, Nantucket e Dress White.<\/p>\n","protected":false},"excerpt":{"rendered":"<p>Conta-gotas de tens\u00e3o Faria Beede 90315 para medidores marinhos (24V &#8211; 12V) &#8211; Redutor de tens\u00e3o de 24V adequado para<\/p>\n","protected":false},"featured_media":5944860,"comment_status":"closed","ping_status":"closed","template":"","meta":[],"product_brand":[3502],"product_cat":[2094],"product_tag":[],"class_list":{"0":"post-3698304","1":"product","2":"type-product","3":"status-publish","4":"has-post-thumbnail","6":"product_brand-ultraflex-uflex-pt","7":"product_cat-manometros-uflex","9":"first","10":"instock","11":"shipping-taxable","12":"purchasable","13":"product-type-simple"},"_links":{"self":[{"href":"https:\/\/stoic-curie.212-227-153-4.plesk.page\/pt\/wp-json\/wp\/v2\/product\/3698304","targetHints":{"allow":["GET"]}}],"collection":[{"href":"https:\/\/stoic-curie.212-227-153-4.plesk.page\/pt\/wp-json\/wp\/v2\/product"}],"about":[{"href":"https:\/\/stoic-curie.212-227-153-4.plesk.page\/pt\/wp-json\/wp\/v2\/types\/product"}],"replies":[{"embeddable":true,"href":"https:\/\/stoic-curie.212-227-153-4.plesk.page\/pt\/wp-json\/wp\/v2\/comments?post=3698304"}],"version-history":[{"count":0,"href":"https:\/\/stoic-curie.212-227-153-4.plesk.page\/pt\/wp-json\/wp\/v2\/product\/3698304\/revisions"}],"wp:featuredmedia":[{"embeddable":true,"href":"https:\/\/stoic-curie.212-227-153-4.plesk.page\/pt\/wp-json\/wp\/v2\/media\/5944860"}],"wp:attachment":[{"href":"https:\/\/stoic-curie.212-227-153-4.plesk.page\/pt\/wp-json\/wp\/v2\/media?parent=3698304"}],"wp:term":[{"taxonomy":"product_brand","embeddable":true,"href":"https:\/\/stoic-curie.212-227-153-4.plesk.page\/pt\/wp-json\/wp\/v2\/product_brand?post=3698304"},{"taxonomy":"product_cat","embeddable":true,"href":"https:\/\/stoic-curie.212-227-153-4.plesk.page\/pt\/wp-json\/wp\/v2\/product_cat?post=3698304"},{"taxonomy":"product_tag","embeddable":true,"href":"https:\/\/stoic-curie.212-227-153-4.plesk.page\/pt\/wp-json\/wp\/v2\/product_tag?post=3698304"}],"curies":[{"name":"wp","href":"https:\/\/api.w.org\/{rel}","templated":true}]}}