{"id":3698305,"date":"2025-10-13T14:15:50","date_gmt":"2025-10-13T18:15:50","guid":{"rendered":"https:\/\/stoic-curie.212-227-153-4.plesk.page\/product\/montagem-do-motor-bobbin-de-bobina-de-algodao-garanhao-de-10mm\/"},"modified":"2026-02-25T00:28:10","modified_gmt":"2026-02-25T00:28:10","slug":"montagem-do-motor-bobbin-de-bobina-de-algodao-garanhao-de-10mm","status":"publish","type":"product","link":"https:\/\/stoic-curie.212-227-153-4.plesk.page\/pt\/product\/montagem-do-motor-bobbin-de-bobina-de-algodao-garanhao-de-10mm\/","title":{"rendered":"Montagem do motor bobbin de bobina de algod\u00e3o (garanh\u00e3o de 10mm)"},"content":{"rendered":"<p>Montagem do motor bobbin de bobina de algod\u00e3o (garanh\u00e3o de 10mm) &#8211; Suporte de motor flex\u00edvel estilo carretel de algod\u00e3o com rosca M10 de 25mm em cada extremidade. Se\u00e7\u00e3o de borracha com di\u00e2metro de 60mm e comprimento de 35mm. Dureza Shore de 45. Esses suportes de motor do tipo carretel de algod\u00e3o eram muito populares entre os construtores de barcos que instalavam motores diesel BMC1.5 e BMC1.8. O n\u00famero da pe\u00e7a BMC era 10K5009. Sugerimos que esses suportes flex\u00edveis sejam instalados em pares para garantir suporte igual.<\/p>\n","protected":false},"excerpt":{"rendered":"<p>Montagem do motor bobbin de bobina de algod\u00e3o (garanh\u00e3o de 10mm) &#8211; Suporte de motor flex\u00edvel estilo carretel de algod\u00e3o<\/p>\n","protected":false},"featured_media":5944863,"comment_status":"closed","ping_status":"closed","template":"","meta":[],"product_brand":[3227],"product_cat":[2111],"product_tag":[],"class_list":{"0":"post-3698305","1":"product","2":"type-product","3":"status-publish","4":"has-post-thumbnail","6":"product_brand-orbitrade-marine-pt","7":"product_cat-apoios-de-motor","9":"first","10":"instock","11":"shipping-taxable","12":"purchasable","13":"product-type-simple"},"_links":{"self":[{"href":"https:\/\/stoic-curie.212-227-153-4.plesk.page\/pt\/wp-json\/wp\/v2\/product\/3698305","targetHints":{"allow":["GET"]}}],"collection":[{"href":"https:\/\/stoic-curie.212-227-153-4.plesk.page\/pt\/wp-json\/wp\/v2\/product"}],"about":[{"href":"https:\/\/stoic-curie.212-227-153-4.plesk.page\/pt\/wp-json\/wp\/v2\/types\/product"}],"replies":[{"embeddable":true,"href":"https:\/\/stoic-curie.212-227-153-4.plesk.page\/pt\/wp-json\/wp\/v2\/comments?post=3698305"}],"version-history":[{"count":0,"href":"https:\/\/stoic-curie.212-227-153-4.plesk.page\/pt\/wp-json\/wp\/v2\/product\/3698305\/revisions"}],"wp:featuredmedia":[{"embeddable":true,"href":"https:\/\/stoic-curie.212-227-153-4.plesk.page\/pt\/wp-json\/wp\/v2\/media\/5944863"}],"wp:attachment":[{"href":"https:\/\/stoic-curie.212-227-153-4.plesk.page\/pt\/wp-json\/wp\/v2\/media?parent=3698305"}],"wp:term":[{"taxonomy":"product_brand","embeddable":true,"href":"https:\/\/stoic-curie.212-227-153-4.plesk.page\/pt\/wp-json\/wp\/v2\/product_brand?post=3698305"},{"taxonomy":"product_cat","embeddable":true,"href":"https:\/\/stoic-curie.212-227-153-4.plesk.page\/pt\/wp-json\/wp\/v2\/product_cat?post=3698305"},{"taxonomy":"product_tag","embeddable":true,"href":"https:\/\/stoic-curie.212-227-153-4.plesk.page\/pt\/wp-json\/wp\/v2\/product_tag?post=3698305"}],"curies":[{"name":"wp","href":"https:\/\/api.w.org\/{rel}","templated":true}]}}