{"id":3698306,"date":"2025-10-13T14:15:50","date_gmt":"2025-10-13T18:15:50","guid":{"rendered":"https:\/\/stoic-curie.212-227-153-4.plesk.page\/product\/elemento-do-filtro-de-oleo-giratorio-bosch-para-motores-bmc-1-5-thornycroft-98\/"},"modified":"2026-02-25T00:28:10","modified_gmt":"2026-02-25T00:28:10","slug":"elemento-do-filtro-de-oleo-giratorio-bosch-para-motores-bmc-1-5-thornycroft-98","status":"publish","type":"product","link":"https:\/\/stoic-curie.212-227-153-4.plesk.page\/pt\/product\/elemento-do-filtro-de-oleo-giratorio-bosch-para-motores-bmc-1-5-thornycroft-98\/","title":{"rendered":"Elemento do filtro de \u00f3leo girat\u00f3rio bosch para motores BMC 1.5 &#038; Thornycroft 98"},"content":{"rendered":"<p>Elemento do filtro de \u00f3leo girat\u00f3rio bosch para motores BMC 1.5 &#038; Thornycroft 98 &#8211; <\/p>\n<div class=\"col-24 col-md-15\">\n<p>Este elemento do filtro de \u00f3leo Bosch 0 451 103 033 adapta-se \u00e0 convers\u00e3o do filtro de \u00f3leo roscado 131065, instalado em motores marinhos BMC 1.5 (Leyland 1500), 2.2, 2.52 (Leyland 2520), Thornycroft 90, 98 e 154, bem como em motores Perkins. Substituir\u00e1 o elemento do filtro de \u00f3leo roscado BMC 1.5 e tamb\u00e9m \u00e9 adequado para o motor marinho Thornycroft 98, baseado no Ford XLD, onde o filtro de \u00f3leo de 150 mm de comprimento est\u00e1 instalado.<\/p>\n<p>O elemento do filtro de \u00f3leo 0 451 103 033 pode substituir os seguintes filtros de \u00f3leo: Champion C160\/606, COF100160S, Z88, 6112420 e 54383998.<\/p>\n<p>Um filtro de \u00f3leo de qualidade \u00e9 essencial para proteger pe\u00e7as sens\u00edveis do motor. Certifique-se de trocar o filtro regularmente como parte do cronograma de manuten\u00e7\u00e3o.<\/p>\n<\/div>\n<h3>Especifica\u00e7\u00f5es<\/h3>\n<table class=\"table\">\n<tbody>\n<tr>\n<td><strong>Altura<\/strong><\/td>\n<td>120mm (4.7&#8243;)<\/td>\n<\/tr>\n<tr>\n<td><strong>Marca<\/strong><\/td>\n<td>Bosch<\/td>\n<\/tr>\n<tr>\n<td><strong>Unidade de Venda<\/strong><\/td>\n<td>1 Elemento<\/td>\n<\/tr>\n<tr>\n<td><strong>Di\u00e2metro<\/strong><\/td>\n<td>ID: 71mm, OD: 76mm<\/td>\n<\/tr>\n<tr>\n<td><strong>Substitui<\/strong><\/td>\n<td>Elemento do filtro de \u00f3leo roscado BMC 1.5. Filtros de \u00f3leo: Champion C160\/606, Z88, 6112420 &#038; 54383998.<\/td>\n<\/tr>\n<tr>\n<td><strong>Descri\u00e7\u00e3o do Estilo<\/strong><\/td>\n<td>Elemento com Rosca<\/td>\n<\/tr>\n<tr>\n<td><strong>Compatibilidade<\/strong><\/td>\n<td>BMC 1.5, 2.2 &#038; 2.52, Leyland 1500 &#038; 2520, Thornycroft 90, 98 (onde est\u00e1 montado o filtro de \u00f3leo de 150mm) &#038; 154, motores Perkins<\/td>\n<\/tr>\n<tr>\n<td><strong>Tamanho do Rosca<\/strong><\/td>\n<td>3\/4&#8243; &#8211; 16 UNF<\/td>\n<\/tr>\n<\/tbody>\n<\/table>\n","protected":false},"excerpt":{"rendered":"<p>Elemento do filtro de \u00f3leo girat\u00f3rio bosch para motores BMC 1.5 &#038; Thornycroft 98 &#8211; Este elemento do filtro de<\/p>\n","protected":false},"featured_media":5944864,"comment_status":"closed","ping_status":"closed","template":"","meta":[],"product_brand":[3227],"product_cat":[3911],"product_tag":[],"class_list":{"0":"post-3698306","1":"product","2":"type-product","3":"status-publish","4":"has-post-thumbnail","6":"product_brand-orbitrade-marine-pt","7":"product_cat-accessories","9":"first","10":"instock","11":"shipping-taxable","12":"purchasable","13":"product-type-simple"},"_links":{"self":[{"href":"https:\/\/stoic-curie.212-227-153-4.plesk.page\/pt\/wp-json\/wp\/v2\/product\/3698306","targetHints":{"allow":["GET"]}}],"collection":[{"href":"https:\/\/stoic-curie.212-227-153-4.plesk.page\/pt\/wp-json\/wp\/v2\/product"}],"about":[{"href":"https:\/\/stoic-curie.212-227-153-4.plesk.page\/pt\/wp-json\/wp\/v2\/types\/product"}],"replies":[{"embeddable":true,"href":"https:\/\/stoic-curie.212-227-153-4.plesk.page\/pt\/wp-json\/wp\/v2\/comments?post=3698306"}],"version-history":[{"count":0,"href":"https:\/\/stoic-curie.212-227-153-4.plesk.page\/pt\/wp-json\/wp\/v2\/product\/3698306\/revisions"}],"wp:featuredmedia":[{"embeddable":true,"href":"https:\/\/stoic-curie.212-227-153-4.plesk.page\/pt\/wp-json\/wp\/v2\/media\/5944864"}],"wp:attachment":[{"href":"https:\/\/stoic-curie.212-227-153-4.plesk.page\/pt\/wp-json\/wp\/v2\/media?parent=3698306"}],"wp:term":[{"taxonomy":"product_brand","embeddable":true,"href":"https:\/\/stoic-curie.212-227-153-4.plesk.page\/pt\/wp-json\/wp\/v2\/product_brand?post=3698306"},{"taxonomy":"product_cat","embeddable":true,"href":"https:\/\/stoic-curie.212-227-153-4.plesk.page\/pt\/wp-json\/wp\/v2\/product_cat?post=3698306"},{"taxonomy":"product_tag","embeddable":true,"href":"https:\/\/stoic-curie.212-227-153-4.plesk.page\/pt\/wp-json\/wp\/v2\/product_tag?post=3698306"}],"curies":[{"name":"wp","href":"https:\/\/api.w.org\/{rel}","templated":true}]}}