{"id":3698307,"date":"2025-10-13T14:15:50","date_gmt":"2025-10-13T18:15:50","guid":{"rendered":"https:\/\/stoic-curie.212-227-153-4.plesk.page\/product\/elemento-do-filtro-de-combustivel-racor-2040sm-or-para-racor-900-2-micron\/"},"modified":"2026-02-25T00:28:10","modified_gmt":"2026-02-25T00:28:10","slug":"elemento-do-filtro-de-combustivel-racor-2040sm-or-para-racor-900-2-micron","status":"publish","type":"product","link":"https:\/\/stoic-curie.212-227-153-4.plesk.page\/pt\/product\/elemento-do-filtro-de-combustivel-racor-2040sm-or-para-racor-900-2-micron\/","title":{"rendered":"Elemento do filtro de combust\u00edvel Racor 2040SM-OR para Racor 900 (2 Micron)"},"content":{"rendered":"<p>Elemento do filtro de combust\u00edvel Racor 2040SM-OR para Racor 900 (2 Micron) &#8211; Elementos de filtro de combust\u00edvel \/ separadores de \u00e1gua de substitui\u00e7\u00e3o Racor para a fam\u00edlia de filtros de combust\u00edvel da turbina Racor 900, filtros Volvo 877768 e 877770. Este elemento de filtro de combust\u00edvel Racor 2040SM-OR tamb\u00e9m \u00e9 adequado para substituir: Baldwin PF7889, Hengst 453200000, Volvo 3581760 e 889421. Estes s\u00e3o elementos de filtro de combust\u00edvel Racor Parker 2040SM-OR genu\u00ednos de 2 micr\u00f4metros com tratamento repelente \u00e0 \u00e1gua Aquabloc, garantindo que seu filtro de combust\u00edvel Racor opere com m\u00e1xima efici\u00eancia. A tecnologia Aquabloc vai remover asfaltos, \u00e1gua, gomas e esmaltes, bem como filtrar pequenas part\u00edculas de sujeira e algas na tigela de coleta abaixo. O elemento Racor 2040SM-OR se adapta aos seguintes motores Volvo Penta: 120S-D, 120S-E e muitos outros at\u00e9 D6-480I-WJ-G. Os elementos de filtro de combust\u00edvel de substitui\u00e7\u00e3o Racor s\u00e3o vendidos individualmente ou em caixas de 12 e v\u00eam com veda\u00e7\u00f5es para a tampa e a al\u00e7a. A parte superior e inferior do filtro s\u00e3o feitas de pol\u00edmero, por isso nunca ir\u00e3o se corroer.<\/p>\n","protected":false},"excerpt":{"rendered":"<p>Elemento do filtro de combust\u00edvel Racor 2040SM-OR para Racor 900 (2 Micron) &#8211; Elementos de filtro de combust\u00edvel \/ separadores<\/p>\n","protected":false},"featured_media":5944879,"comment_status":"closed","ping_status":"closed","template":"","meta":[],"product_brand":[3247],"product_cat":[2084],"product_tag":[],"class_list":{"0":"post-3698307","1":"product","2":"type-product","3":"status-publish","4":"has-post-thumbnail","6":"product_brand-parker-racor-pt","7":"product_cat-filtros-separadaores-de-agua-e-combustivel","9":"first","10":"instock","11":"shipping-taxable","12":"purchasable","13":"product-type-simple"},"_links":{"self":[{"href":"https:\/\/stoic-curie.212-227-153-4.plesk.page\/pt\/wp-json\/wp\/v2\/product\/3698307","targetHints":{"allow":["GET"]}}],"collection":[{"href":"https:\/\/stoic-curie.212-227-153-4.plesk.page\/pt\/wp-json\/wp\/v2\/product"}],"about":[{"href":"https:\/\/stoic-curie.212-227-153-4.plesk.page\/pt\/wp-json\/wp\/v2\/types\/product"}],"replies":[{"embeddable":true,"href":"https:\/\/stoic-curie.212-227-153-4.plesk.page\/pt\/wp-json\/wp\/v2\/comments?post=3698307"}],"version-history":[{"count":0,"href":"https:\/\/stoic-curie.212-227-153-4.plesk.page\/pt\/wp-json\/wp\/v2\/product\/3698307\/revisions"}],"wp:featuredmedia":[{"embeddable":true,"href":"https:\/\/stoic-curie.212-227-153-4.plesk.page\/pt\/wp-json\/wp\/v2\/media\/5944879"}],"wp:attachment":[{"href":"https:\/\/stoic-curie.212-227-153-4.plesk.page\/pt\/wp-json\/wp\/v2\/media?parent=3698307"}],"wp:term":[{"taxonomy":"product_brand","embeddable":true,"href":"https:\/\/stoic-curie.212-227-153-4.plesk.page\/pt\/wp-json\/wp\/v2\/product_brand?post=3698307"},{"taxonomy":"product_cat","embeddable":true,"href":"https:\/\/stoic-curie.212-227-153-4.plesk.page\/pt\/wp-json\/wp\/v2\/product_cat?post=3698307"},{"taxonomy":"product_tag","embeddable":true,"href":"https:\/\/stoic-curie.212-227-153-4.plesk.page\/pt\/wp-json\/wp\/v2\/product_tag?post=3698307"}],"curies":[{"name":"wp","href":"https:\/\/api.w.org\/{rel}","templated":true}]}}