{"id":3698308,"date":"2025-10-13T14:15:51","date_gmt":"2025-10-13T18:15:51","guid":{"rendered":"https:\/\/stoic-curie.212-227-153-4.plesk.page\/product\/racor-2040pm-or-elemento-filtro-de-combustivel-para-racor-900-30-micron\/"},"modified":"2026-02-25T00:28:10","modified_gmt":"2026-02-25T00:28:10","slug":"racor-2040pm-or-elemento-filtro-de-combustivel-para-racor-900-30-micron","status":"publish","type":"product","link":"https:\/\/stoic-curie.212-227-153-4.plesk.page\/pt\/product\/racor-2040pm-or-elemento-filtro-de-combustivel-para-racor-900-30-micron\/","title":{"rendered":"Racor 2040PM-OR Elemento filtro de combust\u00edvel para Racor 900 (30 Micron)"},"content":{"rendered":"<p>Racor 2040PM-OR Elemento filtro de combust\u00edvel para Racor 900 (30 Micron) &#8211; Elementos de filtro de combust\u00edvel \/ separadores de \u00e1gua de substitui\u00e7\u00e3o Racor para a s\u00e9rie de filtros de combust\u00edvel de turbina Racor 900, filtros Volvo 877768 e 877770. Este elemento de filtro de combust\u00edvel Racor 2040PM-OR tamb\u00e9m \u00e9 adequado para substituir: Atlas Copco 2914809300 &#038; 2914830700, Baldwin PF7889-30, Hengst 445200000 &#038; E7040KP30, Orbitrade 17027-30, Scania 1675795, Separ 20430, Volvo 889419 e 3827507. Estes s\u00e3o elementos de filtro de combust\u00edvel Racor 2040PM-OR Parker genu\u00ednos com classifica\u00e7\u00e3o de 30 micr\u00f4metros e tratamento repelente \u00e0 \u00e1gua Aquabloc, garantindo que seu filtro de combust\u00edvel Racor opere com m\u00e1xima efici\u00eancia. A tecnologia Aquabloc remover\u00e1 asfaltenos, \u00e1gua, gomas e vernizes, al\u00e9m de filtrar pequenas part\u00edculas de sujeira e algas para o recipiente de coleta abaixo. O elemento de filtro de combust\u00edvel Racor 2040PM-OR se adapta aos seguintes motores Volvo Penta: AQD70B, AQD70BL, AQD70CL, AQD70D, D12D-A MG, D12D-E MG, D70CHC, D70CRC, D9-425, D9-500, D9-500 (R4), D9-500 (R5), D9-575, D9-A2A, D9-A2B, D9-A2C, D9-A2D, D9-A2E, D9A-MG, D9A-MH, D9-MH, MD100A, MD100B, MD100BCC, MD100BK, MD120A, MD120AK, MD70B, MD70BK, MD70C, TAD730P, TAD740GE, TAD741GE, TAMD102A, TAMD102D, TAMD120A, TAMD120AK, TAMD120B, TAMD120BCC, TAMD121C, TAMD121D, TAMD122A, TAMD122D, TAMD122P-A, TAMD122P-B, TAMD122P-C, TAMD162A, TAMD162B, TAMD162C, TAMD162C-B, TAMD162C-C, TAMD163A-A, TAMD163P-A, TAMD165A, TAMD165A-A, TAMD165C, TAMD165C-A, TAMD165P, TAMD165P-A, TAMD60C, TAMD61A, TAMD62A, TAMD63L-A, TAMD63P-A, TAMD70B, TAMD70C, TAMD70D, TAMD70E, TAMD71A, TAMD71B, TAMD72A, TAMD72P-A, TAMD72WJ-A, TAMD73P-A, TAMD73WJ-A, TAMD74A, TAMD74A-A, TAMD74A-B, TAMD74C-A, TAMD74C-B, TAMD74L-A, TAMD74L-B, TAMD74P-A, TAMD74P-B, TAMD75P-A, TD610G, TD70CHC, TD70CRC, TD710G, THAMD70B, THAMD70C, TMD100A, TMD100ACC, TMD100AK, TMD100C, TMD102A, TMD120A, TMD120AK, TMD120B, TMD121C, TMD122A, TMD70B, TMD70C, TWD610G, TWD610P, TWD710G e TWD710P. Os elementos de filtro de combust\u00edvel de substitui\u00e7\u00e3o Racor s\u00e3o vendidos individualmente ou em caixas de 12 e v\u00eam com vedantes para a tampa e al\u00e7a. A parte superior e inferior do filtro s\u00e3o feitas de pol\u00edmero, garantindo que nunca corroer\u00e3o.<\/p>\n","protected":false},"excerpt":{"rendered":"<p>Racor 2040PM-OR Elemento filtro de combust\u00edvel para Racor 900 (30 Micron) &#8211; Elementos de filtro de combust\u00edvel \/ separadores de<\/p>\n","protected":false},"featured_media":5944885,"comment_status":"closed","ping_status":"closed","template":"","meta":[],"product_brand":[3247],"product_cat":[2084],"product_tag":[],"class_list":{"0":"post-3698308","1":"product","2":"type-product","3":"status-publish","4":"has-post-thumbnail","6":"product_brand-parker-racor-pt","7":"product_cat-filtros-separadaores-de-agua-e-combustivel","9":"first","10":"instock","11":"shipping-taxable","12":"purchasable","13":"product-type-simple"},"_links":{"self":[{"href":"https:\/\/stoic-curie.212-227-153-4.plesk.page\/pt\/wp-json\/wp\/v2\/product\/3698308","targetHints":{"allow":["GET"]}}],"collection":[{"href":"https:\/\/stoic-curie.212-227-153-4.plesk.page\/pt\/wp-json\/wp\/v2\/product"}],"about":[{"href":"https:\/\/stoic-curie.212-227-153-4.plesk.page\/pt\/wp-json\/wp\/v2\/types\/product"}],"replies":[{"embeddable":true,"href":"https:\/\/stoic-curie.212-227-153-4.plesk.page\/pt\/wp-json\/wp\/v2\/comments?post=3698308"}],"version-history":[{"count":0,"href":"https:\/\/stoic-curie.212-227-153-4.plesk.page\/pt\/wp-json\/wp\/v2\/product\/3698308\/revisions"}],"wp:featuredmedia":[{"embeddable":true,"href":"https:\/\/stoic-curie.212-227-153-4.plesk.page\/pt\/wp-json\/wp\/v2\/media\/5944885"}],"wp:attachment":[{"href":"https:\/\/stoic-curie.212-227-153-4.plesk.page\/pt\/wp-json\/wp\/v2\/media?parent=3698308"}],"wp:term":[{"taxonomy":"product_brand","embeddable":true,"href":"https:\/\/stoic-curie.212-227-153-4.plesk.page\/pt\/wp-json\/wp\/v2\/product_brand?post=3698308"},{"taxonomy":"product_cat","embeddable":true,"href":"https:\/\/stoic-curie.212-227-153-4.plesk.page\/pt\/wp-json\/wp\/v2\/product_cat?post=3698308"},{"taxonomy":"product_tag","embeddable":true,"href":"https:\/\/stoic-curie.212-227-153-4.plesk.page\/pt\/wp-json\/wp\/v2\/product_tag?post=3698308"}],"curies":[{"name":"wp","href":"https:\/\/api.w.org\/{rel}","templated":true}]}}