{"id":3698309,"date":"2025-10-13T14:15:51","date_gmt":"2025-10-13T18:15:51","guid":{"rendered":"https:\/\/stoic-curie.212-227-153-4.plesk.page\/product\/racor-2020sm-or-elemento-filtro-de-combustivel-para-racor-1000-2-micron\/"},"modified":"2026-02-25T00:28:10","modified_gmt":"2026-02-25T00:28:10","slug":"racor-2020sm-or-elemento-filtro-de-combustivel-para-racor-1000-2-micron","status":"publish","type":"product","link":"https:\/\/stoic-curie.212-227-153-4.plesk.page\/pt\/product\/racor-2020sm-or-elemento-filtro-de-combustivel-para-racor-1000-2-micron\/","title":{"rendered":"Racor 2020SM-OR Elemento filtro de combust\u00edvel para Racor 1000 (2 Micron)"},"content":{"rendered":"<p>Racor 2020SM-OR Elemento filtro de combust\u00edvel para Racor 1000 (2 Micron) &#8211; Elementos de filtro de combust\u00edvel de substitui\u00e7\u00e3o \/ separadores de \u00e1gua para a s\u00e9rie de filtros de combust\u00edvel de turbina Racor 1000, filtros Volvo Penta 877771, 889280 e 889281. Este elemento de filtro de combust\u00edvel Racor 2020SM-OR tamb\u00e9m \u00e9 adequado para substituir: Baldwin PF7890, CAT 407384 e 4P7384, Hengst 528200060, Volvo 889425 e 3831224. Estes s\u00e3o elementos de filtro de combust\u00edvel Parker Racor 2020SM-OR genu\u00ednos com classifica\u00e7\u00e3o de 2 microns e tratamento repelente de \u00e1gua Aquabloc, garantindo que seu filtro de combust\u00edvel Racor opere com m\u00e1xima efici\u00eancia. A tecnologia Aquabloc remove asfaltenos, \u00e1gua, gomas e vernizes, al\u00e9m de filtrar pequenas part\u00edculas de sujeira e algas para o recipiente de coleta embaixo. Este elemento de filtro Racor 2020SM-OR se adapta aos seguintes motores Volvo Penta: D16C-A MG, D16C-A MH, D16C-B MH, D16C-C MH, D16C-D MH, D49A-MS AUX, D49A-MT AUX, D5A-B TA, D5A-T, D5A-TA, D65A-MS AUX, D65A-MT AUX, D7A-B TA, D7A-T, D7A-TA, TAMD162C-C, TAMD163A-A, TAMD163P-A, TAMD165A-A e TAMD165C-A. Os elementos de filtro de combust\u00edvel de substitui\u00e7\u00e3o Racor s\u00e3o vendidos individualmente ou em caixas de 12, e v\u00eam com selos para a tampa e a al\u00e7a. A parte superior e inferior do filtro s\u00e3o feitas de pol\u00edmero, para que nunca corram o risco de corros\u00e3o.<\/p>\n","protected":false},"excerpt":{"rendered":"<p>Racor 2020SM-OR Elemento filtro de combust\u00edvel para Racor 1000 (2 Micron) &#8211; Elementos de filtro de combust\u00edvel de substitui\u00e7\u00e3o \/<\/p>\n","protected":false},"featured_media":5944890,"comment_status":"closed","ping_status":"closed","template":"","meta":[],"product_brand":[3247],"product_cat":[2084],"product_tag":[],"class_list":{"0":"post-3698309","1":"product","2":"type-product","3":"status-publish","4":"has-post-thumbnail","6":"product_brand-parker-racor-pt","7":"product_cat-filtros-separadaores-de-agua-e-combustivel","9":"first","10":"instock","11":"shipping-taxable","12":"purchasable","13":"product-type-simple"},"_links":{"self":[{"href":"https:\/\/stoic-curie.212-227-153-4.plesk.page\/pt\/wp-json\/wp\/v2\/product\/3698309","targetHints":{"allow":["GET"]}}],"collection":[{"href":"https:\/\/stoic-curie.212-227-153-4.plesk.page\/pt\/wp-json\/wp\/v2\/product"}],"about":[{"href":"https:\/\/stoic-curie.212-227-153-4.plesk.page\/pt\/wp-json\/wp\/v2\/types\/product"}],"replies":[{"embeddable":true,"href":"https:\/\/stoic-curie.212-227-153-4.plesk.page\/pt\/wp-json\/wp\/v2\/comments?post=3698309"}],"version-history":[{"count":0,"href":"https:\/\/stoic-curie.212-227-153-4.plesk.page\/pt\/wp-json\/wp\/v2\/product\/3698309\/revisions"}],"wp:featuredmedia":[{"embeddable":true,"href":"https:\/\/stoic-curie.212-227-153-4.plesk.page\/pt\/wp-json\/wp\/v2\/media\/5944890"}],"wp:attachment":[{"href":"https:\/\/stoic-curie.212-227-153-4.plesk.page\/pt\/wp-json\/wp\/v2\/media?parent=3698309"}],"wp:term":[{"taxonomy":"product_brand","embeddable":true,"href":"https:\/\/stoic-curie.212-227-153-4.plesk.page\/pt\/wp-json\/wp\/v2\/product_brand?post=3698309"},{"taxonomy":"product_cat","embeddable":true,"href":"https:\/\/stoic-curie.212-227-153-4.plesk.page\/pt\/wp-json\/wp\/v2\/product_cat?post=3698309"},{"taxonomy":"product_tag","embeddable":true,"href":"https:\/\/stoic-curie.212-227-153-4.plesk.page\/pt\/wp-json\/wp\/v2\/product_tag?post=3698309"}],"curies":[{"name":"wp","href":"https:\/\/api.w.org\/{rel}","templated":true}]}}