{"id":3698310,"date":"2025-10-13T14:15:51","date_gmt":"2025-10-13T18:15:51","guid":{"rendered":"https:\/\/stoic-curie.212-227-153-4.plesk.page\/product\/racor-2020pm-or-elemento-filtro-de-combustivel-para-racor-1000-30-micron\/"},"modified":"2026-02-25T00:28:10","modified_gmt":"2026-02-25T00:28:10","slug":"racor-2020pm-or-elemento-filtro-de-combustivel-para-racor-1000-30-micron","status":"publish","type":"product","link":"https:\/\/stoic-curie.212-227-153-4.plesk.page\/pt\/product\/racor-2020pm-or-elemento-filtro-de-combustivel-para-racor-1000-30-micron\/","title":{"rendered":"Racor 2020PM-OR Elemento filtro de combust\u00edvel para Racor 1000 (30 Micron)"},"content":{"rendered":"<p>Racor 2020PM-OR Elemento filtro de combust\u00edvel para Racor 1000 (30 Micron) &#8211; <\/p>\n<div class=\"col-24 col-md-15\">\n<p>Elementos substitutos de filtro de combust\u00edvel\/separador de \u00e1gua para a fam\u00edlia de filtros de combust\u00edvel turbina Racor 1000, filtros Volvo Penta 877771, 889280 e 889281.<\/p>\n<p>Este elemento de filtro de combust\u00edvel Racor 2020PM-OR tamb\u00e9m \u00e9 adequado para substituir: Atlas Copco 2914808600, Baldwin PF7890-30, CAT 1346307, FG Wilson 921-088, Hengst 456200000, MTU XP53508300002, Scania 1671502, Separ 20230, Volvo 889422 e 3827278.<\/p>\n<p>Estes s\u00e3o elementos de filtro de combust\u00edvel Parker Racor 2020PM-OR genu\u00ednos com classifica\u00e7\u00e3o de 30 micr\u00f4metros e tratamento repelente de \u00e1gua Aquabloc, garantindo que seu filtro de combust\u00edvel Racor opere com m\u00e1xima efici\u00eancia. A tecnologia Aquabloc remover\u00e1 asfaltenos, \u00e1gua, gomas e vernizes, al\u00e9m de filtrar pequenas part\u00edculas de sujeira e algas na tigela de coleta abaixo.<\/p>\n<p>O Racor 2020PM-OR \u00e9 compat\u00edvel com os seguintes motores Volvo Penta: D16C-A MG, D16C-A MH, D16C-B MH, D16C-C MH, D16C-D MH, D49A-MS AUX, D49A-MT AUX, D5A-B TA, D5A-T, D5A-TA, D65A-MS AUX, D65A-MT AUX, D7A-B TA, D7A-T, D7A-TA, TAMD162C-C, TAMD163A-A e TAMD163P-A.<\/p>\n<p>Elementos substitutos de filtro de combust\u00edvel Racor s\u00e3o vendidos individualmente ou em caixas de 12 e v\u00eam com veda\u00e7\u00f5es para a tampa e a al\u00e7a. A parte superior e inferior do filtro s\u00e3o feitas de pol\u00edmero, para que nunca enferrujem.<\/p>\n<\/div>\n<h3>Especifica\u00e7\u00f5es<\/h3>\n<table class=\"table\">\n<tbody>\n<tr>\n<td><strong>Aplica\u00e7\u00e3o<\/strong><\/td>\n<td>Diesel<\/td>\n<\/tr>\n<tr>\n<td><strong>Altura<\/strong><\/td>\n<td>249mm (9-3\/4\u201d)<\/td>\n<\/tr>\n<tr>\n<td><strong>S\u00e9rie<\/strong><\/td>\n<td>S\u00e9rie 1000<\/td>\n<\/tr>\n<tr>\n<td><strong>Marca<\/strong><\/td>\n<td>Racor<\/td>\n<\/tr>\n<tr>\n<td><strong>Pa\u00eds de origem<\/strong><\/td>\n<td>Reino Unido<\/td>\n<\/tr>\n<tr>\n<td><strong>Elemento<\/strong><\/td>\n<td>30 Micr\u00f4metros<\/td>\n<\/tr>\n<tr>\n<td><strong>Unidade de venda<\/strong><\/td>\n<td>1 Elemento<\/td>\n<\/tr>\n<tr>\n<td><strong>Di\u00e2metro<\/strong><\/td>\n<td>110mm (4-5\/16\u201d)<\/td>\n<\/tr>\n<tr>\n<td><strong>Modelo<\/strong><\/td>\n<td>2020PM-OR<\/td>\n<\/tr>\n<tr>\n<td><strong>Substitui<\/strong><\/td>\n<td>Atlas Copco: 2914808600, Baldwin: PF7890-30, CAT: 1346307, FG Wilson: 921-088, Hengst: 456200000, MTU: XP53508300002, Scania: 1671502, Separ 20230, Volvo: 889422 &#038; 3827278.<\/td>\n<\/tr>\n<tr>\n<td><strong>Descri\u00e7\u00e3o do estilo<\/strong><\/td>\n<td>Elemento de cartucho<\/td>\n<\/tr>\n<tr>\n<td><strong>Adequa\u00e7\u00e3o<\/strong><\/td>\n<td>Fam\u00edlia de filtros de combust\u00edvel Racor 1000 turbina, Volvo Penta 877771, 889280 &#038; 889281 (veja descri\u00e7\u00e3o para motores)<\/td>\n<\/tr>\n<\/tbody>\n<\/table>\n","protected":false},"excerpt":{"rendered":"<p>Racor 2020PM-OR Elemento filtro de combust\u00edvel para Racor 1000 (30 Micron) &#8211; Elementos substitutos de filtro de combust\u00edvel\/separador de \u00e1gua<\/p>\n","protected":false},"featured_media":5944895,"comment_status":"closed","ping_status":"closed","template":"","meta":[],"product_brand":[3247],"product_cat":[2084],"product_tag":[],"class_list":{"0":"post-3698310","1":"product","2":"type-product","3":"status-publish","4":"has-post-thumbnail","6":"product_brand-parker-racor-pt","7":"product_cat-filtros-separadaores-de-agua-e-combustivel","9":"first","10":"instock","11":"shipping-taxable","12":"purchasable","13":"product-type-simple"},"_links":{"self":[{"href":"https:\/\/stoic-curie.212-227-153-4.plesk.page\/pt\/wp-json\/wp\/v2\/product\/3698310","targetHints":{"allow":["GET"]}}],"collection":[{"href":"https:\/\/stoic-curie.212-227-153-4.plesk.page\/pt\/wp-json\/wp\/v2\/product"}],"about":[{"href":"https:\/\/stoic-curie.212-227-153-4.plesk.page\/pt\/wp-json\/wp\/v2\/types\/product"}],"replies":[{"embeddable":true,"href":"https:\/\/stoic-curie.212-227-153-4.plesk.page\/pt\/wp-json\/wp\/v2\/comments?post=3698310"}],"version-history":[{"count":0,"href":"https:\/\/stoic-curie.212-227-153-4.plesk.page\/pt\/wp-json\/wp\/v2\/product\/3698310\/revisions"}],"wp:featuredmedia":[{"embeddable":true,"href":"https:\/\/stoic-curie.212-227-153-4.plesk.page\/pt\/wp-json\/wp\/v2\/media\/5944895"}],"wp:attachment":[{"href":"https:\/\/stoic-curie.212-227-153-4.plesk.page\/pt\/wp-json\/wp\/v2\/media?parent=3698310"}],"wp:term":[{"taxonomy":"product_brand","embeddable":true,"href":"https:\/\/stoic-curie.212-227-153-4.plesk.page\/pt\/wp-json\/wp\/v2\/product_brand?post=3698310"},{"taxonomy":"product_cat","embeddable":true,"href":"https:\/\/stoic-curie.212-227-153-4.plesk.page\/pt\/wp-json\/wp\/v2\/product_cat?post=3698310"},{"taxonomy":"product_tag","embeddable":true,"href":"https:\/\/stoic-curie.212-227-153-4.plesk.page\/pt\/wp-json\/wp\/v2\/product_tag?post=3698310"}],"curies":[{"name":"wp","href":"https:\/\/api.w.org\/{rel}","templated":true}]}}