{"id":3698311,"date":"2025-10-13T14:15:52","date_gmt":"2025-10-13T18:15:52","guid":{"rendered":"https:\/\/stoic-curie.212-227-153-4.plesk.page\/product\/encaixe-do-respirador-de-driveforce-para-borgwarner-71c-72c\/"},"modified":"2026-02-25T00:28:10","modified_gmt":"2026-02-25T00:28:10","slug":"encaixe-do-respirador-de-driveforce-para-borgwarner-71c-72c","status":"publish","type":"product","link":"https:\/\/stoic-curie.212-227-153-4.plesk.page\/pt\/product\/encaixe-do-respirador-de-driveforce-para-borgwarner-71c-72c\/","title":{"rendered":"Encaixe do respirador de DriveForce para Borgwarner 71C &#038; 72C"},"content":{"rendered":"<p>Encaixe do respirador de DriveForce para Borgwarner 71C &#038; 72C &#8211; Este acess\u00f3rio de respiro Drive Force \u00e9 para uso com transmiss\u00f5es Borgwarner 71C e Borgwarner 72C.<\/p>\n","protected":false},"excerpt":{"rendered":"<p>Encaixe do respirador de DriveForce para Borgwarner 71C &#038; 72C &#8211; Este acess\u00f3rio de respiro Drive Force \u00e9 para uso<\/p>\n","protected":false},"featured_media":5944899,"comment_status":"closed","ping_status":"closed","template":"","meta":[],"product_brand":[3227],"product_cat":[3911],"product_tag":[],"class_list":{"0":"post-3698311","1":"product","2":"type-product","3":"status-publish","4":"has-post-thumbnail","6":"product_brand-orbitrade-marine-pt","7":"product_cat-accessories","9":"first","10":"instock","11":"shipping-taxable","12":"purchasable","13":"product-type-simple"},"_links":{"self":[{"href":"https:\/\/stoic-curie.212-227-153-4.plesk.page\/pt\/wp-json\/wp\/v2\/product\/3698311","targetHints":{"allow":["GET"]}}],"collection":[{"href":"https:\/\/stoic-curie.212-227-153-4.plesk.page\/pt\/wp-json\/wp\/v2\/product"}],"about":[{"href":"https:\/\/stoic-curie.212-227-153-4.plesk.page\/pt\/wp-json\/wp\/v2\/types\/product"}],"replies":[{"embeddable":true,"href":"https:\/\/stoic-curie.212-227-153-4.plesk.page\/pt\/wp-json\/wp\/v2\/comments?post=3698311"}],"version-history":[{"count":0,"href":"https:\/\/stoic-curie.212-227-153-4.plesk.page\/pt\/wp-json\/wp\/v2\/product\/3698311\/revisions"}],"wp:featuredmedia":[{"embeddable":true,"href":"https:\/\/stoic-curie.212-227-153-4.plesk.page\/pt\/wp-json\/wp\/v2\/media\/5944899"}],"wp:attachment":[{"href":"https:\/\/stoic-curie.212-227-153-4.plesk.page\/pt\/wp-json\/wp\/v2\/media?parent=3698311"}],"wp:term":[{"taxonomy":"product_brand","embeddable":true,"href":"https:\/\/stoic-curie.212-227-153-4.plesk.page\/pt\/wp-json\/wp\/v2\/product_brand?post=3698311"},{"taxonomy":"product_cat","embeddable":true,"href":"https:\/\/stoic-curie.212-227-153-4.plesk.page\/pt\/wp-json\/wp\/v2\/product_cat?post=3698311"},{"taxonomy":"product_tag","embeddable":true,"href":"https:\/\/stoic-curie.212-227-153-4.plesk.page\/pt\/wp-json\/wp\/v2\/product_tag?post=3698311"}],"curies":[{"name":"wp","href":"https:\/\/api.w.org\/{rel}","templated":true}]}}