{"id":3698312,"date":"2025-10-13T14:15:52","date_gmt":"2025-10-13T18:15:52","guid":{"rendered":"https:\/\/stoic-curie.212-227-153-4.plesk.page\/product\/meia-de-esgoto-de-absorcao-de-oleo-cleenlife-4-litros-76-mm-x-1200-mm\/"},"modified":"2026-02-25T00:28:10","modified_gmt":"2026-02-25T00:28:10","slug":"meia-de-esgoto-de-absorcao-de-oleo-cleenlife-4-litros-76-mm-x-1200-mm","status":"publish","type":"product","link":"https:\/\/stoic-curie.212-227-153-4.plesk.page\/pt\/product\/meia-de-esgoto-de-absorcao-de-oleo-cleenlife-4-litros-76-mm-x-1200-mm\/","title":{"rendered":"Meia de esgoto de absor\u00e7\u00e3o de \u00f3leo CleenLife (4 litros \/ 76 mm x 1200 mm)"},"content":{"rendered":"<p>Meia de esgoto de absor\u00e7\u00e3o de \u00f3leo CleenLife (4 litros \/ 76 mm x 1200 mm) &#8211; A meia de por\u00e3o CleenLife \u00e9 projetada para capturar \u00f3leo, combust\u00edvel e outros hidrocarbonetos. A meia \u00e9 deixada no por\u00e3o e, utilizando uma tecnologia hidrof\u00f3bica avan\u00e7ada, absorve os contaminantes na \u00e1gua. Ela n\u00e3o absorve \u00e1gua, apenas os \u00f3leos e combust\u00edveis que flutuam na superf\u00edcie da \u00e1gua. Isso evita que os contaminantes sejam descartados no mar e ajuda a manter o por\u00e3o limpo.<br \/>\nAs meias de por\u00e3o CleenLife s\u00e3o um produto de preven\u00e7\u00e3o de polui\u00e7\u00e3o acess\u00edvel e podem ser usadas para outras aplica\u00e7\u00f5es, como conten\u00e7\u00e3o de pequenos derramamentos durante o abastecimento ou em oficinas. Elas s\u00e3o r\u00e1pidas e f\u00e1ceis de implantar e descartar uma vez que a meia esteja saturada.<\/p>\n<p>Especifica\u00e7\u00f5es<br \/>\nCapacidade: 4 litros por meia<br \/>\nComprimento: 1200mm<br \/>\nMarca: CleenLife<br \/>\nUnidade de venda: 1 meia<br \/>\nDi\u00e2metro: 76mm<\/p>\n","protected":false},"excerpt":{"rendered":"<p>Meia de esgoto de absor\u00e7\u00e3o de \u00f3leo CleenLife (4 litros \/ 76 mm x 1200 mm) &#8211; A meia de<\/p>\n","protected":false},"featured_media":5944915,"comment_status":"closed","ping_status":"closed","template":"","meta":[],"product_brand":[3237],"product_cat":[1917,1918],"product_tag":[],"class_list":{"0":"post-3698312","1":"product","2":"type-product","3":"status-publish","4":"has-post-thumbnail","6":"product_brand-osculati-pt","7":"product_cat-absorventes-para-oleo-e-combustivel","8":"product_cat-acessorios-para-limpeza","10":"first","11":"instock","12":"shipping-taxable","13":"purchasable","14":"product-type-simple"},"_links":{"self":[{"href":"https:\/\/stoic-curie.212-227-153-4.plesk.page\/pt\/wp-json\/wp\/v2\/product\/3698312","targetHints":{"allow":["GET"]}}],"collection":[{"href":"https:\/\/stoic-curie.212-227-153-4.plesk.page\/pt\/wp-json\/wp\/v2\/product"}],"about":[{"href":"https:\/\/stoic-curie.212-227-153-4.plesk.page\/pt\/wp-json\/wp\/v2\/types\/product"}],"replies":[{"embeddable":true,"href":"https:\/\/stoic-curie.212-227-153-4.plesk.page\/pt\/wp-json\/wp\/v2\/comments?post=3698312"}],"version-history":[{"count":0,"href":"https:\/\/stoic-curie.212-227-153-4.plesk.page\/pt\/wp-json\/wp\/v2\/product\/3698312\/revisions"}],"wp:featuredmedia":[{"embeddable":true,"href":"https:\/\/stoic-curie.212-227-153-4.plesk.page\/pt\/wp-json\/wp\/v2\/media\/5944915"}],"wp:attachment":[{"href":"https:\/\/stoic-curie.212-227-153-4.plesk.page\/pt\/wp-json\/wp\/v2\/media?parent=3698312"}],"wp:term":[{"taxonomy":"product_brand","embeddable":true,"href":"https:\/\/stoic-curie.212-227-153-4.plesk.page\/pt\/wp-json\/wp\/v2\/product_brand?post=3698312"},{"taxonomy":"product_cat","embeddable":true,"href":"https:\/\/stoic-curie.212-227-153-4.plesk.page\/pt\/wp-json\/wp\/v2\/product_cat?post=3698312"},{"taxonomy":"product_tag","embeddable":true,"href":"https:\/\/stoic-curie.212-227-153-4.plesk.page\/pt\/wp-json\/wp\/v2\/product_tag?post=3698312"}],"curies":[{"name":"wp","href":"https:\/\/api.w.org\/{rel}","templated":true}]}}