{"id":3698314,"date":"2025-10-13T14:15:53","date_gmt":"2025-10-13T18:15:53","guid":{"rendered":"https:\/\/stoic-curie.212-227-153-4.plesk.page\/product\/enchimento-de-oleo-e-tampa-de-respirador-para-motores-bmc-leyland\/"},"modified":"2026-02-25T00:28:10","modified_gmt":"2026-02-25T00:28:10","slug":"enchimento-de-oleo-e-tampa-de-respirador-para-motores-bmc-leyland","status":"publish","type":"product","link":"https:\/\/stoic-curie.212-227-153-4.plesk.page\/pt\/product\/enchimento-de-oleo-e-tampa-de-respirador-para-motores-bmc-leyland\/","title":{"rendered":"Enchimento de \u00f3leo e tampa de respirador para motores BMC Leyland"},"content":{"rendered":"<p>Enchimento de \u00f3leo e tampa de respirador para motores BMC Leyland &#8211; <\/p>\n<div class=\"col-24 col-md-15\">\n<p>Tampa de enchimento de \u00f3leo de substitui\u00e7\u00e3o com motor integrado para a tampa de v\u00e1lvula.<\/p>\n<p>Compat\u00edvel com a maioria dos motores do tipo BMC Leyland, incluindo os motores diesel BMC1.5, BMC1.8 e BMC2.52, como o Thornycroft 90, 108 &#038; 154, Newage Captain &#038; Commander e outros.<\/p>\n<p>Tamb\u00e9m \u00e9 compat\u00edvel com a maioria dos motores da s\u00e9rie A e B da Leyland BMC.<\/p>\n<p>A tampa de respirador de \u00f3leo BMC 131069 substitui Leyland 13H2296 e Unipart GFE6003.<\/p>\n<\/div>\n<h3>Especifica\u00e7\u00f5es<\/h3>\n<table class=\"table\">\n<tbody>\n<tr>\n<td><strong>Marca<\/strong><\/td>\n<td>BMC Leyland<\/td>\n<\/tr>\n<tr>\n<td><strong>Substitui<\/strong><\/td>\n<td>Leyland 13H2296 &#038; Unipart GFE6003<\/td>\n<\/tr>\n<tr>\n<td><strong>Conformidade<\/strong><\/td>\n<td>Motores BMC Leyland: BMC 1.5, BMC 1.8 &#038; BMC 2.52, Thornycroft 90, Thornycroft 108 &#038; Thornycroft 154, Newage Captain &#038; Commander, motores da s\u00e9rie A &#038; B Leyland BMC.<\/td>\n<\/tr>\n<\/tbody>\n<\/table>\n","protected":false},"excerpt":{"rendered":"<p>Enchimento de \u00f3leo e tampa de respirador para motores BMC Leyland &#8211; Tampa de enchimento de \u00f3leo de substitui\u00e7\u00e3o com<\/p>\n","protected":false},"featured_media":5944964,"comment_status":"closed","ping_status":"closed","template":"","meta":[],"product_brand":[3227],"product_cat":[3911],"product_tag":[],"class_list":{"0":"post-3698314","1":"product","2":"type-product","3":"status-publish","4":"has-post-thumbnail","6":"product_brand-orbitrade-marine-pt","7":"product_cat-accessories","9":"first","10":"instock","11":"shipping-taxable","12":"purchasable","13":"product-type-simple"},"_links":{"self":[{"href":"https:\/\/stoic-curie.212-227-153-4.plesk.page\/pt\/wp-json\/wp\/v2\/product\/3698314","targetHints":{"allow":["GET"]}}],"collection":[{"href":"https:\/\/stoic-curie.212-227-153-4.plesk.page\/pt\/wp-json\/wp\/v2\/product"}],"about":[{"href":"https:\/\/stoic-curie.212-227-153-4.plesk.page\/pt\/wp-json\/wp\/v2\/types\/product"}],"replies":[{"embeddable":true,"href":"https:\/\/stoic-curie.212-227-153-4.plesk.page\/pt\/wp-json\/wp\/v2\/comments?post=3698314"}],"version-history":[{"count":0,"href":"https:\/\/stoic-curie.212-227-153-4.plesk.page\/pt\/wp-json\/wp\/v2\/product\/3698314\/revisions"}],"wp:featuredmedia":[{"embeddable":true,"href":"https:\/\/stoic-curie.212-227-153-4.plesk.page\/pt\/wp-json\/wp\/v2\/media\/5944964"}],"wp:attachment":[{"href":"https:\/\/stoic-curie.212-227-153-4.plesk.page\/pt\/wp-json\/wp\/v2\/media?parent=3698314"}],"wp:term":[{"taxonomy":"product_brand","embeddable":true,"href":"https:\/\/stoic-curie.212-227-153-4.plesk.page\/pt\/wp-json\/wp\/v2\/product_brand?post=3698314"},{"taxonomy":"product_cat","embeddable":true,"href":"https:\/\/stoic-curie.212-227-153-4.plesk.page\/pt\/wp-json\/wp\/v2\/product_cat?post=3698314"},{"taxonomy":"product_tag","embeddable":true,"href":"https:\/\/stoic-curie.212-227-153-4.plesk.page\/pt\/wp-json\/wp\/v2\/product_tag?post=3698314"}],"curies":[{"name":"wp","href":"https:\/\/api.w.org\/{rel}","templated":true}]}}