{"id":3698315,"date":"2025-10-13T14:15:53","date_gmt":"2025-10-13T18:15:53","guid":{"rendered":"https:\/\/stoic-curie.212-227-153-4.plesk.page\/product\/junta-da-bomba-de-agua-para-motores-bmc-1-8\/"},"modified":"2026-02-25T00:28:10","modified_gmt":"2026-02-25T00:28:10","slug":"junta-da-bomba-de-agua-para-motores-bmc-1-8","status":"publish","type":"product","link":"https:\/\/stoic-curie.212-227-153-4.plesk.page\/pt\/product\/junta-da-bomba-de-agua-para-motores-bmc-1-8\/","title":{"rendered":"Junta da bomba de \u00e1gua para motores BMC 1.8"},"content":{"rendered":"<p>Junta da bomba de \u00e1gua para motores BMC 1.8 &#8211; O gasket da bomba de \u00e1gua JAM2036 para os motores BMC 1.8 da bomba de \u00e1gua. Isso inclui os motores de barco Thornycroft 108. O gasket da bomba de \u00e1gua JAM2036 \u00e9 adequado para a bomba de \u00e1gua: 132090.<\/p>\n<p>Especifica\u00e7\u00f5es:<br \/>\nMarca: BMC Leyland<br \/>\nAdequa\u00e7\u00e3o: Motores BMC 1.8 incluindo Thornycroft 108 \/ Bomba de \u00e1gua: 132090<\/p>\n","protected":false},"excerpt":{"rendered":"<p>Junta da bomba de \u00e1gua para motores BMC 1.8 &#8211; O gasket da bomba de \u00e1gua JAM2036 para os motores<\/p>\n","protected":false},"featured_media":5944968,"comment_status":"closed","ping_status":"closed","template":"","meta":[],"product_brand":[3227],"product_cat":[3911],"product_tag":[],"class_list":{"0":"post-3698315","1":"product","2":"type-product","3":"status-publish","4":"has-post-thumbnail","6":"product_brand-orbitrade-marine-pt","7":"product_cat-accessories","9":"first","10":"instock","11":"shipping-taxable","12":"purchasable","13":"product-type-simple"},"_links":{"self":[{"href":"https:\/\/stoic-curie.212-227-153-4.plesk.page\/pt\/wp-json\/wp\/v2\/product\/3698315","targetHints":{"allow":["GET"]}}],"collection":[{"href":"https:\/\/stoic-curie.212-227-153-4.plesk.page\/pt\/wp-json\/wp\/v2\/product"}],"about":[{"href":"https:\/\/stoic-curie.212-227-153-4.plesk.page\/pt\/wp-json\/wp\/v2\/types\/product"}],"replies":[{"embeddable":true,"href":"https:\/\/stoic-curie.212-227-153-4.plesk.page\/pt\/wp-json\/wp\/v2\/comments?post=3698315"}],"version-history":[{"count":0,"href":"https:\/\/stoic-curie.212-227-153-4.plesk.page\/pt\/wp-json\/wp\/v2\/product\/3698315\/revisions"}],"wp:featuredmedia":[{"embeddable":true,"href":"https:\/\/stoic-curie.212-227-153-4.plesk.page\/pt\/wp-json\/wp\/v2\/media\/5944968"}],"wp:attachment":[{"href":"https:\/\/stoic-curie.212-227-153-4.plesk.page\/pt\/wp-json\/wp\/v2\/media?parent=3698315"}],"wp:term":[{"taxonomy":"product_brand","embeddable":true,"href":"https:\/\/stoic-curie.212-227-153-4.plesk.page\/pt\/wp-json\/wp\/v2\/product_brand?post=3698315"},{"taxonomy":"product_cat","embeddable":true,"href":"https:\/\/stoic-curie.212-227-153-4.plesk.page\/pt\/wp-json\/wp\/v2\/product_cat?post=3698315"},{"taxonomy":"product_tag","embeddable":true,"href":"https:\/\/stoic-curie.212-227-153-4.plesk.page\/pt\/wp-json\/wp\/v2\/product_tag?post=3698315"}],"curies":[{"name":"wp","href":"https:\/\/api.w.org\/{rel}","templated":true}]}}