{"id":3698316,"date":"2025-10-13T14:15:53","date_gmt":"2025-10-13T18:15:53","guid":{"rendered":"https:\/\/stoic-curie.212-227-153-4.plesk.page\/product\/selo-rocker-cover-bolt-para-bmc-1-5-1-8-2-52-thornycroft-90-108-154\/"},"modified":"2026-02-25T00:28:10","modified_gmt":"2026-02-25T00:28:10","slug":"selo-rocker-cover-bolt-para-bmc-1-5-1-8-2-52-thornycroft-90-108-154","status":"publish","type":"product","link":"https:\/\/stoic-curie.212-227-153-4.plesk.page\/pt\/product\/selo-rocker-cover-bolt-para-bmc-1-5-1-8-2-52-thornycroft-90-108-154\/","title":{"rendered":"Selo rocker cover bolt para BMC 1.5, 1.8, 2.52, Thornycroft 90, 108 154"},"content":{"rendered":"<p>Selo rocker cover bolt para BMC 1.5, 1.8, 2.52, Thornycroft 90, 108 154 &#8211; A junta 12A1358 \u00e9 a junta para o parafuso de reten\u00e7\u00e3o da tampa de v\u00e1lvulas do motor. A junta do parafuso da tampa de v\u00e1lvulas 12A1358 se adapta aos motores BMC 1.5 e BMC 1.8, como os motores Thornycroft 90, Thornycroft 108 e Tempest Newage 1.5 Captain. Tamb\u00e9m pode ser usada para substituir a junta do parafuso 6K515 instalada nos motores baseados em BMC 2.52, como o Thornycroft 154. Vendida individualmente, voc\u00ea precisar\u00e1 de duas (2) juntas do parafuso da tampa de v\u00e1lvulas 12A1358 por motor.<\/p>\n","protected":false},"excerpt":{"rendered":"<p>Selo rocker cover bolt para BMC 1.5, 1.8, 2.52, Thornycroft 90, 108 154 &#8211; A junta 12A1358 \u00e9 a junta<\/p>\n","protected":false},"featured_media":5944969,"comment_status":"closed","ping_status":"closed","template":"","meta":[],"product_brand":[3227],"product_cat":[3911],"product_tag":[],"class_list":{"0":"post-3698316","1":"product","2":"type-product","3":"status-publish","4":"has-post-thumbnail","6":"product_brand-orbitrade-marine-pt","7":"product_cat-accessories","9":"first","10":"instock","11":"shipping-taxable","12":"purchasable","13":"product-type-simple"},"_links":{"self":[{"href":"https:\/\/stoic-curie.212-227-153-4.plesk.page\/pt\/wp-json\/wp\/v2\/product\/3698316","targetHints":{"allow":["GET"]}}],"collection":[{"href":"https:\/\/stoic-curie.212-227-153-4.plesk.page\/pt\/wp-json\/wp\/v2\/product"}],"about":[{"href":"https:\/\/stoic-curie.212-227-153-4.plesk.page\/pt\/wp-json\/wp\/v2\/types\/product"}],"replies":[{"embeddable":true,"href":"https:\/\/stoic-curie.212-227-153-4.plesk.page\/pt\/wp-json\/wp\/v2\/comments?post=3698316"}],"version-history":[{"count":0,"href":"https:\/\/stoic-curie.212-227-153-4.plesk.page\/pt\/wp-json\/wp\/v2\/product\/3698316\/revisions"}],"wp:featuredmedia":[{"embeddable":true,"href":"https:\/\/stoic-curie.212-227-153-4.plesk.page\/pt\/wp-json\/wp\/v2\/media\/5944969"}],"wp:attachment":[{"href":"https:\/\/stoic-curie.212-227-153-4.plesk.page\/pt\/wp-json\/wp\/v2\/media?parent=3698316"}],"wp:term":[{"taxonomy":"product_brand","embeddable":true,"href":"https:\/\/stoic-curie.212-227-153-4.plesk.page\/pt\/wp-json\/wp\/v2\/product_brand?post=3698316"},{"taxonomy":"product_cat","embeddable":true,"href":"https:\/\/stoic-curie.212-227-153-4.plesk.page\/pt\/wp-json\/wp\/v2\/product_cat?post=3698316"},{"taxonomy":"product_tag","embeddable":true,"href":"https:\/\/stoic-curie.212-227-153-4.plesk.page\/pt\/wp-json\/wp\/v2\/product_tag?post=3698316"}],"curies":[{"name":"wp","href":"https:\/\/api.w.org\/{rel}","templated":true}]}}