{"id":3698319,"date":"2025-10-13T14:15:53","date_gmt":"2025-10-13T18:15:53","guid":{"rendered":"https:\/\/stoic-curie.212-227-153-4.plesk.page\/product\/juntato-de-gas-orbitrade-16513-para-volvo-penta-exhaust-manifolds-251a-aq171\/"},"modified":"2026-02-25T00:28:10","modified_gmt":"2026-02-25T00:28:10","slug":"juntato-de-gas-orbitrade-16513-para-volvo-penta-exhaust-manifolds-251a-aq171","status":"publish","type":"product","link":"https:\/\/stoic-curie.212-227-153-4.plesk.page\/pt\/product\/juntato-de-gas-orbitrade-16513-para-volvo-penta-exhaust-manifolds-251a-aq171\/","title":{"rendered":"Juntato de g\u00e1s Orbitrade 16513 para Volvo Penta Exhaust Manifolds 251A &#038; AQ171"},"content":{"rendered":"<p>Juntato de g\u00e1s Orbitrade 16513 para Volvo Penta Exhaust Manifolds 251A &#038; AQ171 &#8211; A junta do coletor de escape Orbitrade Marine 16513 \u00e9 projetada para substituir o n\u00famero da pe\u00e7a Volvo 855513. A junta \u00e9 adequada para os seguintes modelos de motores Volvo Penta: 251A, AQ171A e AQ171C.<\/p>\n","protected":false},"excerpt":{"rendered":"<p>Juntato de g\u00e1s Orbitrade 16513 para Volvo Penta Exhaust Manifolds 251A &#038; AQ171 &#8211; A junta do coletor de escape<\/p>\n","protected":false},"featured_media":5944972,"comment_status":"closed","ping_status":"closed","template":"","meta":[],"product_brand":[3227],"product_cat":[2116],"product_tag":[],"class_list":{"0":"post-3698319","1":"product","2":"type-product","3":"status-publish","4":"has-post-thumbnail","6":"product_brand-orbitrade-marine-pt","7":"product_cat-pecas-para-motores-volvo-penta","9":"first","10":"instock","11":"shipping-taxable","12":"purchasable","13":"product-type-simple"},"_links":{"self":[{"href":"https:\/\/stoic-curie.212-227-153-4.plesk.page\/pt\/wp-json\/wp\/v2\/product\/3698319","targetHints":{"allow":["GET"]}}],"collection":[{"href":"https:\/\/stoic-curie.212-227-153-4.plesk.page\/pt\/wp-json\/wp\/v2\/product"}],"about":[{"href":"https:\/\/stoic-curie.212-227-153-4.plesk.page\/pt\/wp-json\/wp\/v2\/types\/product"}],"replies":[{"embeddable":true,"href":"https:\/\/stoic-curie.212-227-153-4.plesk.page\/pt\/wp-json\/wp\/v2\/comments?post=3698319"}],"version-history":[{"count":0,"href":"https:\/\/stoic-curie.212-227-153-4.plesk.page\/pt\/wp-json\/wp\/v2\/product\/3698319\/revisions"}],"wp:featuredmedia":[{"embeddable":true,"href":"https:\/\/stoic-curie.212-227-153-4.plesk.page\/pt\/wp-json\/wp\/v2\/media\/5944972"}],"wp:attachment":[{"href":"https:\/\/stoic-curie.212-227-153-4.plesk.page\/pt\/wp-json\/wp\/v2\/media?parent=3698319"}],"wp:term":[{"taxonomy":"product_brand","embeddable":true,"href":"https:\/\/stoic-curie.212-227-153-4.plesk.page\/pt\/wp-json\/wp\/v2\/product_brand?post=3698319"},{"taxonomy":"product_cat","embeddable":true,"href":"https:\/\/stoic-curie.212-227-153-4.plesk.page\/pt\/wp-json\/wp\/v2\/product_cat?post=3698319"},{"taxonomy":"product_tag","embeddable":true,"href":"https:\/\/stoic-curie.212-227-153-4.plesk.page\/pt\/wp-json\/wp\/v2\/product_tag?post=3698319"}],"curies":[{"name":"wp","href":"https:\/\/api.w.org\/{rel}","templated":true}]}}