{"id":3698320,"date":"2025-10-13T14:15:54","date_gmt":"2025-10-13T18:15:54","guid":{"rendered":"https:\/\/stoic-curie.212-227-153-4.plesk.page\/product\/orbitrade-18705-pontos-de-disjuntor-de-contato-para-motores-volvo-penta\/"},"modified":"2026-02-25T00:28:10","modified_gmt":"2026-02-25T00:28:10","slug":"orbitrade-18705-pontos-de-disjuntor-de-contato-para-motores-volvo-penta","status":"publish","type":"product","link":"https:\/\/stoic-curie.212-227-153-4.plesk.page\/pt\/product\/orbitrade-18705-pontos-de-disjuntor-de-contato-para-motores-volvo-penta\/","title":{"rendered":"Orbitrade 18705 Pontos de disjuntor de contato para motores Volvo Penta"},"content":{"rendered":"<p>Orbitrade 18705 Pontos de disjuntor de contato para motores Volvo Penta &#8211; <\/p>\n<div class=\"col-24 col-md-15\">\n<p>O interruptor de contato da bobina de igni\u00e7\u00e3o Orbitrade Marine \u00e9 projetado para substituir os n\u00fameros de pe\u00e7a Volvo 835705, 855846 e 841287. Este interruptor \u00e9 utilizado no sistema de igni\u00e7\u00e3o dos seguintes modelos de motores Volvo Penta:<\/p>\n<p>AQ175A, AQ190A, AQ200D, AQ200F, AQ211A, AQ225D, AQ225E, AQ225F, AQ231A, AQ231B, AQ240A, AQ255B, AQ260A, AQ260B, AQ280A, AQ290A, BB225A, BB225AV, BB225B, BB225C, BB231A, BB260A, BB260AV, BB260B, BB260C, BB261A.<\/p>\n<\/div>\n<h3>Especifica\u00e7\u00f5es<\/h3>\n<table class=\"table\">\n<tbody>\n<tr>\n<td><strong>Marca<\/strong><\/td>\n<td>Orbitrade Marine<\/td>\n<\/tr>\n<tr>\n<td><strong>Substitui<\/strong><\/td>\n<td>Volvo 835705, 855846 e 841287<\/td>\n<\/tr>\n<tr>\n<td><strong>Adequado para<\/strong><\/td>\n<td>Volvo Penta: AQ175A, AQ190A, AQ200D, AQ200F, AQ211A, AQ225D, AQ225E, AQ225F, AQ231A, AQ231B, AQ240A, AQ255B, AQ260A, AQ260B, AQ280A, AQ290A, BB225A, BB225AV, BB225B, BB225C, BB231A, BB260A, BB260AV, BB260B, BB260C, BB261A<\/td>\n<\/tr>\n<\/tbody>\n<\/table>\n","protected":false},"excerpt":{"rendered":"<p>Orbitrade 18705 Pontos de disjuntor de contato para motores Volvo Penta &#8211; O interruptor de contato da bobina de igni\u00e7\u00e3o<\/p>\n","protected":false},"featured_media":5944973,"comment_status":"closed","ping_status":"closed","template":"","meta":[],"product_brand":[3227],"product_cat":[2116],"product_tag":[],"class_list":{"0":"post-3698320","1":"product","2":"type-product","3":"status-publish","4":"has-post-thumbnail","6":"product_brand-orbitrade-marine-pt","7":"product_cat-pecas-para-motores-volvo-penta","9":"first","10":"instock","11":"shipping-taxable","12":"purchasable","13":"product-type-simple"},"_links":{"self":[{"href":"https:\/\/stoic-curie.212-227-153-4.plesk.page\/pt\/wp-json\/wp\/v2\/product\/3698320","targetHints":{"allow":["GET"]}}],"collection":[{"href":"https:\/\/stoic-curie.212-227-153-4.plesk.page\/pt\/wp-json\/wp\/v2\/product"}],"about":[{"href":"https:\/\/stoic-curie.212-227-153-4.plesk.page\/pt\/wp-json\/wp\/v2\/types\/product"}],"replies":[{"embeddable":true,"href":"https:\/\/stoic-curie.212-227-153-4.plesk.page\/pt\/wp-json\/wp\/v2\/comments?post=3698320"}],"version-history":[{"count":0,"href":"https:\/\/stoic-curie.212-227-153-4.plesk.page\/pt\/wp-json\/wp\/v2\/product\/3698320\/revisions"}],"wp:featuredmedia":[{"embeddable":true,"href":"https:\/\/stoic-curie.212-227-153-4.plesk.page\/pt\/wp-json\/wp\/v2\/media\/5944973"}],"wp:attachment":[{"href":"https:\/\/stoic-curie.212-227-153-4.plesk.page\/pt\/wp-json\/wp\/v2\/media?parent=3698320"}],"wp:term":[{"taxonomy":"product_brand","embeddable":true,"href":"https:\/\/stoic-curie.212-227-153-4.plesk.page\/pt\/wp-json\/wp\/v2\/product_brand?post=3698320"},{"taxonomy":"product_cat","embeddable":true,"href":"https:\/\/stoic-curie.212-227-153-4.plesk.page\/pt\/wp-json\/wp\/v2\/product_cat?post=3698320"},{"taxonomy":"product_tag","embeddable":true,"href":"https:\/\/stoic-curie.212-227-153-4.plesk.page\/pt\/wp-json\/wp\/v2\/product_tag?post=3698320"}],"curies":[{"name":"wp","href":"https:\/\/api.w.org\/{rel}","templated":true}]}}