{"id":3698321,"date":"2025-10-13T14:15:54","date_gmt":"2025-10-13T18:15:54","guid":{"rendered":"https:\/\/stoic-curie.212-227-153-4.plesk.page\/product\/orbitrade-19598-dogbone-zinc-anode-para-motores-volvo-penta\/"},"modified":"2026-02-25T00:28:10","modified_gmt":"2026-02-25T00:28:10","slug":"orbitrade-19598-dogbone-zinc-anode-para-motores-volvo-penta","status":"publish","type":"product","link":"https:\/\/stoic-curie.212-227-153-4.plesk.page\/pt\/product\/orbitrade-19598-dogbone-zinc-anode-para-motores-volvo-penta\/","title":{"rendered":"Orbitrade 19598 Dogbone Zinc Anode para Motores Volvo Penta"},"content":{"rendered":"<p>Orbitrade 19598 Dogbone Zinc Anode para Motores Volvo Penta &#8211; <\/p>\n<div class=\"col-24 col-md-15\">\n<p>A \u00e2node de zinco em forma de osso de cachorro Orbitrade 19598 se adapta \u00e0s unidades de transmiss\u00e3o Volvo Penta 280 e substitui a \u00e2node de zinco da Volvo Penta com o n\u00famero de pe\u00e7a 832598. A \u00e2node de zinco n\u00e3o \u00e9 adequada para os modelos 270T ou 280T, mas \u00e9 adequada para os seguintes modelos de motor Volvo:<\/p>\n<p>250, 270, 275, 280, 280DP, 280PT, 285 e SP-A\/MT<\/p>\n<\/div>\n<h3>Especifica\u00e7\u00f5es<\/h3>\n<table class=\"table\">\n<tbody>\n<tr>\n<td><strong>Comprimento<\/strong><\/td>\n<td>188mm, Dist\u00e2ncia entre os furos de fixa\u00e7\u00e3o: 145mm<\/td>\n<\/tr>\n<tr>\n<td><strong>Largura<\/strong><\/td>\n<td>35mm<\/td>\n<\/tr>\n<tr>\n<td><strong>Marca<\/strong><\/td>\n<td>Orbitrade Marine<\/td>\n<\/tr>\n<tr>\n<td><strong>Constru\u00e7\u00e3o<\/strong><\/td>\n<td>Zinco<\/td>\n<\/tr>\n<tr>\n<td><strong>Substitui<\/strong><\/td>\n<td>\u00c2node de Zinco Volvo 832598<\/td>\n<\/tr>\n<tr>\n<td><strong>Descri\u00e7\u00e3o do Estilo<\/strong><\/td>\n<td>\u00c2node em forma de osso de cachorro<\/td>\n<\/tr>\n<tr>\n<td><strong>Compatibilidade<\/strong><\/td>\n<td>Volvo Penta 250, 270, 275, 280, 280DP, 280PT, 285 &#038; SP-A\/MT<\/td>\n<\/tr>\n<tr>\n<td><strong>Profundidade<\/strong><\/td>\n<td>23mm<\/td>\n<\/tr>\n<\/tbody>\n<\/table>\n","protected":false},"excerpt":{"rendered":"<p>Orbitrade 19598 Dogbone Zinc Anode para Motores Volvo Penta &#8211; A \u00e2node de zinco em forma de osso de cachorro<\/p>\n","protected":false},"featured_media":5944974,"comment_status":"closed","ping_status":"closed","template":"","meta":[],"product_brand":[3227],"product_cat":[2116],"product_tag":[],"class_list":{"0":"post-3698321","1":"product","2":"type-product","3":"status-publish","4":"has-post-thumbnail","6":"product_brand-orbitrade-marine-pt","7":"product_cat-pecas-para-motores-volvo-penta","9":"first","10":"instock","11":"shipping-taxable","12":"purchasable","13":"product-type-simple"},"_links":{"self":[{"href":"https:\/\/stoic-curie.212-227-153-4.plesk.page\/pt\/wp-json\/wp\/v2\/product\/3698321","targetHints":{"allow":["GET"]}}],"collection":[{"href":"https:\/\/stoic-curie.212-227-153-4.plesk.page\/pt\/wp-json\/wp\/v2\/product"}],"about":[{"href":"https:\/\/stoic-curie.212-227-153-4.plesk.page\/pt\/wp-json\/wp\/v2\/types\/product"}],"replies":[{"embeddable":true,"href":"https:\/\/stoic-curie.212-227-153-4.plesk.page\/pt\/wp-json\/wp\/v2\/comments?post=3698321"}],"version-history":[{"count":0,"href":"https:\/\/stoic-curie.212-227-153-4.plesk.page\/pt\/wp-json\/wp\/v2\/product\/3698321\/revisions"}],"wp:featuredmedia":[{"embeddable":true,"href":"https:\/\/stoic-curie.212-227-153-4.plesk.page\/pt\/wp-json\/wp\/v2\/media\/5944974"}],"wp:attachment":[{"href":"https:\/\/stoic-curie.212-227-153-4.plesk.page\/pt\/wp-json\/wp\/v2\/media?parent=3698321"}],"wp:term":[{"taxonomy":"product_brand","embeddable":true,"href":"https:\/\/stoic-curie.212-227-153-4.plesk.page\/pt\/wp-json\/wp\/v2\/product_brand?post=3698321"},{"taxonomy":"product_cat","embeddable":true,"href":"https:\/\/stoic-curie.212-227-153-4.plesk.page\/pt\/wp-json\/wp\/v2\/product_cat?post=3698321"},{"taxonomy":"product_tag","embeddable":true,"href":"https:\/\/stoic-curie.212-227-153-4.plesk.page\/pt\/wp-json\/wp\/v2\/product_tag?post=3698321"}],"curies":[{"name":"wp","href":"https:\/\/api.w.org\/{rel}","templated":true}]}}