{"id":3698322,"date":"2025-10-13T14:15:54","date_gmt":"2025-10-13T18:15:54","guid":{"rendered":"https:\/\/stoic-curie.212-227-153-4.plesk.page\/product\/orbitrade-19815-zinc-propeller-shaft-anode-para-volvo-penta-sterndrives\/"},"modified":"2026-02-25T00:28:10","modified_gmt":"2026-02-25T00:28:10","slug":"orbitrade-19815-zinc-propeller-shaft-anode-para-volvo-penta-sterndrives","status":"publish","type":"product","link":"https:\/\/stoic-curie.212-227-153-4.plesk.page\/pt\/product\/orbitrade-19815-zinc-propeller-shaft-anode-para-volvo-penta-sterndrives\/","title":{"rendered":"Orbitrade 19815 Zinc Propeller Shaft Anode para Volvo Penta Sterndrives"},"content":{"rendered":"<p>Orbitrade 19815 Zinc Propeller Shaft Anode para Volvo Penta Sterndrives &#8211; <\/p>\n<div class=\"col-24 col-md-15\">\n<p>O \u00e2nodo de zinco da Orbitrade Marine foi projetado para substituir o n\u00famero da pe\u00e7a Volvo 875815. O \u00e2nodo do motor \u00e9 fornecido completo com parafusos. Este \u00e2nodo em anel \u00e9 adequado para instala\u00e7\u00e3o sobre o eixo de transmiss\u00e3o, proporcionando prote\u00e7\u00e3o contra corros\u00e3o eletrol\u00edtica. \u00c9 adequado para os seguintes modelos de sterndrive Volvo Penta:<\/p>\n<p>280, 280L, 280T, 280PT, 285A, 290, 290A, SP-A, SP-A\/MT, SPA1, SP-A2, SP-C, SP-C1.<\/p>\n<\/div>\n<h3>Especifica\u00e7\u00f5es<\/h3>\n<table class=\"table\">\n<tbody>\n<tr>\n<td><strong>Marca<\/strong><\/td>\n<td>Orbitrade Marine<\/td>\n<\/tr>\n<tr>\n<td><strong>Constru\u00e7\u00e3o<\/strong><\/td>\n<td>Zinco<\/td>\n<\/tr>\n<tr>\n<td><strong>Substitui<\/strong><\/td>\n<td>Volvo 875815<\/td>\n<\/tr>\n<tr>\n<td><strong>Descri\u00e7\u00e3o do estilo<\/strong><\/td>\n<td>\u00c2nodo do eixo da h\u00e9lice<\/td>\n<\/tr>\n<tr>\n<td><strong>Compatibilidade<\/strong><\/td>\n<td>Volvo Penta 280, 280L, 280T, 280PT, 285A, 290, 290A, SP-A, SP-A\/MT, SPA1, SP-A2, SP-C &#038; SP-C1<\/td>\n<\/tr>\n<\/tbody>\n<\/table>\n","protected":false},"excerpt":{"rendered":"<p>Orbitrade 19815 Zinc Propeller Shaft Anode para Volvo Penta Sterndrives &#8211; O \u00e2nodo de zinco da Orbitrade Marine foi projetado<\/p>\n","protected":false},"featured_media":5944975,"comment_status":"closed","ping_status":"closed","template":"","meta":[],"product_brand":[3227],"product_cat":[2116],"product_tag":[],"class_list":{"0":"post-3698322","1":"product","2":"type-product","3":"status-publish","4":"has-post-thumbnail","6":"product_brand-orbitrade-marine-pt","7":"product_cat-pecas-para-motores-volvo-penta","9":"first","10":"instock","11":"shipping-taxable","12":"purchasable","13":"product-type-simple"},"_links":{"self":[{"href":"https:\/\/stoic-curie.212-227-153-4.plesk.page\/pt\/wp-json\/wp\/v2\/product\/3698322","targetHints":{"allow":["GET"]}}],"collection":[{"href":"https:\/\/stoic-curie.212-227-153-4.plesk.page\/pt\/wp-json\/wp\/v2\/product"}],"about":[{"href":"https:\/\/stoic-curie.212-227-153-4.plesk.page\/pt\/wp-json\/wp\/v2\/types\/product"}],"replies":[{"embeddable":true,"href":"https:\/\/stoic-curie.212-227-153-4.plesk.page\/pt\/wp-json\/wp\/v2\/comments?post=3698322"}],"version-history":[{"count":0,"href":"https:\/\/stoic-curie.212-227-153-4.plesk.page\/pt\/wp-json\/wp\/v2\/product\/3698322\/revisions"}],"wp:featuredmedia":[{"embeddable":true,"href":"https:\/\/stoic-curie.212-227-153-4.plesk.page\/pt\/wp-json\/wp\/v2\/media\/5944975"}],"wp:attachment":[{"href":"https:\/\/stoic-curie.212-227-153-4.plesk.page\/pt\/wp-json\/wp\/v2\/media?parent=3698322"}],"wp:term":[{"taxonomy":"product_brand","embeddable":true,"href":"https:\/\/stoic-curie.212-227-153-4.plesk.page\/pt\/wp-json\/wp\/v2\/product_brand?post=3698322"},{"taxonomy":"product_cat","embeddable":true,"href":"https:\/\/stoic-curie.212-227-153-4.plesk.page\/pt\/wp-json\/wp\/v2\/product_cat?post=3698322"},{"taxonomy":"product_tag","embeddable":true,"href":"https:\/\/stoic-curie.212-227-153-4.plesk.page\/pt\/wp-json\/wp\/v2\/product_tag?post=3698322"}],"curies":[{"name":"wp","href":"https:\/\/api.w.org\/{rel}","templated":true}]}}