{"id":3698323,"date":"2025-10-13T14:15:54","date_gmt":"2025-10-13T18:15:54","guid":{"rendered":"https:\/\/stoic-curie.212-227-153-4.plesk.page\/product\/mangueira-de-combustivel-seaflow-superflex-iso-7840-a1-25mm\/"},"modified":"2026-02-25T00:28:10","modified_gmt":"2026-02-25T00:28:10","slug":"mangueira-de-combustivel-seaflow-superflex-iso-7840-a1-25mm","status":"publish","type":"product","link":"https:\/\/stoic-curie.212-227-153-4.plesk.page\/pt\/product\/mangueira-de-combustivel-seaflow-superflex-iso-7840-a1-25mm\/","title":{"rendered":"Mangueira de combust\u00edvel SeaFlow Superflex ISO 7840 A1 25mm"},"content":{"rendered":"<p>Mangueira de combust\u00edvel SeaFlow Superflex ISO 7840 A1 25mm &#8211; <\/p>\n<div class=\"col-24 col-md-15\">\n<p>A mangueira de transfer\u00eancia de combust\u00edvel marinha Seaflow Superflex \u00e9 adequada para diesel e combust\u00edvel sem chumbo. Esta mangueira de combust\u00edvel pode ser utilizada em linhas de fornecimento e retorno de combust\u00edvel, ventila\u00e7\u00e3o de tanques de combust\u00edvel e enchimento de tanques de combust\u00edvel, bem como em outras aplica\u00e7\u00f5es que se encontram em \u00e1reas com risco de inc\u00eandio. Esta mangueira \u00e9 fabricada especificamente para atender aos requisitos da norma ISO 7840 A1, o que significa que \u00e9 resistente ao fogo por pelo menos 2 minutos.<\/p>\n<p>Esta mangueira de combust\u00edvel Seaflow apresenta uma cobertura de borracha sint\u00e9tica preta, refor\u00e7ada com t\u00eaxtil e fio de a\u00e7o, que resiste a chamas, abras\u00e3o, oz\u00f4nio, intemp\u00e9ries, calor e \u00f3leo. O tubo interno \u00e9 liso e \u00e9 constru\u00eddo com borracha preta NBR, que ret\u00e9m at\u00e9 50% dos odores de combust\u00edvel. Esta mangueira de combust\u00edvel tamb\u00e9m \u00e9 extremamente flex\u00edvel e leve, permitindo uma instala\u00e7\u00e3o f\u00e1cil.<\/p>\n<p>A mangueira de combust\u00edvel Seaflow Superflex est\u00e1 dispon\u00edvel com di\u00e2metros internos de 25 mm, 32 mm, 38 mm e 51 mm, e \u00e9 vendida por metro. \u00c9 cortada de um rolo de 20 metros, ent\u00e3o pedidos superiores a essa quantia n\u00e3o ser\u00e3o fornecidos como um \u00fanico comprimento de mangueira. Bobinas completas tamb\u00e9m est\u00e3o dispon\u00edveis para compra.<\/p>\n<\/div>\n<h3>Especifica\u00e7\u00f5es<\/h3>\n<table class=\"table\">\n<tbody>\n<tr>\n<td><strong>Aprova\u00e7\u00f5es<\/strong><\/td>\n<td>Aprovado segundo ISO7840 A1. Aprovado pela CE, RINA e Lloyd&#8217;s.<\/td>\n<\/tr>\n<tr>\n<td><strong>Faixa de Temperatura<\/strong><\/td>\n<td>-20 \u00b0C a +100 \u00b0C<\/td>\n<\/tr>\n<tr>\n<td><strong>Press\u00e3o de Trabalho<\/strong><\/td>\n<td>36 PSI (2,5 bar)<\/td>\n<\/tr>\n<tr>\n<td><strong>Marca<\/strong><\/td>\n<td>Seaflow<\/td>\n<\/tr>\n<tr>\n<td><strong>Unidade de Venda<\/strong><\/td>\n<td>Por Metro<\/td>\n<\/tr>\n<tr>\n<td><strong>Raio de Curvatura<\/strong><\/td>\n<td>125 mm<\/td>\n<\/tr>\n<tr>\n<td><strong>Press\u00e3o de Ruptura<\/strong><\/td>\n<td>145 psi (10 bar)<\/td>\n<\/tr>\n<tr>\n<td><strong>Constru\u00e7\u00e3o<\/strong><\/td>\n<td>Cobertura de borracha sint\u00e9tica resistente a chamas com tubo interno de borracha preta NBR. O tubo \u00e9 refor\u00e7ado com fio de a\u00e7o e fio sint\u00e9tico.<\/td>\n<\/tr>\n<tr>\n<td><strong>Di\u00e2metro<\/strong><\/td>\n<td>25 mm (1&#8243;) ID, 37 mm OD<\/td>\n<\/tr>\n<tr>\n<td><strong>V\u00e1cuo<\/strong><\/td>\n<td>5 psi (0,35 bar)<\/td>\n<\/tr>\n<\/tbody>\n<\/table>\n","protected":false},"excerpt":{"rendered":"<p>Mangueira de combust\u00edvel SeaFlow Superflex ISO 7840 A1 25mm &#8211; A mangueira de transfer\u00eancia de combust\u00edvel marinha Seaflow Superflex \u00e9<\/p>\n","protected":false},"featured_media":5944978,"comment_status":"closed","ping_status":"closed","template":"","meta":[],"product_brand":[3357],"product_cat":[2086],"product_tag":[],"class_list":{"0":"post-3698323","1":"product","2":"type-product","3":"status-publish","4":"has-post-thumbnail","6":"product_brand-seaflow-pt","7":"product_cat-mangueira-de-combustivel","9":"first","10":"instock","11":"shipping-taxable","12":"purchasable","13":"product-type-simple"},"_links":{"self":[{"href":"https:\/\/stoic-curie.212-227-153-4.plesk.page\/pt\/wp-json\/wp\/v2\/product\/3698323","targetHints":{"allow":["GET"]}}],"collection":[{"href":"https:\/\/stoic-curie.212-227-153-4.plesk.page\/pt\/wp-json\/wp\/v2\/product"}],"about":[{"href":"https:\/\/stoic-curie.212-227-153-4.plesk.page\/pt\/wp-json\/wp\/v2\/types\/product"}],"replies":[{"embeddable":true,"href":"https:\/\/stoic-curie.212-227-153-4.plesk.page\/pt\/wp-json\/wp\/v2\/comments?post=3698323"}],"version-history":[{"count":0,"href":"https:\/\/stoic-curie.212-227-153-4.plesk.page\/pt\/wp-json\/wp\/v2\/product\/3698323\/revisions"}],"wp:featuredmedia":[{"embeddable":true,"href":"https:\/\/stoic-curie.212-227-153-4.plesk.page\/pt\/wp-json\/wp\/v2\/media\/5944978"}],"wp:attachment":[{"href":"https:\/\/stoic-curie.212-227-153-4.plesk.page\/pt\/wp-json\/wp\/v2\/media?parent=3698323"}],"wp:term":[{"taxonomy":"product_brand","embeddable":true,"href":"https:\/\/stoic-curie.212-227-153-4.plesk.page\/pt\/wp-json\/wp\/v2\/product_brand?post=3698323"},{"taxonomy":"product_cat","embeddable":true,"href":"https:\/\/stoic-curie.212-227-153-4.plesk.page\/pt\/wp-json\/wp\/v2\/product_cat?post=3698323"},{"taxonomy":"product_tag","embeddable":true,"href":"https:\/\/stoic-curie.212-227-153-4.plesk.page\/pt\/wp-json\/wp\/v2\/product_tag?post=3698323"}],"curies":[{"name":"wp","href":"https:\/\/api.w.org\/{rel}","templated":true}]}}