{"id":3698325,"date":"2025-10-13T14:15:55","date_gmt":"2025-10-13T18:15:55","guid":{"rendered":"https:\/\/stoic-curie.212-227-153-4.plesk.page\/product\/saida-do-tanque-de-aco-inoxidavel-roca-mangueira-de-16mm-reta\/"},"modified":"2026-02-25T00:28:10","modified_gmt":"2026-02-25T00:28:10","slug":"saida-do-tanque-de-aco-inoxidavel-roca-mangueira-de-16mm-reta","status":"publish","type":"product","link":"https:\/\/stoic-curie.212-227-153-4.plesk.page\/pt\/product\/saida-do-tanque-de-aco-inoxidavel-roca-mangueira-de-16mm-reta\/","title":{"rendered":"Sa\u00edda do tanque de a\u00e7o inoxid\u00e1vel Roca (mangueira de 16mm \/ reta)"},"content":{"rendered":"<p>Sa\u00edda do tanque de a\u00e7o inoxid\u00e1vel Roca (mangueira de 16mm \/ reta) &#8211; O ventil reto do tanque Roca, constru\u00eddo em a\u00e7o inoxid\u00e1vel 316, possui uma malha resistente ao fogo intercambi\u00e1vel e um protetor contra respingos ajust\u00e1vel. Este ventil do tanque Roca \u00e9 montado na superf\u00edcie e tem espa\u00e7o para duas bra\u00e7adeiras de mangueira.<\/p>\n","protected":false},"excerpt":{"rendered":"<p>Sa\u00edda do tanque de a\u00e7o inoxid\u00e1vel Roca (mangueira de 16mm \/ reta) &#8211; O ventil reto do tanque Roca, constru\u00eddo<\/p>\n","protected":false},"featured_media":5944979,"comment_status":"closed","ping_status":"closed","template":"","meta":[],"product_brand":[3317],"product_cat":[1986,2087],"product_tag":[],"class_list":{"0":"post-3698325","1":"product","2":"type-product","3":"status-publish","4":"has-post-thumbnail","6":"product_brand-roca-marine-pt","7":"product_cat-respiradores","8":"product_cat-tanques-de-combustivel","10":"first","11":"instock","12":"shipping-taxable","13":"purchasable","14":"product-type-simple"},"_links":{"self":[{"href":"https:\/\/stoic-curie.212-227-153-4.plesk.page\/pt\/wp-json\/wp\/v2\/product\/3698325","targetHints":{"allow":["GET"]}}],"collection":[{"href":"https:\/\/stoic-curie.212-227-153-4.plesk.page\/pt\/wp-json\/wp\/v2\/product"}],"about":[{"href":"https:\/\/stoic-curie.212-227-153-4.plesk.page\/pt\/wp-json\/wp\/v2\/types\/product"}],"replies":[{"embeddable":true,"href":"https:\/\/stoic-curie.212-227-153-4.plesk.page\/pt\/wp-json\/wp\/v2\/comments?post=3698325"}],"version-history":[{"count":0,"href":"https:\/\/stoic-curie.212-227-153-4.plesk.page\/pt\/wp-json\/wp\/v2\/product\/3698325\/revisions"}],"wp:featuredmedia":[{"embeddable":true,"href":"https:\/\/stoic-curie.212-227-153-4.plesk.page\/pt\/wp-json\/wp\/v2\/media\/5944979"}],"wp:attachment":[{"href":"https:\/\/stoic-curie.212-227-153-4.plesk.page\/pt\/wp-json\/wp\/v2\/media?parent=3698325"}],"wp:term":[{"taxonomy":"product_brand","embeddable":true,"href":"https:\/\/stoic-curie.212-227-153-4.plesk.page\/pt\/wp-json\/wp\/v2\/product_brand?post=3698325"},{"taxonomy":"product_cat","embeddable":true,"href":"https:\/\/stoic-curie.212-227-153-4.plesk.page\/pt\/wp-json\/wp\/v2\/product_cat?post=3698325"},{"taxonomy":"product_tag","embeddable":true,"href":"https:\/\/stoic-curie.212-227-153-4.plesk.page\/pt\/wp-json\/wp\/v2\/product_tag?post=3698325"}],"curies":[{"name":"wp","href":"https:\/\/api.w.org\/{rel}","templated":true}]}}