{"id":3698326,"date":"2025-10-13T14:15:55","date_gmt":"2025-10-13T18:15:55","guid":{"rendered":"https:\/\/stoic-curie.212-227-153-4.plesk.page\/product\/ventilador-de-ar-com-venezianas-de-aco-inoxidavel-4dek-127-mm-x-115-mm\/"},"modified":"2026-02-25T00:28:10","modified_gmt":"2026-02-25T00:28:10","slug":"ventilador-de-ar-com-venezianas-de-aco-inoxidavel-4dek-127-mm-x-115-mm","status":"publish","type":"product","link":"https:\/\/stoic-curie.212-227-153-4.plesk.page\/pt\/product\/ventilador-de-ar-com-venezianas-de-aco-inoxidavel-4dek-127-mm-x-115-mm\/","title":{"rendered":"Ventilador de ar com venezianas de a\u00e7o inoxid\u00e1vel 4Dek (127 mm x 115 mm)"},"content":{"rendered":"<p>Ventilador de ar com venezianas de a\u00e7o inoxid\u00e1vel 4Dek (127 mm x 115 mm) &#8211; Um ventil de ar em a\u00e7o inoxid\u00e1vel da nossa pr\u00f3pria linha de equipamentos marinhos 4Dek. Este ventil com l\u00e2minas, que possui 127 mm de largura e 115 mm de altura, tem seis (6) l\u00e2minas que permitem um fluxo constante de ar para dentro e para fora do ventil. Isso torna o ventil de a\u00e7o inoxid\u00e1vel ideal para ventilar arm\u00e1rios, portas, bulkheads e outras \u00e1reas semelhantes de barcos.<\/p>\n","protected":false},"excerpt":{"rendered":"<p>Ventilador de ar com venezianas de a\u00e7o inoxid\u00e1vel 4Dek (127 mm x 115 mm) &#8211; Um ventil de ar em<\/p>\n","protected":false},"featured_media":5944982,"comment_status":"closed","ping_status":"closed","template":"","meta":[],"product_brand":[3237],"product_cat":[1978,1986],"product_tag":[],"class_list":{"0":"post-3698326","1":"product","2":"type-product","3":"status-publish","4":"has-post-thumbnail","6":"product_brand-osculati-pt","7":"product_cat-grelhas-de-ventilacao","8":"product_cat-respiradores","10":"first","11":"instock","12":"shipping-taxable","13":"purchasable","14":"product-type-simple"},"_links":{"self":[{"href":"https:\/\/stoic-curie.212-227-153-4.plesk.page\/pt\/wp-json\/wp\/v2\/product\/3698326","targetHints":{"allow":["GET"]}}],"collection":[{"href":"https:\/\/stoic-curie.212-227-153-4.plesk.page\/pt\/wp-json\/wp\/v2\/product"}],"about":[{"href":"https:\/\/stoic-curie.212-227-153-4.plesk.page\/pt\/wp-json\/wp\/v2\/types\/product"}],"replies":[{"embeddable":true,"href":"https:\/\/stoic-curie.212-227-153-4.plesk.page\/pt\/wp-json\/wp\/v2\/comments?post=3698326"}],"version-history":[{"count":0,"href":"https:\/\/stoic-curie.212-227-153-4.plesk.page\/pt\/wp-json\/wp\/v2\/product\/3698326\/revisions"}],"wp:featuredmedia":[{"embeddable":true,"href":"https:\/\/stoic-curie.212-227-153-4.plesk.page\/pt\/wp-json\/wp\/v2\/media\/5944982"}],"wp:attachment":[{"href":"https:\/\/stoic-curie.212-227-153-4.plesk.page\/pt\/wp-json\/wp\/v2\/media?parent=3698326"}],"wp:term":[{"taxonomy":"product_brand","embeddable":true,"href":"https:\/\/stoic-curie.212-227-153-4.plesk.page\/pt\/wp-json\/wp\/v2\/product_brand?post=3698326"},{"taxonomy":"product_cat","embeddable":true,"href":"https:\/\/stoic-curie.212-227-153-4.plesk.page\/pt\/wp-json\/wp\/v2\/product_cat?post=3698326"},{"taxonomy":"product_tag","embeddable":true,"href":"https:\/\/stoic-curie.212-227-153-4.plesk.page\/pt\/wp-json\/wp\/v2\/product_tag?post=3698326"}],"curies":[{"name":"wp","href":"https:\/\/api.w.org\/{rel}","templated":true}]}}