{"id":3698328,"date":"2025-10-13T14:15:55","date_gmt":"2025-10-13T18:15:55","guid":{"rendered":"https:\/\/stoic-curie.212-227-153-4.plesk.page\/product\/maestrini-brass-compacto-cotovelo-de-45-graus-portas-femininas-1-2-bsp\/"},"modified":"2026-02-25T00:28:10","modified_gmt":"2026-02-25T00:28:10","slug":"maestrini-brass-compacto-cotovelo-de-45-graus-portas-femininas-1-2-bsp","status":"publish","type":"product","link":"https:\/\/stoic-curie.212-227-153-4.plesk.page\/pt\/product\/maestrini-brass-compacto-cotovelo-de-45-graus-portas-femininas-1-2-bsp\/","title":{"rendered":"Maestrini Brass Compacto cotovelo de 45 graus (portas femininas \/ 1\/2&#8243; BSP)"},"content":{"rendered":"<p>Maestrini Brass Compacto cotovelo de 45 graus (portas femininas \/ 1\/2&#8243; BSP) &#8211; <\/p>\n<div class=\"col-24 col-md-15\">\n<p>Curva de conex\u00e3o de tubo Maestrini feita de lat\u00e3o. Uma curva de 45\u00b0 \u00e9 usada para conectar duas pe\u00e7as de tubo de tamanho igual em um leve \u00e2ngulo.<\/p>\n<p><style id=\"1\" name=\"Bold\" type=\"2\"><![CDATA[Por favor, observe:]]><\/style>\n<p> Todas as conex\u00f5es usadas para aplica\u00e7\u00f5es atrav\u00e9s do casco devem estar corretamente ligadas eletricamente para garantir prote\u00e7\u00e3o contra corros\u00e3o eletrol\u00edtica. O lat\u00e3o \u00e9 suscet\u00edvel \u00e0 desincifica\u00e7\u00e3o e n\u00e3o \u00e9 recomendado para aplica\u00e7\u00f5es abaixo da linha de \u00e1gua.<\/p>\n<\/div>\n<h3>Especifica\u00e7\u00f5es<\/h3>\n<table class=\"table\">\n<tbody>\n<tr>\n<td><strong>Comprimento<\/strong><\/td>\n<td>Comprimento nominal at\u00e9 o centro do furo: 22 mm<\/td>\n<\/tr>\n<tr>\n<td><strong>Marca<\/strong><\/td>\n<td>Maestrini<\/td>\n<\/tr>\n<tr>\n<td><strong>Conex\u00e3o<\/strong><\/td>\n<td>Curva<\/td>\n<\/tr>\n<tr>\n<td><strong>G\u00eanero da Rosca<\/strong><\/td>\n<td>Feminino<\/td>\n<\/tr>\n<tr>\n<td><strong>Pa\u00eds de Origem<\/strong><\/td>\n<td>It\u00e1lia<\/td>\n<\/tr>\n<tr>\n<td><strong>\u00c2ngulo<\/strong><\/td>\n<td>45 graus<\/td>\n<\/tr>\n<tr>\n<td><strong>Constru\u00e7\u00e3o<\/strong><\/td>\n<td>Lat\u00e3o<\/td>\n<\/tr>\n<tr>\n<td><strong>Avalia\u00e7\u00e3o de Press\u00e3o<\/strong><\/td>\n<td>580 PSI (40 Bar)<\/td>\n<\/tr>\n<tr>\n<td><strong>Tamanho da Rosca<\/strong><\/td>\n<td>1\/2&#8243; BSP feminino<\/td>\n<\/tr>\n<\/tbody>\n<\/table>\n","protected":false},"excerpt":{"rendered":"<p>Maestrini Brass Compacto cotovelo de 45 graus (portas femininas \/ 1\/2&#8243; BSP) &#8211; Curva de conex\u00e3o de tubo Maestrini feita<\/p>\n","protected":false},"featured_media":5944990,"comment_status":"closed","ping_status":"closed","template":"","meta":[],"product_brand":[3237],"product_cat":[1960],"product_tag":[],"class_list":{"0":"post-3698328","1":"product","2":"type-product","3":"status-publish","4":"has-post-thumbnail","6":"product_brand-osculati-pt","7":"product_cat-acessorios-de-canalizacao-em-latao","9":"first","10":"instock","11":"shipping-taxable","12":"purchasable","13":"product-type-simple"},"_links":{"self":[{"href":"https:\/\/stoic-curie.212-227-153-4.plesk.page\/pt\/wp-json\/wp\/v2\/product\/3698328","targetHints":{"allow":["GET"]}}],"collection":[{"href":"https:\/\/stoic-curie.212-227-153-4.plesk.page\/pt\/wp-json\/wp\/v2\/product"}],"about":[{"href":"https:\/\/stoic-curie.212-227-153-4.plesk.page\/pt\/wp-json\/wp\/v2\/types\/product"}],"replies":[{"embeddable":true,"href":"https:\/\/stoic-curie.212-227-153-4.plesk.page\/pt\/wp-json\/wp\/v2\/comments?post=3698328"}],"version-history":[{"count":0,"href":"https:\/\/stoic-curie.212-227-153-4.plesk.page\/pt\/wp-json\/wp\/v2\/product\/3698328\/revisions"}],"wp:featuredmedia":[{"embeddable":true,"href":"https:\/\/stoic-curie.212-227-153-4.plesk.page\/pt\/wp-json\/wp\/v2\/media\/5944990"}],"wp:attachment":[{"href":"https:\/\/stoic-curie.212-227-153-4.plesk.page\/pt\/wp-json\/wp\/v2\/media?parent=3698328"}],"wp:term":[{"taxonomy":"product_brand","embeddable":true,"href":"https:\/\/stoic-curie.212-227-153-4.plesk.page\/pt\/wp-json\/wp\/v2\/product_brand?post=3698328"},{"taxonomy":"product_cat","embeddable":true,"href":"https:\/\/stoic-curie.212-227-153-4.plesk.page\/pt\/wp-json\/wp\/v2\/product_cat?post=3698328"},{"taxonomy":"product_tag","embeddable":true,"href":"https:\/\/stoic-curie.212-227-153-4.plesk.page\/pt\/wp-json\/wp\/v2\/product_tag?post=3698328"}],"curies":[{"name":"wp","href":"https:\/\/api.w.org\/{rel}","templated":true}]}}