{"id":3698329,"date":"2025-10-13T14:15:55","date_gmt":"2025-10-13T18:15:55","guid":{"rendered":"https:\/\/stoic-curie.212-227-153-4.plesk.page\/product\/adaptador-de-mangueira-escalonado-vetus-ha3060-60mm-30mm\/"},"modified":"2026-02-25T00:28:10","modified_gmt":"2026-02-25T00:28:10","slug":"adaptador-de-mangueira-escalonado-vetus-ha3060-60mm-30mm","status":"publish","type":"product","link":"https:\/\/stoic-curie.212-227-153-4.plesk.page\/pt\/product\/adaptador-de-mangueira-escalonado-vetus-ha3060-60mm-30mm\/","title":{"rendered":"Adaptador de mangueira escalonado Vetus HA3060 (60mm &#8211; 30mm)"},"content":{"rendered":"<p>Adaptador de mangueira escalonado Vetus HA3060 (60mm &#8211; 30mm) &#8211; <\/p>\n<div class=\"col-24 col-md-15\">\n<p>O conector de mangueira em degraus Vetus \u00e9 feito de material sint\u00e9tico. O adaptador de mangueira HA3060 possui degraus para tamanhos de di\u00e2metro interno da mangueira: 30\/32mm, 38\/40mm, 45mm, 50mm e 57\/60mm. O conector de mangueira pode ser cortado para o tamanho necess\u00e1rio.<\/p>\n<\/div>\n<h3>Especifica\u00e7\u00f5es<\/h3>\n<table class=\"table\">\n<tbody>\n<tr>\n<td><strong>Comprimento<\/strong><\/td>\n<td>206,5mm<\/td>\n<\/tr>\n<tr>\n<td><strong>Marca<\/strong><\/td>\n<td>Vetus<\/td>\n<\/tr>\n<tr>\n<td><strong>Tipo<\/strong><\/td>\n<td>Conector de mangueira<\/td>\n<\/tr>\n<tr>\n<td><strong>Tamanho do conector de mangueira<\/strong><\/td>\n<td>30mm \/ 1-3\/16&#8243;|32mm \/ 1-1\/4&#8243;|38mm \/ 1-1\/2&#8243;|40mm \/ 1-9\/16&#8243;|45mm \/ 1-3\/4&#8243;|50mm \/ 2&#8243;|57mm \/ 2-1\/4&#8243;|60mm \/ 2-3\/8&#8243;<\/td>\n<\/tr>\n<tr>\n<td><strong>\u00c2ngulo<\/strong><\/td>\n<td>Reto<\/td>\n<\/tr>\n<tr>\n<td><strong>Constru\u00e7\u00e3o<\/strong><\/td>\n<td>Pl\u00e1stico<\/td>\n<\/tr>\n<\/tbody>\n<\/table>\n","protected":false},"excerpt":{"rendered":"<p>Adaptador de mangueira escalonado Vetus HA3060 (60mm &#8211; 30mm) &#8211; O conector de mangueira em degraus Vetus \u00e9 feito de<\/p>\n","protected":false},"featured_media":5944991,"comment_status":"closed","ping_status":"closed","template":"","meta":[],"product_brand":[3522],"product_cat":[1948,2081],"product_tag":[],"class_list":{"0":"post-3698329","1":"product","2":"type-product","3":"status-publish","4":"has-post-thumbnail","6":"product_brand-vetus-pt","7":"product_cat-acessorios-para-canalizacao-de-plastico","8":"product_cat-silenciadores-de-escape","10":"first","11":"instock","12":"shipping-taxable","13":"purchasable","14":"product-type-simple"},"_links":{"self":[{"href":"https:\/\/stoic-curie.212-227-153-4.plesk.page\/pt\/wp-json\/wp\/v2\/product\/3698329","targetHints":{"allow":["GET"]}}],"collection":[{"href":"https:\/\/stoic-curie.212-227-153-4.plesk.page\/pt\/wp-json\/wp\/v2\/product"}],"about":[{"href":"https:\/\/stoic-curie.212-227-153-4.plesk.page\/pt\/wp-json\/wp\/v2\/types\/product"}],"replies":[{"embeddable":true,"href":"https:\/\/stoic-curie.212-227-153-4.plesk.page\/pt\/wp-json\/wp\/v2\/comments?post=3698329"}],"version-history":[{"count":0,"href":"https:\/\/stoic-curie.212-227-153-4.plesk.page\/pt\/wp-json\/wp\/v2\/product\/3698329\/revisions"}],"wp:featuredmedia":[{"embeddable":true,"href":"https:\/\/stoic-curie.212-227-153-4.plesk.page\/pt\/wp-json\/wp\/v2\/media\/5944991"}],"wp:attachment":[{"href":"https:\/\/stoic-curie.212-227-153-4.plesk.page\/pt\/wp-json\/wp\/v2\/media?parent=3698329"}],"wp:term":[{"taxonomy":"product_brand","embeddable":true,"href":"https:\/\/stoic-curie.212-227-153-4.plesk.page\/pt\/wp-json\/wp\/v2\/product_brand?post=3698329"},{"taxonomy":"product_cat","embeddable":true,"href":"https:\/\/stoic-curie.212-227-153-4.plesk.page\/pt\/wp-json\/wp\/v2\/product_cat?post=3698329"},{"taxonomy":"product_tag","embeddable":true,"href":"https:\/\/stoic-curie.212-227-153-4.plesk.page\/pt\/wp-json\/wp\/v2\/product_tag?post=3698329"}],"curies":[{"name":"wp","href":"https:\/\/api.w.org\/{rel}","templated":true}]}}