{"id":3698330,"date":"2025-10-13T14:15:56","date_gmt":"2025-10-13T18:15:56","guid":{"rendered":"https:\/\/stoic-curie.212-227-153-4.plesk.page\/product\/racor-lid-bowl-seal-para-filtros-de-combustivel-racor-900-e-1000-serie\/"},"modified":"2026-02-25T00:28:10","modified_gmt":"2026-02-25T00:28:10","slug":"racor-lid-bowl-seal-para-filtros-de-combustivel-racor-900-e-1000-serie","status":"publish","type":"product","link":"https:\/\/stoic-curie.212-227-153-4.plesk.page\/pt\/product\/racor-lid-bowl-seal-para-filtros-de-combustivel-racor-900-e-1000-serie\/","title":{"rendered":"Racor Lid &#038; Bowl Seal para Filtros de Combust\u00edvel racor 900 e 1000 s\u00e9rie"},"content":{"rendered":"<p>Racor Lid &#038; Bowl Seal para Filtros de Combust\u00edvel racor 900 e 1000 s\u00e9rie &#8211; Junta de tampa e tigela Racor 11007 para os seguintes filtros de combust\u00edvel Racor da s\u00e9rie de turbinas marinhas Racor:<\/p>\n<p>&#8211; Racor 900FH<br \/>\n&#8211; Racor 900MA<br \/>\n&#8211; Racor 903MA<br \/>\n&#8211; Racor 1000FH<br \/>\n&#8211; Racor 1000MA<br \/>\n&#8211; Racor 1003MA<\/p>\n<p>Esta \u00e9 uma junta de tampa \/ junta de tigela cortada em quadrado da Parker Racor.<\/p>\n","protected":false},"excerpt":{"rendered":"<p>Racor Lid &#038; Bowl Seal para Filtros de Combust\u00edvel racor 900 e 1000 s\u00e9rie &#8211; Junta de tampa e tigela<\/p>\n","protected":false},"featured_media":5944993,"comment_status":"closed","ping_status":"closed","template":"","meta":[],"product_brand":[3247],"product_cat":[2084],"product_tag":[],"class_list":{"0":"post-3698330","1":"product","2":"type-product","3":"status-publish","4":"has-post-thumbnail","6":"product_brand-parker-racor-pt","7":"product_cat-filtros-separadaores-de-agua-e-combustivel","9":"first","10":"instock","11":"shipping-taxable","12":"purchasable","13":"product-type-simple"},"_links":{"self":[{"href":"https:\/\/stoic-curie.212-227-153-4.plesk.page\/pt\/wp-json\/wp\/v2\/product\/3698330","targetHints":{"allow":["GET"]}}],"collection":[{"href":"https:\/\/stoic-curie.212-227-153-4.plesk.page\/pt\/wp-json\/wp\/v2\/product"}],"about":[{"href":"https:\/\/stoic-curie.212-227-153-4.plesk.page\/pt\/wp-json\/wp\/v2\/types\/product"}],"replies":[{"embeddable":true,"href":"https:\/\/stoic-curie.212-227-153-4.plesk.page\/pt\/wp-json\/wp\/v2\/comments?post=3698330"}],"version-history":[{"count":0,"href":"https:\/\/stoic-curie.212-227-153-4.plesk.page\/pt\/wp-json\/wp\/v2\/product\/3698330\/revisions"}],"wp:featuredmedia":[{"embeddable":true,"href":"https:\/\/stoic-curie.212-227-153-4.plesk.page\/pt\/wp-json\/wp\/v2\/media\/5944993"}],"wp:attachment":[{"href":"https:\/\/stoic-curie.212-227-153-4.plesk.page\/pt\/wp-json\/wp\/v2\/media?parent=3698330"}],"wp:term":[{"taxonomy":"product_brand","embeddable":true,"href":"https:\/\/stoic-curie.212-227-153-4.plesk.page\/pt\/wp-json\/wp\/v2\/product_brand?post=3698330"},{"taxonomy":"product_cat","embeddable":true,"href":"https:\/\/stoic-curie.212-227-153-4.plesk.page\/pt\/wp-json\/wp\/v2\/product_cat?post=3698330"},{"taxonomy":"product_tag","embeddable":true,"href":"https:\/\/stoic-curie.212-227-153-4.plesk.page\/pt\/wp-json\/wp\/v2\/product_tag?post=3698330"}],"curies":[{"name":"wp","href":"https:\/\/api.w.org\/{rel}","templated":true}]}}