{"id":3698331,"date":"2025-10-13T14:15:56","date_gmt":"2025-10-13T18:15:56","guid":{"rendered":"https:\/\/stoic-curie.212-227-153-4.plesk.page\/product\/racor-drain-plug-para-racor-100-200-400-series-metal-bowl\/"},"modified":"2026-02-25T00:28:10","modified_gmt":"2026-02-25T00:28:10","slug":"racor-drain-plug-para-racor-100-200-400-series-metal-bowl","status":"publish","type":"product","link":"https:\/\/stoic-curie.212-227-153-4.plesk.page\/pt\/product\/racor-drain-plug-para-racor-100-200-400-series-metal-bowl\/","title":{"rendered":"Racor Drain Plug para Racor 100, 200, 400 Series (Metal Bowl)"},"content":{"rendered":"<p>Racor Drain Plug para Racor 100, 200, 400 Series (Metal Bowl) &#8211; Tampa de drenagem de substitui\u00e7\u00e3o Parker Racor para os recipientes met\u00e1licos do filtro de combust\u00edvel da s\u00e9rie 200 e alguns da s\u00e9rie 100 e 400. Tamb\u00e9m pode ser utilizada como um tamp\u00e3o met\u00e1lico para o porto de sonda nos filtros de turbina Racor 500, 900 e 1000MA. <\/p>\n<p>Compat\u00edvel com Racor 110A, 120RMAM, 130R, 215R, 220R, 225R, 230R, 245R, 445MAM, 460MAM, 490MAM, 500MA, 900MA e 1000MA. <\/p>\n<h3>Especifica\u00e7\u00f5es<\/h3>\n<table class=\"table\">\n<tbody>\n<tr>\n<td><strong>S\u00e9rie<\/strong><\/td>\n<td>S\u00e9ries 100, 200, 400, 500, 900 &#038; 1000<\/td>\n<\/tr>\n<tr>\n<td><strong>Marca<\/strong><\/td>\n<td>Racor<\/td>\n<\/tr>\n<tr>\n<td><strong>Compatibilidade<\/strong><\/td>\n<td>Tigelas met\u00e1licas das s\u00e9ries Racor 100, 200, 400 e portas de sonda das turbinas 500, 900 e 1000MA. Veja a descri\u00e7\u00e3o para a lista completa.<\/td>\n<\/tr>\n<\/tbody>\n<\/table>\n","protected":false},"excerpt":{"rendered":"<p>Racor Drain Plug para Racor 100, 200, 400 Series (Metal Bowl) &#8211; Tampa de drenagem de substitui\u00e7\u00e3o Parker Racor para<\/p>\n","protected":false},"featured_media":5944994,"comment_status":"closed","ping_status":"closed","template":"","meta":[],"product_brand":[3247],"product_cat":[2084],"product_tag":[],"class_list":{"0":"post-3698331","1":"product","2":"type-product","3":"status-publish","4":"has-post-thumbnail","6":"product_brand-parker-racor-pt","7":"product_cat-filtros-separadaores-de-agua-e-combustivel","9":"first","10":"instock","11":"shipping-taxable","12":"purchasable","13":"product-type-simple"},"_links":{"self":[{"href":"https:\/\/stoic-curie.212-227-153-4.plesk.page\/pt\/wp-json\/wp\/v2\/product\/3698331","targetHints":{"allow":["GET"]}}],"collection":[{"href":"https:\/\/stoic-curie.212-227-153-4.plesk.page\/pt\/wp-json\/wp\/v2\/product"}],"about":[{"href":"https:\/\/stoic-curie.212-227-153-4.plesk.page\/pt\/wp-json\/wp\/v2\/types\/product"}],"replies":[{"embeddable":true,"href":"https:\/\/stoic-curie.212-227-153-4.plesk.page\/pt\/wp-json\/wp\/v2\/comments?post=3698331"}],"version-history":[{"count":0,"href":"https:\/\/stoic-curie.212-227-153-4.plesk.page\/pt\/wp-json\/wp\/v2\/product\/3698331\/revisions"}],"wp:featuredmedia":[{"embeddable":true,"href":"https:\/\/stoic-curie.212-227-153-4.plesk.page\/pt\/wp-json\/wp\/v2\/media\/5944994"}],"wp:attachment":[{"href":"https:\/\/stoic-curie.212-227-153-4.plesk.page\/pt\/wp-json\/wp\/v2\/media?parent=3698331"}],"wp:term":[{"taxonomy":"product_brand","embeddable":true,"href":"https:\/\/stoic-curie.212-227-153-4.plesk.page\/pt\/wp-json\/wp\/v2\/product_brand?post=3698331"},{"taxonomy":"product_cat","embeddable":true,"href":"https:\/\/stoic-curie.212-227-153-4.plesk.page\/pt\/wp-json\/wp\/v2\/product_cat?post=3698331"},{"taxonomy":"product_tag","embeddable":true,"href":"https:\/\/stoic-curie.212-227-153-4.plesk.page\/pt\/wp-json\/wp\/v2\/product_tag?post=3698331"}],"curies":[{"name":"wp","href":"https:\/\/api.w.org\/{rel}","templated":true}]}}