{"id":3698332,"date":"2025-10-13T14:15:56","date_gmt":"2025-10-13T18:15:56","guid":{"rendered":"https:\/\/stoic-curie.212-227-153-4.plesk.page\/product\/clamp-aid-yellow-1-2-wide-pack-of-20\/"},"modified":"2026-02-25T00:28:10","modified_gmt":"2026-02-25T00:28:10","slug":"clamp-aid-yellow-1-2-wide-pack-of-20","status":"publish","type":"product","link":"https:\/\/stoic-curie.212-227-153-4.plesk.page\/pt\/product\/clamp-aid-yellow-1-2-wide-pack-of-20\/","title":{"rendered":"Clamp Aid Yellow (1\/2&#8243; Wide \/ Pack of 20)"},"content":{"rendered":"<p>Clamp Aid Yellow (1\/2&#8243; Wide \/ Pack of 20) &#8211; <\/p>\n<div class=\"col-24 col-md-15\">\n<p>O Clamp-Aid foi projetado principalmente para oferecer prote\u00e7\u00e3o adicional enquanto trabalha na sala de m\u00e1quinas. Ele desliza facilmente sobre a extremidade afiada do clipe da bra\u00e7adeira da mangueira, protegendo voc\u00ea de cortes. Essas capas de Clamp Aid t\u00eam 1\/2&#8243; de largura e tamb\u00e9m conferem um aspecto profissional. Dispon\u00edveis em uma gama de cores, as linhas de fluido podem ser codificadas por cor para f\u00e1cil identifica\u00e7\u00e3o e seguran\u00e7a, tornando-as ideais para uso em quase qualquer aplica\u00e7\u00e3o onde clipes de mangueira s\u00e3o utilizados.<\/p>\n<p>Clamp Aids podem ser cortadas com tesouras para faixas mais curtas. Elas s\u00e3o feitas de pl\u00e1stico de alta tecnologia que pode suportar temperaturas de at\u00e9 130\u00b0C (266\u00b0F); compartimentos de motor marinhos e automotivos raramente excedem 88\u00b0C (190\u00b0F).<\/p>\n<p>Clamp-Aid &#8211; o acess\u00f3rio &#8220;indispens\u00e1vel&#8221; para qualquer clipe de mangueira respeit\u00e1vel!<\/p>\n<p>Cor: Amarelo. Vendido em pacote com 20.<\/p>\n<p>Nota: O clipe da mangueira \u00e9 apenas para fins ilustrativos. N\u00e3o fornecido.<\/p>\n<\/div>\n<h3>Especifica\u00e7\u00f5es<\/h3>\n<table class=\"table\">\n<tbody>\n<tr>\n<td><strong>Aplica\u00e7\u00e3o<\/strong><\/td>\n<td>Linhas de Diesel<\/td>\n<\/tr>\n<tr>\n<td><strong>Largura<\/strong><\/td>\n<td>1\/2&#8243; (13mm)<\/td>\n<\/tr>\n<tr>\n<td><strong>Marca<\/strong><\/td>\n<td>Clamp-Aid<\/td>\n<\/tr>\n<tr>\n<td><strong>Cor<\/strong><\/td>\n<td>Amarelo<\/td>\n<\/tr>\n<tr>\n<td><strong>Unidade de Venda<\/strong><\/td>\n<td>Pacote de 20<\/td>\n<\/tr>\n<tr>\n<td><strong>Adequa\u00e7\u00e3o<\/strong><\/td>\n<td>Clips Jubilee padr\u00e3o<\/td>\n<\/tr>\n<\/tbody>\n<\/table>\n","protected":false},"excerpt":{"rendered":"<p>Clamp Aid Yellow (1\/2&#8243; Wide \/ Pack of 20) &#8211; O Clamp-Aid foi projetado principalmente para oferecer prote\u00e7\u00e3o adicional enquanto<\/p>\n","protected":false},"featured_media":5944996,"comment_status":"closed","ping_status":"closed","template":"","meta":[],"product_brand":[3237],"product_cat":[1961],"product_tag":[],"class_list":{"0":"post-3698332","1":"product","2":"type-product","3":"status-publish","4":"has-post-thumbnail","6":"product_brand-osculati-pt","7":"product_cat-abracadeiras-para-mangueiras","9":"first","10":"instock","11":"shipping-taxable","12":"purchasable","13":"product-type-simple"},"_links":{"self":[{"href":"https:\/\/stoic-curie.212-227-153-4.plesk.page\/pt\/wp-json\/wp\/v2\/product\/3698332","targetHints":{"allow":["GET"]}}],"collection":[{"href":"https:\/\/stoic-curie.212-227-153-4.plesk.page\/pt\/wp-json\/wp\/v2\/product"}],"about":[{"href":"https:\/\/stoic-curie.212-227-153-4.plesk.page\/pt\/wp-json\/wp\/v2\/types\/product"}],"replies":[{"embeddable":true,"href":"https:\/\/stoic-curie.212-227-153-4.plesk.page\/pt\/wp-json\/wp\/v2\/comments?post=3698332"}],"version-history":[{"count":0,"href":"https:\/\/stoic-curie.212-227-153-4.plesk.page\/pt\/wp-json\/wp\/v2\/product\/3698332\/revisions"}],"wp:featuredmedia":[{"embeddable":true,"href":"https:\/\/stoic-curie.212-227-153-4.plesk.page\/pt\/wp-json\/wp\/v2\/media\/5944996"}],"wp:attachment":[{"href":"https:\/\/stoic-curie.212-227-153-4.plesk.page\/pt\/wp-json\/wp\/v2\/media?parent=3698332"}],"wp:term":[{"taxonomy":"product_brand","embeddable":true,"href":"https:\/\/stoic-curie.212-227-153-4.plesk.page\/pt\/wp-json\/wp\/v2\/product_brand?post=3698332"},{"taxonomy":"product_cat","embeddable":true,"href":"https:\/\/stoic-curie.212-227-153-4.plesk.page\/pt\/wp-json\/wp\/v2\/product_cat?post=3698332"},{"taxonomy":"product_tag","embeddable":true,"href":"https:\/\/stoic-curie.212-227-153-4.plesk.page\/pt\/wp-json\/wp\/v2\/product_tag?post=3698332"}],"curies":[{"name":"wp","href":"https:\/\/api.w.org\/{rel}","templated":true}]}}