{"id":3698334,"date":"2025-10-13T14:15:56","date_gmt":"2025-10-13T18:15:56","guid":{"rendered":"https:\/\/stoic-curie.212-227-153-4.plesk.page\/product\/mangueira-de-transferencia-de-agua-layflat-de-seaflow-32mm\/"},"modified":"2026-02-25T00:28:10","modified_gmt":"2026-02-25T00:28:10","slug":"mangueira-de-transferencia-de-agua-layflat-de-seaflow-32mm","status":"publish","type":"product","link":"https:\/\/stoic-curie.212-227-153-4.plesk.page\/pt\/product\/mangueira-de-transferencia-de-agua-layflat-de-seaflow-32mm\/","title":{"rendered":"Mangueira de transfer\u00eancia de \u00e1gua layflat de SeaFlow 32mm"},"content":{"rendered":"<p>Mangueira de transfer\u00eancia de \u00e1gua layflat de SeaFlow 32mm &#8211; <\/p>\n<div class=\"col-24 col-md-15\">\n<p>A mangueira plana Seaflow \u00e9 feita de pl\u00e1stico PVC azul escuro. Esse tipo de constru\u00e7\u00e3o pl\u00e1stica torna a mangueira plana extremamente flex\u00edvel e muito resistente, o que significa que \u00e9 altamente resistente a marcas de abras\u00e3o e sinais de envelhecimento. O interior da mangueira \u00e9 liso para reduzir a fric\u00e7\u00e3o no conte\u00fado da mangueira.<\/p>\n<p>Esta mangueira plana Seaflow \u00e9 capaz de transferir \u00e1gua ou qualquer outro l\u00edquido e lamas sob baixa press\u00e3o. Aplica\u00e7\u00f5es t\u00edpicas para esta mangueira podem incluir uma mangueira de entrega de \u00e1gua para um sistema de lavagem de conv\u00e9s ou uso como mangueira de entrega de emerg\u00eancia. Um benef\u00edcio principal da mangueira \u00e9 que, quando n\u00e3o est\u00e1 em uso, ela pode ser enrolada plana para economizar espa\u00e7o e caber em pequenos espa\u00e7os. Quando a \u00e1gua \u00e9 fornecida, a press\u00e3o abrir\u00e1 a mangueira para realizar seu trabalho.<\/p>\n<p>A mangueira de transfer\u00eancia de \u00e1gua plana de PVC est\u00e1 dispon\u00edvel com di\u00e2metros internos variando de 25 mm a 50 mm. \u00c9 cortada de uma bobina de 100 metros, portanto, pedidos superiores a isso n\u00e3o ser\u00e3o fornecidos como um \u00fanico comprimento de mangueira. Bobinas completas tamb\u00e9m est\u00e3o dispon\u00edveis para compra.<\/p>\n<\/div>\n<h3>Especifica\u00e7\u00f5es<\/h3>\n<table class=\"table\">\n<tbody>\n<tr>\n<td><strong>Faixa de Temperatura<\/strong><\/td>\n<td>-5\u00b0C a +60\u00b0C<\/td>\n<\/tr>\n<tr>\n<td><strong>Press\u00e3o de Trabalho<\/strong><\/td>\n<td>145 PSI (10 bar)<\/td>\n<\/tr>\n<tr>\n<td><strong>Marca<\/strong><\/td>\n<td>Seaflow<\/td>\n<\/tr>\n<tr>\n<td><strong>Unidade de Venda<\/strong><\/td>\n<td>Por Metro<\/td>\n<\/tr>\n<tr>\n<td><strong>Press\u00e3o de Ruptura<\/strong><\/td>\n<td>435 PSI (30 bar)<\/td>\n<\/tr>\n<tr>\n<td><strong>Constru\u00e7\u00e3o<\/strong><\/td>\n<td>Pl\u00e1stico PVC Azul Escuro<\/td>\n<\/tr>\n<tr>\n<td><strong>Di\u00e2metro<\/strong><\/td>\n<td>32 mm (1-1\/4&#8243;) ID, 36 mm OD<\/td>\n<\/tr>\n<\/tbody>\n<\/table>\n","protected":false},"excerpt":{"rendered":"<p>Mangueira de transfer\u00eancia de \u00e1gua layflat de SeaFlow 32mm &#8211; A mangueira plana Seaflow \u00e9 feita de pl\u00e1stico PVC azul<\/p>\n","protected":false},"featured_media":5944998,"comment_status":"closed","ping_status":"closed","template":"","meta":[],"product_brand":[3357],"product_cat":[1942],"product_tag":[],"class_list":{"0":"post-3698334","1":"product","2":"type-product","3":"status-publish","4":"has-post-thumbnail","6":"product_brand-seaflow-pt","7":"product_cat-mangueiras-de-agua","9":"first","10":"instock","11":"shipping-taxable","12":"purchasable","13":"product-type-simple"},"_links":{"self":[{"href":"https:\/\/stoic-curie.212-227-153-4.plesk.page\/pt\/wp-json\/wp\/v2\/product\/3698334","targetHints":{"allow":["GET"]}}],"collection":[{"href":"https:\/\/stoic-curie.212-227-153-4.plesk.page\/pt\/wp-json\/wp\/v2\/product"}],"about":[{"href":"https:\/\/stoic-curie.212-227-153-4.plesk.page\/pt\/wp-json\/wp\/v2\/types\/product"}],"replies":[{"embeddable":true,"href":"https:\/\/stoic-curie.212-227-153-4.plesk.page\/pt\/wp-json\/wp\/v2\/comments?post=3698334"}],"version-history":[{"count":0,"href":"https:\/\/stoic-curie.212-227-153-4.plesk.page\/pt\/wp-json\/wp\/v2\/product\/3698334\/revisions"}],"wp:featuredmedia":[{"embeddable":true,"href":"https:\/\/stoic-curie.212-227-153-4.plesk.page\/pt\/wp-json\/wp\/v2\/media\/5944998"}],"wp:attachment":[{"href":"https:\/\/stoic-curie.212-227-153-4.plesk.page\/pt\/wp-json\/wp\/v2\/media?parent=3698334"}],"wp:term":[{"taxonomy":"product_brand","embeddable":true,"href":"https:\/\/stoic-curie.212-227-153-4.plesk.page\/pt\/wp-json\/wp\/v2\/product_brand?post=3698334"},{"taxonomy":"product_cat","embeddable":true,"href":"https:\/\/stoic-curie.212-227-153-4.plesk.page\/pt\/wp-json\/wp\/v2\/product_cat?post=3698334"},{"taxonomy":"product_tag","embeddable":true,"href":"https:\/\/stoic-curie.212-227-153-4.plesk.page\/pt\/wp-json\/wp\/v2\/product_tag?post=3698334"}],"curies":[{"name":"wp","href":"https:\/\/api.w.org\/{rel}","templated":true}]}}