{"id":3698338,"date":"2025-10-13T14:15:57","date_gmt":"2025-10-13T18:15:57","guid":{"rendered":"https:\/\/stoic-curie.212-227-153-4.plesk.page\/product\/entrada-de-agua-mangueira-seaflow-20mm\/"},"modified":"2026-02-25T00:28:10","modified_gmt":"2026-02-25T00:28:10","slug":"entrada-de-agua-mangueira-seaflow-20mm","status":"publish","type":"product","link":"https:\/\/stoic-curie.212-227-153-4.plesk.page\/pt\/product\/entrada-de-agua-mangueira-seaflow-20mm\/","title":{"rendered":"Entrada de \u00e1gua Mangueira SeaFlow 20mm"},"content":{"rendered":"<p>Entrada de \u00e1gua Mangueira SeaFlow 20mm &#8211; <\/p>\n<div class=\"col-24 col-md-15\">\n<p>Esta mangueira Seaflow \u00e9 feita de um PVC transparente, forte e flex\u00edvel, e tem uma espiral de a\u00e7o galvanizado resistente a choques no interior para ajudar a refor\u00e7ar a mangueira. Esta mangueira \u00e9 adequada para aplica\u00e7\u00f5es marinhas e pode ser usada para suc\u00e7\u00e3o e entrega de \u00e1gua, e devido ao PVC n\u00e3o t\u00f3xico, pode ser utilizada para \u00e1gua mineral.<\/p>\n<p>Esta mangueira tem um di\u00e2metro interno de 19 mm (outros tamanhos est\u00e3o dispon\u00edveis) e \u00e9 cortada de um rolo de 30 metros, portanto, pedidos superiores a esse comprimento n\u00e3o ser\u00e3o fornecidos como uma \u00fanica extens\u00e3o da mangueira. <a href=\"clear-reinforced-water-intake-hose-412619-30\">Uma bobina completa est\u00e1 dispon\u00edvel para esta mangueira<\/a> e ser\u00e1 oferecida a um pre\u00e7o com desconto em compara\u00e7\u00e3o com o pre\u00e7o por metro.<\/p>\n<\/div>\n<h3>Especifica\u00e7\u00f5es<\/h3>\n<table class=\"table\">\n<tbody>\n<tr>\n<td><strong>Aprova\u00e7\u00f5es<\/strong><\/td>\n<td>Reg. UE 10\/2011 para o tipo de simulante a-b-c ISO 1309<\/td>\n<\/tr>\n<tr>\n<td><strong>Intervalo de temperatura<\/strong><\/td>\n<td>-5\u00b0C a +60\u00b0C (+23\u00b0F a +140\u00b0F)<\/td>\n<\/tr>\n<tr>\n<td><strong>Marca<\/strong><\/td>\n<td>Seaflow<\/td>\n<\/tr>\n<tr>\n<td><strong>Unidade de venda<\/strong><\/td>\n<td>Por metro<\/td>\n<\/tr>\n<tr>\n<td><strong>Raio de curvatura<\/strong><\/td>\n<td>50 mm<\/td>\n<\/tr>\n<tr>\n<td><strong>Press\u00e3o de ruptura<\/strong><\/td>\n<td>72,5 psi (5 bar)<\/td>\n<\/tr>\n<tr>\n<td><strong>Constru\u00e7\u00e3o<\/strong><\/td>\n<td>PVC transparente refor\u00e7ado com espiral de a\u00e7o.<\/td>\n<\/tr>\n<tr>\n<td><strong>Di\u00e2metro<\/strong><\/td>\n<td>19 mm (3\/4&#8243;) ID, 26 mm OD<\/td>\n<\/tr>\n<tr>\n<td><strong>V\u00e1cuo<\/strong><\/td>\n<td>12 psi (0,85 bar)<\/td>\n<\/tr>\n<\/tbody>\n<\/table>\n","protected":false},"excerpt":{"rendered":"<p>Entrada de \u00e1gua Mangueira SeaFlow 20mm &#8211; Esta mangueira Seaflow \u00e9 feita de um PVC transparente, forte e flex\u00edvel, e<\/p>\n","protected":false},"featured_media":5945002,"comment_status":"closed","ping_status":"closed","template":"","meta":[],"product_brand":[3357],"product_cat":[1942],"product_tag":[],"class_list":{"0":"post-3698338","1":"product","2":"type-product","3":"status-publish","4":"has-post-thumbnail","6":"product_brand-seaflow-pt","7":"product_cat-mangueiras-de-agua","9":"first","10":"instock","11":"shipping-taxable","12":"purchasable","13":"product-type-simple"},"_links":{"self":[{"href":"https:\/\/stoic-curie.212-227-153-4.plesk.page\/pt\/wp-json\/wp\/v2\/product\/3698338","targetHints":{"allow":["GET"]}}],"collection":[{"href":"https:\/\/stoic-curie.212-227-153-4.plesk.page\/pt\/wp-json\/wp\/v2\/product"}],"about":[{"href":"https:\/\/stoic-curie.212-227-153-4.plesk.page\/pt\/wp-json\/wp\/v2\/types\/product"}],"replies":[{"embeddable":true,"href":"https:\/\/stoic-curie.212-227-153-4.plesk.page\/pt\/wp-json\/wp\/v2\/comments?post=3698338"}],"version-history":[{"count":0,"href":"https:\/\/stoic-curie.212-227-153-4.plesk.page\/pt\/wp-json\/wp\/v2\/product\/3698338\/revisions"}],"wp:featuredmedia":[{"embeddable":true,"href":"https:\/\/stoic-curie.212-227-153-4.plesk.page\/pt\/wp-json\/wp\/v2\/media\/5945002"}],"wp:attachment":[{"href":"https:\/\/stoic-curie.212-227-153-4.plesk.page\/pt\/wp-json\/wp\/v2\/media?parent=3698338"}],"wp:term":[{"taxonomy":"product_brand","embeddable":true,"href":"https:\/\/stoic-curie.212-227-153-4.plesk.page\/pt\/wp-json\/wp\/v2\/product_brand?post=3698338"},{"taxonomy":"product_cat","embeddable":true,"href":"https:\/\/stoic-curie.212-227-153-4.plesk.page\/pt\/wp-json\/wp\/v2\/product_cat?post=3698338"},{"taxonomy":"product_tag","embeddable":true,"href":"https:\/\/stoic-curie.212-227-153-4.plesk.page\/pt\/wp-json\/wp\/v2\/product_tag?post=3698338"}],"curies":[{"name":"wp","href":"https:\/\/api.w.org\/{rel}","templated":true}]}}