{"id":3698344,"date":"2025-10-13T14:15:58","date_gmt":"2025-10-13T18:15:58","guid":{"rendered":"https:\/\/stoic-curie.212-227-153-4.plesk.page\/product\/lampada-de-tungstenio-eletrico-com-encaixe-ba15d-12v-10w\/"},"modified":"2026-02-25T00:28:10","modified_gmt":"2026-02-25T00:28:10","slug":"lampada-de-tungstenio-eletrico-com-encaixe-ba15d-12v-10w","status":"publish","type":"product","link":"https:\/\/stoic-curie.212-227-153-4.plesk.page\/pt\/product\/lampada-de-tungstenio-eletrico-com-encaixe-ba15d-12v-10w\/","title":{"rendered":"L\u00e2mpada de tungst\u00eanio el\u00e9trico com encaixe BA15d (12V \/ 10W)"},"content":{"rendered":"<p>L\u00e2mpada de tungst\u00eanio el\u00e9trico com encaixe BA15d (12V \/ 10W) &#8211; <\/p>\n<div class=\"col-24 col-md-15\">\n<p>A l\u00e2mpada de tungst\u00eanio el\u00e9trica tem uma pot\u00eancia de 10 watts e \u00e9 utilizada com um sistema de 12V. Esta l\u00e2mpada utiliza um soquete BA15d, que consiste em um contato central duplo de 15 mm e um encaixe de baioneta.<\/p>\n<\/div>\n<h3>Especifica\u00e7\u00f5es<\/h3>\n<table class=\"table\">\n<tbody>\n<tr>\n<td><strong>Tens\u00e3o<\/strong><\/td>\n<td>12V CC<\/td>\n<\/tr>\n<tr>\n<td><strong>Pot\u00eancia<\/strong><\/td>\n<td>10W<\/td>\n<\/tr>\n<tr>\n<td><strong>Marca<\/strong><\/td>\n<td>Electrical<\/td>\n<\/tr>\n<tr>\n<td><strong>Encaixe<\/strong><\/td>\n<td>BA15d. Base de contato duplo de 15 mm com encaixes em linha de baioneta<\/td>\n<\/tr>\n<tr>\n<td><strong>Descri\u00e7\u00e3o da l\u00e2mpada<\/strong><\/td>\n<td>Incandescente<\/td>\n<\/tr>\n<tr>\n<td><strong>Descri\u00e7\u00e3o da cor da luz<\/strong><\/td>\n<td>Branco<\/td>\n<\/tr>\n<\/tbody>\n<\/table>\n","protected":false},"excerpt":{"rendered":"<p>L\u00e2mpada de tungst\u00eanio el\u00e9trico com encaixe BA15d (12V \/ 10W) &#8211; A l\u00e2mpada de tungst\u00eanio el\u00e9trica tem uma pot\u00eancia de<\/p>\n","protected":false},"featured_media":5945008,"comment_status":"closed","ping_status":"closed","template":"","meta":[],"product_brand":[2832],"product_cat":[2026,2028],"product_tag":[],"class_list":{"0":"post-3698344","1":"product","2":"type-product","3":"status-publish","4":"has-post-thumbnail","6":"product_brand-blue-sea-systems-pt","7":"product_cat-iluminacao","8":"product_cat-luzes-de-navegacao","10":"first","11":"instock","12":"shipping-taxable","13":"purchasable","14":"product-type-simple"},"_links":{"self":[{"href":"https:\/\/stoic-curie.212-227-153-4.plesk.page\/pt\/wp-json\/wp\/v2\/product\/3698344","targetHints":{"allow":["GET"]}}],"collection":[{"href":"https:\/\/stoic-curie.212-227-153-4.plesk.page\/pt\/wp-json\/wp\/v2\/product"}],"about":[{"href":"https:\/\/stoic-curie.212-227-153-4.plesk.page\/pt\/wp-json\/wp\/v2\/types\/product"}],"replies":[{"embeddable":true,"href":"https:\/\/stoic-curie.212-227-153-4.plesk.page\/pt\/wp-json\/wp\/v2\/comments?post=3698344"}],"version-history":[{"count":0,"href":"https:\/\/stoic-curie.212-227-153-4.plesk.page\/pt\/wp-json\/wp\/v2\/product\/3698344\/revisions"}],"wp:featuredmedia":[{"embeddable":true,"href":"https:\/\/stoic-curie.212-227-153-4.plesk.page\/pt\/wp-json\/wp\/v2\/media\/5945008"}],"wp:attachment":[{"href":"https:\/\/stoic-curie.212-227-153-4.plesk.page\/pt\/wp-json\/wp\/v2\/media?parent=3698344"}],"wp:term":[{"taxonomy":"product_brand","embeddable":true,"href":"https:\/\/stoic-curie.212-227-153-4.plesk.page\/pt\/wp-json\/wp\/v2\/product_brand?post=3698344"},{"taxonomy":"product_cat","embeddable":true,"href":"https:\/\/stoic-curie.212-227-153-4.plesk.page\/pt\/wp-json\/wp\/v2\/product_cat?post=3698344"},{"taxonomy":"product_tag","embeddable":true,"href":"https:\/\/stoic-curie.212-227-153-4.plesk.page\/pt\/wp-json\/wp\/v2\/product_tag?post=3698344"}],"curies":[{"name":"wp","href":"https:\/\/api.w.org\/{rel}","templated":true}]}}