{"id":3698347,"date":"2025-10-13T14:15:58","date_gmt":"2025-10-13T18:15:58","guid":{"rendered":"https:\/\/stoic-curie.212-227-153-4.plesk.page\/product\/luz-de-navegacao-led-branca-severa-compacta-inoxidavel-12v-24v\/"},"modified":"2026-02-25T00:28:10","modified_gmt":"2026-02-25T00:28:10","slug":"luz-de-navegacao-led-branca-severa-compacta-inoxidavel-12v-24v","status":"publish","type":"product","link":"https:\/\/stoic-curie.212-227-153-4.plesk.page\/pt\/product\/luz-de-navegacao-led-branca-severa-compacta-inoxidavel-12v-24v\/","title":{"rendered":"Luz de navega\u00e7\u00e3o LED branca severa (compacta \/ inoxid\u00e1vel \/ 12V &#038; 24V)"},"content":{"rendered":"<p>Luz de navega\u00e7\u00e3o LED branca severa (compacta \/ inoxid\u00e1vel \/ 12V &#038; 24V) &#8211; A luz de navega\u00e7\u00e3o branca de popa Osculati possui um inv\u00f3lucro de a\u00e7o inoxid\u00e1vel AISI 316 polido e \u00e9 adequada para embarca\u00e7\u00f5es com menos de 12 metros de comprimento que utilizam sistemas el\u00e9tricos de 12 volts ou 24 volts. Esta luz de navega\u00e7\u00e3o compacta utiliza tecnologia LED para produzir um arco de luz LED brilhante de 135\u00b0, sendo mais eficiente em termos de energia e tendo uma vida \u00fatil mais longa do que as l\u00e2mpadas standard. Para uma l\u00e2mpada LED de reposi\u00e7\u00e3o de 12V \/ 24V, utilize o n\u00famero da pe\u00e7a 731729. A luz de navega\u00e7\u00e3o possui conectores de l\u00e2mina de 6,3 mm.<\/p>\n","protected":false},"excerpt":{"rendered":"<p>Luz de navega\u00e7\u00e3o LED branca severa (compacta \/ inoxid\u00e1vel \/ 12V &#038; 24V) &#8211; A luz de navega\u00e7\u00e3o branca de<\/p>\n","protected":false},"featured_media":5945009,"comment_status":"closed","ping_status":"closed","template":"","meta":[],"product_brand":[3492],"product_cat":[2023],"product_tag":[],"class_list":{"0":"post-3698347","1":"product","2":"type-product","3":"status-publish","4":"has-post-thumbnail","6":"product_brand-trem-pt","7":"product_cat-luzes-de-navegacao-led","9":"first","10":"instock","11":"shipping-taxable","12":"purchasable","13":"product-type-simple"},"_links":{"self":[{"href":"https:\/\/stoic-curie.212-227-153-4.plesk.page\/pt\/wp-json\/wp\/v2\/product\/3698347","targetHints":{"allow":["GET"]}}],"collection":[{"href":"https:\/\/stoic-curie.212-227-153-4.plesk.page\/pt\/wp-json\/wp\/v2\/product"}],"about":[{"href":"https:\/\/stoic-curie.212-227-153-4.plesk.page\/pt\/wp-json\/wp\/v2\/types\/product"}],"replies":[{"embeddable":true,"href":"https:\/\/stoic-curie.212-227-153-4.plesk.page\/pt\/wp-json\/wp\/v2\/comments?post=3698347"}],"version-history":[{"count":0,"href":"https:\/\/stoic-curie.212-227-153-4.plesk.page\/pt\/wp-json\/wp\/v2\/product\/3698347\/revisions"}],"wp:featuredmedia":[{"embeddable":true,"href":"https:\/\/stoic-curie.212-227-153-4.plesk.page\/pt\/wp-json\/wp\/v2\/media\/5945009"}],"wp:attachment":[{"href":"https:\/\/stoic-curie.212-227-153-4.plesk.page\/pt\/wp-json\/wp\/v2\/media?parent=3698347"}],"wp:term":[{"taxonomy":"product_brand","embeddable":true,"href":"https:\/\/stoic-curie.212-227-153-4.plesk.page\/pt\/wp-json\/wp\/v2\/product_brand?post=3698347"},{"taxonomy":"product_cat","embeddable":true,"href":"https:\/\/stoic-curie.212-227-153-4.plesk.page\/pt\/wp-json\/wp\/v2\/product_cat?post=3698347"},{"taxonomy":"product_tag","embeddable":true,"href":"https:\/\/stoic-curie.212-227-153-4.plesk.page\/pt\/wp-json\/wp\/v2\/product_tag?post=3698347"}],"curies":[{"name":"wp","href":"https:\/\/api.w.org\/{rel}","templated":true}]}}