{"id":3698351,"date":"2025-10-13T14:15:59","date_gmt":"2025-10-13T18:15:59","guid":{"rendered":"https:\/\/stoic-curie.212-227-153-4.plesk.page\/product\/conector-de-ancora-fixa-para-corrente-de-10mm\/"},"modified":"2026-02-25T00:28:10","modified_gmt":"2026-02-25T00:28:10","slug":"conector-de-ancora-fixa-para-corrente-de-10mm","status":"publish","type":"product","link":"https:\/\/stoic-curie.212-227-153-4.plesk.page\/pt\/product\/conector-de-ancora-fixa-para-corrente-de-10mm\/","title":{"rendered":"Conector de \u00c2ncora Fixa para Corrente de 10mm"},"content":{"rendered":"<p>Conector de \u00c2ncora Fixa para Corrente de 10mm &#8211; <\/p>\n<p>Conector fixo em a\u00e7o inoxid\u00e1vel. Desliza suavemente sobre os rolos de ancoragem.<\/p>\n","protected":false},"excerpt":{"rendered":"<p>Conector de \u00c2ncora Fixa para Corrente de 10mm &#8211; Conector fixo em a\u00e7o inoxid\u00e1vel. Desliza suavemente sobre os rolos de<\/p>\n","protected":false},"featured_media":5945041,"comment_status":"closed","ping_status":"closed","template":"","meta":[],"product_brand":[3122],"product_cat":[2152],"product_tag":[],"class_list":{"0":"post-3698351","1":"product","2":"type-product","3":"status-publish","4":"has-post-thumbnail","6":"product_brand-marinetech-pt","7":"product_cat-destorcedores-de-ancora","9":"first","10":"instock","11":"shipping-taxable","12":"purchasable","13":"product-type-simple"},"_links":{"self":[{"href":"https:\/\/stoic-curie.212-227-153-4.plesk.page\/pt\/wp-json\/wp\/v2\/product\/3698351","targetHints":{"allow":["GET"]}}],"collection":[{"href":"https:\/\/stoic-curie.212-227-153-4.plesk.page\/pt\/wp-json\/wp\/v2\/product"}],"about":[{"href":"https:\/\/stoic-curie.212-227-153-4.plesk.page\/pt\/wp-json\/wp\/v2\/types\/product"}],"replies":[{"embeddable":true,"href":"https:\/\/stoic-curie.212-227-153-4.plesk.page\/pt\/wp-json\/wp\/v2\/comments?post=3698351"}],"version-history":[{"count":0,"href":"https:\/\/stoic-curie.212-227-153-4.plesk.page\/pt\/wp-json\/wp\/v2\/product\/3698351\/revisions"}],"wp:featuredmedia":[{"embeddable":true,"href":"https:\/\/stoic-curie.212-227-153-4.plesk.page\/pt\/wp-json\/wp\/v2\/media\/5945041"}],"wp:attachment":[{"href":"https:\/\/stoic-curie.212-227-153-4.plesk.page\/pt\/wp-json\/wp\/v2\/media?parent=3698351"}],"wp:term":[{"taxonomy":"product_brand","embeddable":true,"href":"https:\/\/stoic-curie.212-227-153-4.plesk.page\/pt\/wp-json\/wp\/v2\/product_brand?post=3698351"},{"taxonomy":"product_cat","embeddable":true,"href":"https:\/\/stoic-curie.212-227-153-4.plesk.page\/pt\/wp-json\/wp\/v2\/product_cat?post=3698351"},{"taxonomy":"product_tag","embeddable":true,"href":"https:\/\/stoic-curie.212-227-153-4.plesk.page\/pt\/wp-json\/wp\/v2\/product_tag?post=3698351"}],"curies":[{"name":"wp","href":"https:\/\/api.w.org\/{rel}","templated":true}]}}