{"id":3698352,"date":"2025-10-13T14:15:59","date_gmt":"2025-10-13T18:15:59","guid":{"rendered":"https:\/\/stoic-curie.212-227-153-4.plesk.page\/product\/conector-de-ancora-em-aco-inoxidavel-douglas-para-corrente-de-6-8mm\/"},"modified":"2026-02-25T00:28:10","modified_gmt":"2026-02-25T00:28:10","slug":"conector-de-ancora-em-aco-inoxidavel-douglas-para-corrente-de-6-8mm","status":"publish","type":"product","link":"https:\/\/stoic-curie.212-227-153-4.plesk.page\/pt\/product\/conector-de-ancora-em-aco-inoxidavel-douglas-para-corrente-de-6-8mm\/","title":{"rendered":"Conector de \u00c2ncora em A\u00e7o Inoxid\u00e1vel Douglas para Corrente de 6-8mm"},"content":{"rendered":"<p>Conector de \u00c2ncora em A\u00e7o Inoxid\u00e1vel Douglas para Corrente de 6-8mm &#8211; <\/p>\n<p>Conector girat\u00f3rio Douglas em a\u00e7o inoxid\u00e1vel. Desliza suavemente sobre os rolos de ancoragem, evitando que a corrente embole. Com fecho de seguran\u00e7a. Carga de ruptura 0123308: 2800 kg. Carga de ruptura 0123312: 6800 kg.<\/p>\n","protected":false},"excerpt":{"rendered":"<p>Conector de \u00c2ncora em A\u00e7o Inoxid\u00e1vel Douglas para Corrente de 6-8mm &#8211; Conector girat\u00f3rio Douglas em a\u00e7o inoxid\u00e1vel. Desliza suavemente<\/p>\n","protected":false},"featured_media":5945043,"comment_status":"closed","ping_status":"closed","template":"","meta":[],"product_brand":[2902],"product_cat":[2152],"product_tag":[],"class_list":{"0":"post-3698352","1":"product","2":"type-product","3":"status-publish","4":"has-post-thumbnail","6":"product_brand-douglas-marine-pt","7":"product_cat-destorcedores-de-ancora","9":"first","10":"instock","11":"shipping-taxable","12":"purchasable","13":"product-type-simple"},"_links":{"self":[{"href":"https:\/\/stoic-curie.212-227-153-4.plesk.page\/pt\/wp-json\/wp\/v2\/product\/3698352","targetHints":{"allow":["GET"]}}],"collection":[{"href":"https:\/\/stoic-curie.212-227-153-4.plesk.page\/pt\/wp-json\/wp\/v2\/product"}],"about":[{"href":"https:\/\/stoic-curie.212-227-153-4.plesk.page\/pt\/wp-json\/wp\/v2\/types\/product"}],"replies":[{"embeddable":true,"href":"https:\/\/stoic-curie.212-227-153-4.plesk.page\/pt\/wp-json\/wp\/v2\/comments?post=3698352"}],"version-history":[{"count":0,"href":"https:\/\/stoic-curie.212-227-153-4.plesk.page\/pt\/wp-json\/wp\/v2\/product\/3698352\/revisions"}],"wp:featuredmedia":[{"embeddable":true,"href":"https:\/\/stoic-curie.212-227-153-4.plesk.page\/pt\/wp-json\/wp\/v2\/media\/5945043"}],"wp:attachment":[{"href":"https:\/\/stoic-curie.212-227-153-4.plesk.page\/pt\/wp-json\/wp\/v2\/media?parent=3698352"}],"wp:term":[{"taxonomy":"product_brand","embeddable":true,"href":"https:\/\/stoic-curie.212-227-153-4.plesk.page\/pt\/wp-json\/wp\/v2\/product_brand?post=3698352"},{"taxonomy":"product_cat","embeddable":true,"href":"https:\/\/stoic-curie.212-227-153-4.plesk.page\/pt\/wp-json\/wp\/v2\/product_cat?post=3698352"},{"taxonomy":"product_tag","embeddable":true,"href":"https:\/\/stoic-curie.212-227-153-4.plesk.page\/pt\/wp-json\/wp\/v2\/product_tag?post=3698352"}],"curies":[{"name":"wp","href":"https:\/\/api.w.org\/{rel}","templated":true}]}}