{"id":3698663,"date":"2025-10-13T14:16:56","date_gmt":"2025-10-13T18:16:56","guid":{"rendered":"https:\/\/stoic-curie.212-227-153-4.plesk.page\/product\/conjunto-de-parafusos-de-cabeca-chata-fenda-a4-din-6112-5x40mm-4-unidades\/"},"modified":"2026-02-25T00:28:13","modified_gmt":"2026-02-25T00:28:13","slug":"conjunto-de-parafusos-de-cabeca-chata-fenda-a4-din-6112-5x40mm-4-unidades","status":"publish","type":"product","link":"https:\/\/stoic-curie.212-227-153-4.plesk.page\/pt\/product\/conjunto-de-parafusos-de-cabeca-chata-fenda-a4-din-6112-5x40mm-4-unidades\/","title":{"rendered":"Conjunto de Parafusos de Cabe\u00e7a Chata Fenda A4 DIN 6112 5x40mm 4 unidades"},"content":{"rendered":"<p>Conjunto de Parafusos de Cabe\u00e7a Chata Fenda A4 DIN 6112 5x40mm 4 unidades &#8211; <\/p>\n<p>Parafusos de cabe\u00e7a plana Philips DIN 6112 A4 em a\u00e7o inoxid\u00e1vel para madeira aglomerada. Em embalagens pr\u00e1ticas e elegantes tipo blister.<\/p>\n","protected":false},"excerpt":{"rendered":"<p>Conjunto de Parafusos de Cabe\u00e7a Chata Fenda A4 DIN 6112 5x40mm 4 unidades &#8211; Parafusos de cabe\u00e7a plana Philips DIN<\/p>\n","protected":false},"featured_media":5945218,"comment_status":"closed","ping_status":"closed","template":"","meta":[],"product_brand":[3122],"product_cat":[2009],"product_tag":[],"class_list":{"0":"post-3698663","1":"product","2":"type-product","3":"status-publish","4":"has-post-thumbnail","6":"product_brand-marinetech-pt","7":"product_cat-parafusos-inox-din-6112","9":"first","10":"instock","11":"shipping-taxable","12":"purchasable","13":"product-type-simple"},"_links":{"self":[{"href":"https:\/\/stoic-curie.212-227-153-4.plesk.page\/pt\/wp-json\/wp\/v2\/product\/3698663","targetHints":{"allow":["GET"]}}],"collection":[{"href":"https:\/\/stoic-curie.212-227-153-4.plesk.page\/pt\/wp-json\/wp\/v2\/product"}],"about":[{"href":"https:\/\/stoic-curie.212-227-153-4.plesk.page\/pt\/wp-json\/wp\/v2\/types\/product"}],"replies":[{"embeddable":true,"href":"https:\/\/stoic-curie.212-227-153-4.plesk.page\/pt\/wp-json\/wp\/v2\/comments?post=3698663"}],"version-history":[{"count":0,"href":"https:\/\/stoic-curie.212-227-153-4.plesk.page\/pt\/wp-json\/wp\/v2\/product\/3698663\/revisions"}],"wp:featuredmedia":[{"embeddable":true,"href":"https:\/\/stoic-curie.212-227-153-4.plesk.page\/pt\/wp-json\/wp\/v2\/media\/5945218"}],"wp:attachment":[{"href":"https:\/\/stoic-curie.212-227-153-4.plesk.page\/pt\/wp-json\/wp\/v2\/media?parent=3698663"}],"wp:term":[{"taxonomy":"product_brand","embeddable":true,"href":"https:\/\/stoic-curie.212-227-153-4.plesk.page\/pt\/wp-json\/wp\/v2\/product_brand?post=3698663"},{"taxonomy":"product_cat","embeddable":true,"href":"https:\/\/stoic-curie.212-227-153-4.plesk.page\/pt\/wp-json\/wp\/v2\/product_cat?post=3698663"},{"taxonomy":"product_tag","embeddable":true,"href":"https:\/\/stoic-curie.212-227-153-4.plesk.page\/pt\/wp-json\/wp\/v2\/product_tag?post=3698663"}],"curies":[{"name":"wp","href":"https:\/\/api.w.org\/{rel}","templated":true}]}}