{"id":3698673,"date":"2025-10-13T14:16:58","date_gmt":"2025-10-13T18:16:58","guid":{"rendered":"https:\/\/stoic-curie.212-227-153-4.plesk.page\/product\/soquete-de-placa-de-plataforma-para-tubo-de-32mm\/"},"modified":"2026-02-25T00:28:13","modified_gmt":"2026-02-25T00:28:13","slug":"soquete-de-placa-de-plataforma-para-tubo-de-32mm","status":"publish","type":"product","link":"https:\/\/stoic-curie.212-227-153-4.plesk.page\/pt\/product\/soquete-de-placa-de-plataforma-para-tubo-de-32mm\/","title":{"rendered":"Soquete de Placa de Plataforma para Tubo de 32mm"},"content":{"rendered":"<p>Soquete de Placa de Plataforma para Tubo de 32mm &#8211; <\/p>\n<p>Junta de base de plataforma de nata\u00e7\u00e3o em a\u00e7o inoxid\u00e1vel.<\/p>\n","protected":false},"excerpt":{"rendered":"<p>Soquete de Placa de Plataforma para Tubo de 32mm &#8211; Junta de base de plataforma de nata\u00e7\u00e3o em a\u00e7o inoxid\u00e1vel.<\/p>\n","protected":false},"featured_media":5945245,"comment_status":"closed","ping_status":"closed","template":"","meta":[],"product_brand":[3492],"product_cat":[1981],"product_tag":[],"class_list":{"0":"post-3698673","1":"product","2":"type-product","3":"status-publish","4":"has-post-thumbnail","6":"product_brand-trem-pt","7":"product_cat-plataformas-de-popa-hardware-nautico","9":"first","10":"instock","11":"shipping-taxable","12":"purchasable","13":"product-type-simple"},"_links":{"self":[{"href":"https:\/\/stoic-curie.212-227-153-4.plesk.page\/pt\/wp-json\/wp\/v2\/product\/3698673","targetHints":{"allow":["GET"]}}],"collection":[{"href":"https:\/\/stoic-curie.212-227-153-4.plesk.page\/pt\/wp-json\/wp\/v2\/product"}],"about":[{"href":"https:\/\/stoic-curie.212-227-153-4.plesk.page\/pt\/wp-json\/wp\/v2\/types\/product"}],"replies":[{"embeddable":true,"href":"https:\/\/stoic-curie.212-227-153-4.plesk.page\/pt\/wp-json\/wp\/v2\/comments?post=3698673"}],"version-history":[{"count":0,"href":"https:\/\/stoic-curie.212-227-153-4.plesk.page\/pt\/wp-json\/wp\/v2\/product\/3698673\/revisions"}],"wp:featuredmedia":[{"embeddable":true,"href":"https:\/\/stoic-curie.212-227-153-4.plesk.page\/pt\/wp-json\/wp\/v2\/media\/5945245"}],"wp:attachment":[{"href":"https:\/\/stoic-curie.212-227-153-4.plesk.page\/pt\/wp-json\/wp\/v2\/media?parent=3698673"}],"wp:term":[{"taxonomy":"product_brand","embeddable":true,"href":"https:\/\/stoic-curie.212-227-153-4.plesk.page\/pt\/wp-json\/wp\/v2\/product_brand?post=3698673"},{"taxonomy":"product_cat","embeddable":true,"href":"https:\/\/stoic-curie.212-227-153-4.plesk.page\/pt\/wp-json\/wp\/v2\/product_cat?post=3698673"},{"taxonomy":"product_tag","embeddable":true,"href":"https:\/\/stoic-curie.212-227-153-4.plesk.page\/pt\/wp-json\/wp\/v2\/product_tag?post=3698673"}],"curies":[{"name":"wp","href":"https:\/\/api.w.org\/{rel}","templated":true}]}}