{"id":3698678,"date":"2025-10-13T14:16:59","date_gmt":"2025-10-13T18:16:59","guid":{"rendered":"https:\/\/stoic-curie.212-227-153-4.plesk.page\/product\/rede-branca-para-cabos-de-vida-h600mm\/"},"modified":"2026-02-25T00:28:13","modified_gmt":"2026-02-25T00:28:13","slug":"rede-branca-para-cabos-de-vida-h600mm","status":"publish","type":"product","link":"https:\/\/stoic-curie.212-227-153-4.plesk.page\/pt\/product\/rede-branca-para-cabos-de-vida-h600mm\/","title":{"rendered":"Rede Branca para Cabos de Vida H600mm"},"content":{"rendered":"<p>Rede Branca para Cabos de Vida H600mm &#8211; <\/p>\n<p>Rede de seguran\u00e7a 100% poli\u00e9ster. H600 mm com malhas de 5&#215;5 cm. A soldagem em diamante \u00e9 a op\u00e7\u00e3o mais barata, enquanto o n\u00f3 quadrado \u00e9 o mais seguro.<\/p>\n","protected":false},"excerpt":{"rendered":"<p>Rede Branca para Cabos de Vida H600mm &#8211; Rede de seguran\u00e7a 100% poli\u00e9ster. H600 mm com malhas de 5&#215;5 cm.<\/p>\n","protected":false},"featured_media":5945263,"comment_status":"closed","ping_status":"closed","template":"","meta":[],"product_brand":[3492],"product_cat":[1892,2058,2045],"product_tag":[],"class_list":{"0":"post-3698678","1":"product","2":"type-product","3":"status-publish","4":"has-post-thumbnail","6":"product_brand-trem-pt","7":"product_cat-acessorios-de-seguranca","8":"product_cat-acessorios-para-veleiro","9":"product_cat-guarda-mancebo","11":"first","12":"instock","13":"shipping-taxable","14":"purchasable","15":"product-type-simple"},"_links":{"self":[{"href":"https:\/\/stoic-curie.212-227-153-4.plesk.page\/pt\/wp-json\/wp\/v2\/product\/3698678","targetHints":{"allow":["GET"]}}],"collection":[{"href":"https:\/\/stoic-curie.212-227-153-4.plesk.page\/pt\/wp-json\/wp\/v2\/product"}],"about":[{"href":"https:\/\/stoic-curie.212-227-153-4.plesk.page\/pt\/wp-json\/wp\/v2\/types\/product"}],"replies":[{"embeddable":true,"href":"https:\/\/stoic-curie.212-227-153-4.plesk.page\/pt\/wp-json\/wp\/v2\/comments?post=3698678"}],"version-history":[{"count":0,"href":"https:\/\/stoic-curie.212-227-153-4.plesk.page\/pt\/wp-json\/wp\/v2\/product\/3698678\/revisions"}],"wp:featuredmedia":[{"embeddable":true,"href":"https:\/\/stoic-curie.212-227-153-4.plesk.page\/pt\/wp-json\/wp\/v2\/media\/5945263"}],"wp:attachment":[{"href":"https:\/\/stoic-curie.212-227-153-4.plesk.page\/pt\/wp-json\/wp\/v2\/media?parent=3698678"}],"wp:term":[{"taxonomy":"product_brand","embeddable":true,"href":"https:\/\/stoic-curie.212-227-153-4.plesk.page\/pt\/wp-json\/wp\/v2\/product_brand?post=3698678"},{"taxonomy":"product_cat","embeddable":true,"href":"https:\/\/stoic-curie.212-227-153-4.plesk.page\/pt\/wp-json\/wp\/v2\/product_cat?post=3698678"},{"taxonomy":"product_tag","embeddable":true,"href":"https:\/\/stoic-curie.212-227-153-4.plesk.page\/pt\/wp-json\/wp\/v2\/product_tag?post=3698678"}],"curies":[{"name":"wp","href":"https:\/\/api.w.org\/{rel}","templated":true}]}}