{"id":3698679,"date":"2025-10-13T14:16:59","date_gmt":"2025-10-13T18:16:59","guid":{"rendered":"https:\/\/stoic-curie.212-227-153-4.plesk.page\/product\/esticadores-d25-de-aco-inoxidavel-610mm\/"},"modified":"2026-02-25T00:28:13","modified_gmt":"2026-02-25T00:28:13","slug":"esticadores-d25-de-aco-inoxidavel-610mm","status":"publish","type":"product","link":"https:\/\/stoic-curie.212-227-153-4.plesk.page\/pt\/product\/esticadores-d25-de-aco-inoxidavel-610mm\/","title":{"rendered":"Esticadores D25 de A\u00e7o Inoxid\u00e1vel 610mm"},"content":{"rendered":"<p>Esticadores D25 de A\u00e7o Inoxid\u00e1vel 610mm &#8211; <\/p>\n<p>Postes c\u00f3nicos em a\u00e7o inoxid\u00e1vel \u00c3\u00b8 25 mm.<\/p>\n","protected":false},"excerpt":{"rendered":"<p>Esticadores D25 de A\u00e7o Inoxid\u00e1vel 610mm &#8211; Postes c\u00f3nicos em a\u00e7o inoxid\u00e1vel \u00c3\u00b8 25 mm.<\/p>\n","protected":false},"featured_media":5945266,"comment_status":"closed","ping_status":"closed","template":"","meta":[],"product_brand":[3122],"product_cat":[2045],"product_tag":[],"class_list":{"0":"post-3698679","1":"product","2":"type-product","3":"status-publish","4":"has-post-thumbnail","6":"product_brand-marinetech-pt","7":"product_cat-guarda-mancebo","9":"first","10":"instock","11":"shipping-taxable","12":"purchasable","13":"product-type-simple"},"_links":{"self":[{"href":"https:\/\/stoic-curie.212-227-153-4.plesk.page\/pt\/wp-json\/wp\/v2\/product\/3698679","targetHints":{"allow":["GET"]}}],"collection":[{"href":"https:\/\/stoic-curie.212-227-153-4.plesk.page\/pt\/wp-json\/wp\/v2\/product"}],"about":[{"href":"https:\/\/stoic-curie.212-227-153-4.plesk.page\/pt\/wp-json\/wp\/v2\/types\/product"}],"replies":[{"embeddable":true,"href":"https:\/\/stoic-curie.212-227-153-4.plesk.page\/pt\/wp-json\/wp\/v2\/comments?post=3698679"}],"version-history":[{"count":0,"href":"https:\/\/stoic-curie.212-227-153-4.plesk.page\/pt\/wp-json\/wp\/v2\/product\/3698679\/revisions"}],"wp:featuredmedia":[{"embeddable":true,"href":"https:\/\/stoic-curie.212-227-153-4.plesk.page\/pt\/wp-json\/wp\/v2\/media\/5945266"}],"wp:attachment":[{"href":"https:\/\/stoic-curie.212-227-153-4.plesk.page\/pt\/wp-json\/wp\/v2\/media?parent=3698679"}],"wp:term":[{"taxonomy":"product_brand","embeddable":true,"href":"https:\/\/stoic-curie.212-227-153-4.plesk.page\/pt\/wp-json\/wp\/v2\/product_brand?post=3698679"},{"taxonomy":"product_cat","embeddable":true,"href":"https:\/\/stoic-curie.212-227-153-4.plesk.page\/pt\/wp-json\/wp\/v2\/product_cat?post=3698679"},{"taxonomy":"product_tag","embeddable":true,"href":"https:\/\/stoic-curie.212-227-153-4.plesk.page\/pt\/wp-json\/wp\/v2\/product_tag?post=3698679"}],"curies":[{"name":"wp","href":"https:\/\/api.w.org\/{rel}","templated":true}]}}