{"id":3698682,"date":"2025-10-13T14:16:59","date_gmt":"2025-10-13T18:16:59","guid":{"rendered":"https:\/\/stoic-curie.212-227-153-4.plesk.page\/product\/corrimao-oval-d25-de-aco-inoxidavel-450mm-m8\/"},"modified":"2026-02-25T00:28:13","modified_gmt":"2026-02-25T00:28:13","slug":"corrimao-oval-d25-de-aco-inoxidavel-450mm-m8","status":"publish","type":"product","link":"https:\/\/stoic-curie.212-227-153-4.plesk.page\/pt\/product\/corrimao-oval-d25-de-aco-inoxidavel-450mm-m8\/","title":{"rendered":"Corrim\u00e3o Oval D25 de A\u00e7o Inoxid\u00e1vel 450mm M8"},"content":{"rendered":"<p>Corrim\u00e3o Oval D25 de A\u00e7o Inoxid\u00e1vel 450mm M8 &#8211; <\/p>\n<p>Corrim\u00e3o oval de a\u00e7o inoxid\u00e1vel polido 316, elegante e robusto.<\/p>\n","protected":false},"excerpt":{"rendered":"<p>Corrim\u00e3o Oval D25 de A\u00e7o Inoxid\u00e1vel 450mm M8 &#8211; Corrim\u00e3o oval de a\u00e7o inoxid\u00e1vel polido 316, elegante e robusto.<\/p>\n","protected":false},"featured_media":5945267,"comment_status":"closed","ping_status":"closed","template":"","meta":[],"product_brand":[3122],"product_cat":[1994],"product_tag":[],"class_list":{"0":"post-3698682","1":"product","2":"type-product","3":"status-publish","4":"has-post-thumbnail","6":"product_brand-marinetech-pt","7":"product_cat-corrimoes","9":"first","10":"instock","11":"shipping-taxable","12":"purchasable","13":"product-type-simple"},"_links":{"self":[{"href":"https:\/\/stoic-curie.212-227-153-4.plesk.page\/pt\/wp-json\/wp\/v2\/product\/3698682","targetHints":{"allow":["GET"]}}],"collection":[{"href":"https:\/\/stoic-curie.212-227-153-4.plesk.page\/pt\/wp-json\/wp\/v2\/product"}],"about":[{"href":"https:\/\/stoic-curie.212-227-153-4.plesk.page\/pt\/wp-json\/wp\/v2\/types\/product"}],"replies":[{"embeddable":true,"href":"https:\/\/stoic-curie.212-227-153-4.plesk.page\/pt\/wp-json\/wp\/v2\/comments?post=3698682"}],"version-history":[{"count":0,"href":"https:\/\/stoic-curie.212-227-153-4.plesk.page\/pt\/wp-json\/wp\/v2\/product\/3698682\/revisions"}],"wp:featuredmedia":[{"embeddable":true,"href":"https:\/\/stoic-curie.212-227-153-4.plesk.page\/pt\/wp-json\/wp\/v2\/media\/5945267"}],"wp:attachment":[{"href":"https:\/\/stoic-curie.212-227-153-4.plesk.page\/pt\/wp-json\/wp\/v2\/media?parent=3698682"}],"wp:term":[{"taxonomy":"product_brand","embeddable":true,"href":"https:\/\/stoic-curie.212-227-153-4.plesk.page\/pt\/wp-json\/wp\/v2\/product_brand?post=3698682"},{"taxonomy":"product_cat","embeddable":true,"href":"https:\/\/stoic-curie.212-227-153-4.plesk.page\/pt\/wp-json\/wp\/v2\/product_cat?post=3698682"},{"taxonomy":"product_tag","embeddable":true,"href":"https:\/\/stoic-curie.212-227-153-4.plesk.page\/pt\/wp-json\/wp\/v2\/product_tag?post=3698682"}],"curies":[{"name":"wp","href":"https:\/\/api.w.org\/{rel}","templated":true}]}}