{"id":3698693,"date":"2025-10-13T14:17:01","date_gmt":"2025-10-13T18:17:01","guid":{"rendered":"https:\/\/stoic-curie.212-227-153-4.plesk.page\/product\/tampa-ajustavel-para-suporte-de-cana-de-pesca-d40mm-em-aco-inoxidavel\/"},"modified":"2026-02-25T00:28:13","modified_gmt":"2026-02-25T00:28:13","slug":"tampa-ajustavel-para-suporte-de-cana-de-pesca-d40mm-em-aco-inoxidavel","status":"publish","type":"product","link":"https:\/\/stoic-curie.212-227-153-4.plesk.page\/pt\/product\/tampa-ajustavel-para-suporte-de-cana-de-pesca-d40mm-em-aco-inoxidavel\/","title":{"rendered":"Tampa Ajust\u00e1vel para Suporte de Cana de Pesca D40mm em A\u00e7o Inoxid\u00e1vel"},"content":{"rendered":"<p>Tampa Ajust\u00e1vel para Suporte de Cana de Pesca D40mm em A\u00e7o Inoxid\u00e1vel &#8211; <\/p>\n<p>Suporte ajust\u00e1vel em a\u00e7o inoxid\u00e1vel com bucha de borracha e base plana.<\/p>\n","protected":false},"excerpt":{"rendered":"<p>Tampa Ajust\u00e1vel para Suporte de Cana de Pesca D40mm em A\u00e7o Inoxid\u00e1vel &#8211; Suporte ajust\u00e1vel em a\u00e7o inoxid\u00e1vel com bucha<\/p>\n","protected":false},"featured_media":5945276,"comment_status":"closed","ping_status":"closed","template":"","meta":[],"product_brand":[3237],"product_cat":[1967],"product_tag":[],"class_list":{"0":"post-3698693","1":"product","2":"type-product","3":"status-publish","4":"has-post-thumbnail","6":"product_brand-osculati-pt","7":"product_cat-suportes-para-canas-de-pesca","9":"first","10":"instock","11":"shipping-taxable","12":"purchasable","13":"product-type-simple"},"_links":{"self":[{"href":"https:\/\/stoic-curie.212-227-153-4.plesk.page\/pt\/wp-json\/wp\/v2\/product\/3698693","targetHints":{"allow":["GET"]}}],"collection":[{"href":"https:\/\/stoic-curie.212-227-153-4.plesk.page\/pt\/wp-json\/wp\/v2\/product"}],"about":[{"href":"https:\/\/stoic-curie.212-227-153-4.plesk.page\/pt\/wp-json\/wp\/v2\/types\/product"}],"replies":[{"embeddable":true,"href":"https:\/\/stoic-curie.212-227-153-4.plesk.page\/pt\/wp-json\/wp\/v2\/comments?post=3698693"}],"version-history":[{"count":0,"href":"https:\/\/stoic-curie.212-227-153-4.plesk.page\/pt\/wp-json\/wp\/v2\/product\/3698693\/revisions"}],"wp:featuredmedia":[{"embeddable":true,"href":"https:\/\/stoic-curie.212-227-153-4.plesk.page\/pt\/wp-json\/wp\/v2\/media\/5945276"}],"wp:attachment":[{"href":"https:\/\/stoic-curie.212-227-153-4.plesk.page\/pt\/wp-json\/wp\/v2\/media?parent=3698693"}],"wp:term":[{"taxonomy":"product_brand","embeddable":true,"href":"https:\/\/stoic-curie.212-227-153-4.plesk.page\/pt\/wp-json\/wp\/v2\/product_brand?post=3698693"},{"taxonomy":"product_cat","embeddable":true,"href":"https:\/\/stoic-curie.212-227-153-4.plesk.page\/pt\/wp-json\/wp\/v2\/product_cat?post=3698693"},{"taxonomy":"product_tag","embeddable":true,"href":"https:\/\/stoic-curie.212-227-153-4.plesk.page\/pt\/wp-json\/wp\/v2\/product_tag?post=3698693"}],"curies":[{"name":"wp","href":"https:\/\/api.w.org\/{rel}","templated":true}]}}