{"id":3698694,"date":"2025-10-13T14:17:02","date_gmt":"2025-10-13T18:17:02","guid":{"rendered":"https:\/\/stoic-curie.212-227-153-4.plesk.page\/product\/suporte-para-canas-de-pesca-em-aco-inoxidavel-com-bracadeira-para-tubo-22-25mm-h265mm-d42mm\/"},"modified":"2026-02-25T00:28:13","modified_gmt":"2026-02-25T00:28:13","slug":"suporte-para-canas-de-pesca-em-aco-inoxidavel-com-bracadeira-para-tubo-22-25mm-h265mm-d42mm","status":"publish","type":"product","link":"https:\/\/stoic-curie.212-227-153-4.plesk.page\/pt\/product\/suporte-para-canas-de-pesca-em-aco-inoxidavel-com-bracadeira-para-tubo-22-25mm-h265mm-d42mm\/","title":{"rendered":"Suporte para Canas de Pesca em A\u00e7o Inoxid\u00e1vel com Bra\u00e7adeira para Tubo 22-25mm H265mm D42mm"},"content":{"rendered":"<p>Suporte para Canas de Pesca em A\u00e7o Inoxid\u00e1vel com Bra\u00e7adeira para Tubo 22-25mm H265mm D42mm &#8211; <\/p>\n<p>Suporte para varas ajust\u00e1vel em a\u00e7o inoxid\u00e1vel com grampo de tubo de prote\u00e7\u00e3o em PVC interno.<\/p>\n","protected":false},"excerpt":{"rendered":"<p>Suporte para Canas de Pesca em A\u00e7o Inoxid\u00e1vel com Bra\u00e7adeira para Tubo 22-25mm H265mm D42mm &#8211; Suporte para varas ajust\u00e1vel<\/p>\n","protected":false},"featured_media":5945278,"comment_status":"closed","ping_status":"closed","template":"","meta":[],"product_brand":[3237],"product_cat":[2130,1967],"product_tag":[],"class_list":{"0":"post-3698694","1":"product","2":"type-product","3":"status-publish","4":"has-post-thumbnail","6":"product_brand-osculati-pt","7":"product_cat-acessorios-para-pesca","8":"product_cat-suportes-para-canas-de-pesca","10":"first","11":"instock","12":"shipping-taxable","13":"purchasable","14":"product-type-simple"},"_links":{"self":[{"href":"https:\/\/stoic-curie.212-227-153-4.plesk.page\/pt\/wp-json\/wp\/v2\/product\/3698694","targetHints":{"allow":["GET"]}}],"collection":[{"href":"https:\/\/stoic-curie.212-227-153-4.plesk.page\/pt\/wp-json\/wp\/v2\/product"}],"about":[{"href":"https:\/\/stoic-curie.212-227-153-4.plesk.page\/pt\/wp-json\/wp\/v2\/types\/product"}],"replies":[{"embeddable":true,"href":"https:\/\/stoic-curie.212-227-153-4.plesk.page\/pt\/wp-json\/wp\/v2\/comments?post=3698694"}],"version-history":[{"count":0,"href":"https:\/\/stoic-curie.212-227-153-4.plesk.page\/pt\/wp-json\/wp\/v2\/product\/3698694\/revisions"}],"wp:featuredmedia":[{"embeddable":true,"href":"https:\/\/stoic-curie.212-227-153-4.plesk.page\/pt\/wp-json\/wp\/v2\/media\/5945278"}],"wp:attachment":[{"href":"https:\/\/stoic-curie.212-227-153-4.plesk.page\/pt\/wp-json\/wp\/v2\/media?parent=3698694"}],"wp:term":[{"taxonomy":"product_brand","embeddable":true,"href":"https:\/\/stoic-curie.212-227-153-4.plesk.page\/pt\/wp-json\/wp\/v2\/product_brand?post=3698694"},{"taxonomy":"product_cat","embeddable":true,"href":"https:\/\/stoic-curie.212-227-153-4.plesk.page\/pt\/wp-json\/wp\/v2\/product_cat?post=3698694"},{"taxonomy":"product_tag","embeddable":true,"href":"https:\/\/stoic-curie.212-227-153-4.plesk.page\/pt\/wp-json\/wp\/v2\/product_tag?post=3698694"}],"curies":[{"name":"wp","href":"https:\/\/api.w.org\/{rel}","templated":true}]}}