{"id":3698696,"date":"2025-10-13T14:17:02","date_gmt":"2025-10-13T18:17:02","guid":{"rendered":"https:\/\/stoic-curie.212-227-153-4.plesk.page\/product\/assento-maritimo-pro-casting-branco-280-x-381-x-a127mm\/"},"modified":"2026-02-25T00:28:13","modified_gmt":"2026-02-25T00:28:13","slug":"assento-maritimo-pro-casting-branco-280-x-381-x-a127mm","status":"publish","type":"product","link":"https:\/\/stoic-curie.212-227-153-4.plesk.page\/pt\/product\/assento-maritimo-pro-casting-branco-280-x-381-x-a127mm\/","title":{"rendered":"Assento Mar\u00edtimo Pro Casting Branco 280 x 381 x A127mm"},"content":{"rendered":"<p>Assento Mar\u00edtimo Pro Casting Branco 280 x 381 x A127mm &#8211; <\/p>\n<p>Sof\u00e1 estofado com revestimento de Skay de grau marinho resistente, design confort\u00e1vel e borda de encosto. Base pl\u00e1stica modelada conforme o tamanho do assento. Ideal como banco, como suporte para conduzir e pescar, ou como um canto de assento.<\/p>\n","protected":false},"excerpt":{"rendered":"<p>Assento Mar\u00edtimo Pro Casting Branco 280 x 381 x A127mm &#8211; Sof\u00e1 estofado com revestimento de Skay de grau marinho<\/p>\n","protected":false},"featured_media":5945309,"comment_status":"closed","ping_status":"closed","template":"","meta":[],"product_brand":[2967],"product_cat":[1965],"product_tag":[],"class_list":{"0":"post-3698696","1":"product","2":"type-product","3":"status-publish","4":"has-post-thumbnail","6":"product_brand-garelick-pt","7":"product_cat-assentos","9":"first","10":"instock","11":"shipping-taxable","12":"purchasable","13":"product-type-simple"},"_links":{"self":[{"href":"https:\/\/stoic-curie.212-227-153-4.plesk.page\/pt\/wp-json\/wp\/v2\/product\/3698696","targetHints":{"allow":["GET"]}}],"collection":[{"href":"https:\/\/stoic-curie.212-227-153-4.plesk.page\/pt\/wp-json\/wp\/v2\/product"}],"about":[{"href":"https:\/\/stoic-curie.212-227-153-4.plesk.page\/pt\/wp-json\/wp\/v2\/types\/product"}],"replies":[{"embeddable":true,"href":"https:\/\/stoic-curie.212-227-153-4.plesk.page\/pt\/wp-json\/wp\/v2\/comments?post=3698696"}],"version-history":[{"count":0,"href":"https:\/\/stoic-curie.212-227-153-4.plesk.page\/pt\/wp-json\/wp\/v2\/product\/3698696\/revisions"}],"wp:featuredmedia":[{"embeddable":true,"href":"https:\/\/stoic-curie.212-227-153-4.plesk.page\/pt\/wp-json\/wp\/v2\/media\/5945309"}],"wp:attachment":[{"href":"https:\/\/stoic-curie.212-227-153-4.plesk.page\/pt\/wp-json\/wp\/v2\/media?parent=3698696"}],"wp:term":[{"taxonomy":"product_brand","embeddable":true,"href":"https:\/\/stoic-curie.212-227-153-4.plesk.page\/pt\/wp-json\/wp\/v2\/product_brand?post=3698696"},{"taxonomy":"product_cat","embeddable":true,"href":"https:\/\/stoic-curie.212-227-153-4.plesk.page\/pt\/wp-json\/wp\/v2\/product_cat?post=3698696"},{"taxonomy":"product_tag","embeddable":true,"href":"https:\/\/stoic-curie.212-227-153-4.plesk.page\/pt\/wp-json\/wp\/v2\/product_tag?post=3698696"}],"curies":[{"name":"wp","href":"https:\/\/api.w.org\/{rel}","templated":true}]}}