{"id":3698707,"date":"2025-10-13T14:17:04","date_gmt":"2025-10-13T18:17:04","guid":{"rendered":"https:\/\/stoic-curie.212-227-153-4.plesk.page\/product\/molas-a-gas-l525-curso-220-carga-30kg-em-aco-inoxidavel\/"},"modified":"2026-02-25T00:28:13","modified_gmt":"2026-02-25T00:28:13","slug":"molas-a-gas-l525-curso-220-carga-30kg-em-aco-inoxidavel","status":"publish","type":"product","link":"https:\/\/stoic-curie.212-227-153-4.plesk.page\/pt\/product\/molas-a-gas-l525-curso-220-carga-30kg-em-aco-inoxidavel\/","title":{"rendered":"Molas a G\u00e1s L525 Curso 220 Carga 30KG em A\u00e7o Inoxid\u00e1vel"},"content":{"rendered":"<p>Molas a G\u00e1s L525 Curso 220 Carga 30KG em A\u00e7o Inoxid\u00e1vel &#8211; <\/p>\n<p>Molhas a g\u00e1s com eixo e corpo em a\u00e7o inoxid\u00e1vel 316, projetadas especialmente para a abertura suave e f\u00e1cil de tampas e compartimentos do motor.<\/p>\n","protected":false},"excerpt":{"rendered":"<p>Molas a G\u00e1s L525 Curso 220 Carga 30KG em A\u00e7o Inoxid\u00e1vel &#8211; Molhas a g\u00e1s com eixo e corpo em<\/p>\n","protected":false},"featured_media":5945332,"comment_status":"closed","ping_status":"closed","template":"","meta":[],"product_brand":[3237],"product_cat":[1975],"product_tag":[],"class_list":{"0":"post-3698707","1":"product","2":"type-product","3":"status-publish","4":"has-post-thumbnail","6":"product_brand-osculati-pt","7":"product_cat-amortecedores-para-escotilhas","9":"first","10":"instock","11":"shipping-taxable","12":"purchasable","13":"product-type-simple"},"_links":{"self":[{"href":"https:\/\/stoic-curie.212-227-153-4.plesk.page\/pt\/wp-json\/wp\/v2\/product\/3698707","targetHints":{"allow":["GET"]}}],"collection":[{"href":"https:\/\/stoic-curie.212-227-153-4.plesk.page\/pt\/wp-json\/wp\/v2\/product"}],"about":[{"href":"https:\/\/stoic-curie.212-227-153-4.plesk.page\/pt\/wp-json\/wp\/v2\/types\/product"}],"replies":[{"embeddable":true,"href":"https:\/\/stoic-curie.212-227-153-4.plesk.page\/pt\/wp-json\/wp\/v2\/comments?post=3698707"}],"version-history":[{"count":0,"href":"https:\/\/stoic-curie.212-227-153-4.plesk.page\/pt\/wp-json\/wp\/v2\/product\/3698707\/revisions"}],"wp:featuredmedia":[{"embeddable":true,"href":"https:\/\/stoic-curie.212-227-153-4.plesk.page\/pt\/wp-json\/wp\/v2\/media\/5945332"}],"wp:attachment":[{"href":"https:\/\/stoic-curie.212-227-153-4.plesk.page\/pt\/wp-json\/wp\/v2\/media?parent=3698707"}],"wp:term":[{"taxonomy":"product_brand","embeddable":true,"href":"https:\/\/stoic-curie.212-227-153-4.plesk.page\/pt\/wp-json\/wp\/v2\/product_brand?post=3698707"},{"taxonomy":"product_cat","embeddable":true,"href":"https:\/\/stoic-curie.212-227-153-4.plesk.page\/pt\/wp-json\/wp\/v2\/product_cat?post=3698707"},{"taxonomy":"product_tag","embeddable":true,"href":"https:\/\/stoic-curie.212-227-153-4.plesk.page\/pt\/wp-json\/wp\/v2\/product_tag?post=3698707"}],"curies":[{"name":"wp","href":"https:\/\/api.w.org\/{rel}","templated":true}]}}