{"id":3698710,"date":"2025-10-13T14:17:05","date_gmt":"2025-10-13T18:17:05","guid":{"rendered":"https:\/\/stoic-curie.212-227-153-4.plesk.page\/product\/tampoes-de-drenagem-par-para-icey-tek-vermelho\/"},"modified":"2026-02-25T00:28:13","modified_gmt":"2026-02-25T00:28:13","slug":"tampoes-de-drenagem-par-para-icey-tek-vermelho","status":"publish","type":"product","link":"https:\/\/stoic-curie.212-227-153-4.plesk.page\/pt\/product\/tampoes-de-drenagem-par-para-icey-tek-vermelho\/","title":{"rendered":"Tamp\u00f5es de Drenagem (par) para Icey-tek Vermelho"},"content":{"rendered":"<p>Tamp\u00f5es de Drenagem (par) para Icey-tek Vermelho &#8211; <\/p>\n<p>Pe\u00e7as de reposi\u00e7\u00e3o para coolers Icey-Tek.<\/p>\n","protected":false},"excerpt":{"rendered":"<p>Tamp\u00f5es de Drenagem (par) para Icey-tek Vermelho &#8211; Pe\u00e7as de reposi\u00e7\u00e3o para coolers Icey-Tek.<\/p>\n","protected":false},"featured_media":5945351,"comment_status":"closed","ping_status":"closed","template":"","meta":[],"product_brand":[3007],"product_cat":[1933],"product_tag":[],"class_list":{"0":"post-3698710","1":"product","2":"type-product","3":"status-publish","4":"has-post-thumbnail","6":"product_brand-icey-tek-pt","7":"product_cat-caixas-termicas","9":"first","10":"instock","11":"shipping-taxable","12":"purchasable","13":"product-type-simple"},"_links":{"self":[{"href":"https:\/\/stoic-curie.212-227-153-4.plesk.page\/pt\/wp-json\/wp\/v2\/product\/3698710","targetHints":{"allow":["GET"]}}],"collection":[{"href":"https:\/\/stoic-curie.212-227-153-4.plesk.page\/pt\/wp-json\/wp\/v2\/product"}],"about":[{"href":"https:\/\/stoic-curie.212-227-153-4.plesk.page\/pt\/wp-json\/wp\/v2\/types\/product"}],"replies":[{"embeddable":true,"href":"https:\/\/stoic-curie.212-227-153-4.plesk.page\/pt\/wp-json\/wp\/v2\/comments?post=3698710"}],"version-history":[{"count":0,"href":"https:\/\/stoic-curie.212-227-153-4.plesk.page\/pt\/wp-json\/wp\/v2\/product\/3698710\/revisions"}],"wp:featuredmedia":[{"embeddable":true,"href":"https:\/\/stoic-curie.212-227-153-4.plesk.page\/pt\/wp-json\/wp\/v2\/media\/5945351"}],"wp:attachment":[{"href":"https:\/\/stoic-curie.212-227-153-4.plesk.page\/pt\/wp-json\/wp\/v2\/media?parent=3698710"}],"wp:term":[{"taxonomy":"product_brand","embeddable":true,"href":"https:\/\/stoic-curie.212-227-153-4.plesk.page\/pt\/wp-json\/wp\/v2\/product_brand?post=3698710"},{"taxonomy":"product_cat","embeddable":true,"href":"https:\/\/stoic-curie.212-227-153-4.plesk.page\/pt\/wp-json\/wp\/v2\/product_cat?post=3698710"},{"taxonomy":"product_tag","embeddable":true,"href":"https:\/\/stoic-curie.212-227-153-4.plesk.page\/pt\/wp-json\/wp\/v2\/product_tag?post=3698710"}],"curies":[{"name":"wp","href":"https:\/\/api.w.org\/{rel}","templated":true}]}}