{"id":3698715,"date":"2025-10-13T14:17:07","date_gmt":"2025-10-13T18:17:07","guid":{"rendered":"https:\/\/stoic-curie.212-227-153-4.plesk.page\/product\/dobradicas-sobressalentes-tecma-t-630-f\/"},"modified":"2026-02-25T00:28:13","modified_gmt":"2026-02-25T00:28:13","slug":"dobradicas-sobressalentes-tecma-t-630-f","status":"publish","type":"product","link":"https:\/\/stoic-curie.212-227-153-4.plesk.page\/pt\/product\/dobradicas-sobressalentes-tecma-t-630-f\/","title":{"rendered":"Dobradi\u00e7as Sobressalentes Tecma T-630\/F"},"content":{"rendered":"<p>Dobradi\u00e7as Sobressalentes Tecma T-630\/F &#8211; <\/p>\n<p>S\u00e9rie de assentos e dobradi\u00e7as para sanit\u00e1rios Design (Breeze) e Flexi (Silence, Elegance). PE: Assento cl\u00e1ssico e robusto de poli\u00e9ster com tampa e assento vis\u00edveis. TE: Assento moderno e leve de termofixo com tampa que oculta o assento. Fechamento Suave: dobradi\u00e7as com sistema de amortecimento para evitar danos e ru\u00eddo.<\/p>\n","protected":false},"excerpt":{"rendered":"<p>Dobradi\u00e7as Sobressalentes Tecma T-630\/F &#8211; S\u00e9rie de assentos e dobradi\u00e7as para sanit\u00e1rios Design (Breeze) e Flexi (Silence, Elegance). PE: Assento<\/p>\n","protected":false},"featured_media":5943818,"comment_status":"closed","ping_status":"closed","template":"","meta":[],"product_brand":[3472],"product_cat":[1962],"product_tag":[],"class_list":{"0":"post-3698715","1":"product","2":"type-product","3":"status-publish","4":"has-post-thumbnail","6":"product_brand-tecma-pt","7":"product_cat-sanitarios-e-casas-de-banho","9":"first","10":"instock","11":"shipping-taxable","12":"purchasable","13":"product-type-simple"},"_links":{"self":[{"href":"https:\/\/stoic-curie.212-227-153-4.plesk.page\/pt\/wp-json\/wp\/v2\/product\/3698715","targetHints":{"allow":["GET"]}}],"collection":[{"href":"https:\/\/stoic-curie.212-227-153-4.plesk.page\/pt\/wp-json\/wp\/v2\/product"}],"about":[{"href":"https:\/\/stoic-curie.212-227-153-4.plesk.page\/pt\/wp-json\/wp\/v2\/types\/product"}],"replies":[{"embeddable":true,"href":"https:\/\/stoic-curie.212-227-153-4.plesk.page\/pt\/wp-json\/wp\/v2\/comments?post=3698715"}],"version-history":[{"count":0,"href":"https:\/\/stoic-curie.212-227-153-4.plesk.page\/pt\/wp-json\/wp\/v2\/product\/3698715\/revisions"}],"wp:featuredmedia":[{"embeddable":true,"href":"https:\/\/stoic-curie.212-227-153-4.plesk.page\/pt\/wp-json\/wp\/v2\/media\/5943818"}],"wp:attachment":[{"href":"https:\/\/stoic-curie.212-227-153-4.plesk.page\/pt\/wp-json\/wp\/v2\/media?parent=3698715"}],"wp:term":[{"taxonomy":"product_brand","embeddable":true,"href":"https:\/\/stoic-curie.212-227-153-4.plesk.page\/pt\/wp-json\/wp\/v2\/product_brand?post=3698715"},{"taxonomy":"product_cat","embeddable":true,"href":"https:\/\/stoic-curie.212-227-153-4.plesk.page\/pt\/wp-json\/wp\/v2\/product_cat?post=3698715"},{"taxonomy":"product_tag","embeddable":true,"href":"https:\/\/stoic-curie.212-227-153-4.plesk.page\/pt\/wp-json\/wp\/v2\/product_tag?post=3698715"}],"curies":[{"name":"wp","href":"https:\/\/api.w.org\/{rel}","templated":true}]}}