{"id":3698716,"date":"2025-10-13T14:17:07","date_gmt":"2025-10-13T18:17:07","guid":{"rendered":"https:\/\/stoic-curie.212-227-153-4.plesk.page\/product\/filtro-ativo-de-carvao-para-ventilacao-20-25mm\/"},"modified":"2026-02-25T00:28:13","modified_gmt":"2026-02-25T00:28:13","slug":"filtro-ativo-de-carvao-para-ventilacao-20-25mm","status":"publish","type":"product","link":"https:\/\/stoic-curie.212-227-153-4.plesk.page\/pt\/product\/filtro-ativo-de-carvao-para-ventilacao-20-25mm\/","title":{"rendered":"Filtro Ativo de Carv\u00e3o para Ventila\u00e7\u00e3o 20-25mm"},"content":{"rendered":"<p>Filtro Ativo de Carv\u00e3o para Ventila\u00e7\u00e3o 20-25mm &#8211; <\/p>\n<p>Filtro de carv\u00e3o ativo para v\u00e1lvulas de toalete em tanques de res\u00edduos. Prende e filtra odores desagrad\u00e1veis.<\/p>\n","protected":false},"excerpt":{"rendered":"<p>Filtro Ativo de Carv\u00e3o para Ventila\u00e7\u00e3o 20-25mm &#8211; Filtro de carv\u00e3o ativo para v\u00e1lvulas de toalete em tanques de res\u00edduos.<\/p>\n","protected":false},"featured_media":5943336,"comment_status":"closed","ping_status":"closed","template":"","meta":[],"product_brand":[2857],"product_cat":[1936],"product_tag":[],"class_list":{"0":"post-3698716","1":"product","2":"type-product","3":"status-publish","4":"has-post-thumbnail","6":"product_brand-can-marine-pt","7":"product_cat-tanques-de-aguas-residuais","9":"first","10":"instock","11":"shipping-taxable","12":"purchasable","13":"product-type-simple"},"_links":{"self":[{"href":"https:\/\/stoic-curie.212-227-153-4.plesk.page\/pt\/wp-json\/wp\/v2\/product\/3698716","targetHints":{"allow":["GET"]}}],"collection":[{"href":"https:\/\/stoic-curie.212-227-153-4.plesk.page\/pt\/wp-json\/wp\/v2\/product"}],"about":[{"href":"https:\/\/stoic-curie.212-227-153-4.plesk.page\/pt\/wp-json\/wp\/v2\/types\/product"}],"replies":[{"embeddable":true,"href":"https:\/\/stoic-curie.212-227-153-4.plesk.page\/pt\/wp-json\/wp\/v2\/comments?post=3698716"}],"version-history":[{"count":0,"href":"https:\/\/stoic-curie.212-227-153-4.plesk.page\/pt\/wp-json\/wp\/v2\/product\/3698716\/revisions"}],"wp:featuredmedia":[{"embeddable":true,"href":"https:\/\/stoic-curie.212-227-153-4.plesk.page\/pt\/wp-json\/wp\/v2\/media\/5943336"}],"wp:attachment":[{"href":"https:\/\/stoic-curie.212-227-153-4.plesk.page\/pt\/wp-json\/wp\/v2\/media?parent=3698716"}],"wp:term":[{"taxonomy":"product_brand","embeddable":true,"href":"https:\/\/stoic-curie.212-227-153-4.plesk.page\/pt\/wp-json\/wp\/v2\/product_brand?post=3698716"},{"taxonomy":"product_cat","embeddable":true,"href":"https:\/\/stoic-curie.212-227-153-4.plesk.page\/pt\/wp-json\/wp\/v2\/product_cat?post=3698716"},{"taxonomy":"product_tag","embeddable":true,"href":"https:\/\/stoic-curie.212-227-153-4.plesk.page\/pt\/wp-json\/wp\/v2\/product_tag?post=3698716"}],"curies":[{"name":"wp","href":"https:\/\/api.w.org\/{rel}","templated":true}]}}