{"id":3698719,"date":"2025-10-13T14:17:08","date_gmt":"2025-10-13T18:17:08","guid":{"rendered":"https:\/\/stoic-curie.212-227-153-4.plesk.page\/product\/ficha-de-pvc-11-2-x-38-mm-para-depositos-de-agua-da-linha-verde\/"},"modified":"2026-02-25T00:28:13","modified_gmt":"2026-02-25T00:28:13","slug":"ficha-de-pvc-11-2-x-38-mm-para-depositos-de-agua-da-linha-verde","status":"publish","type":"product","link":"https:\/\/stoic-curie.212-227-153-4.plesk.page\/pt\/product\/ficha-de-pvc-11-2-x-38-mm-para-depositos-de-agua-da-linha-verde\/","title":{"rendered":"Ficha de PVC 1&#8243;1\/2 x 38 mm para Dep\u00f3sitos de \u00c1gua da Linha Verde"},"content":{"rendered":"<p>Ficha de PVC 1&#8243;1\/2 x 38 mm para Dep\u00f3sitos de \u00c1gua da Linha Verde &#8211; <\/p>\n<p>Conex\u00f5es de nylon de entrada e sa\u00edda para tanques de \u00e1gua doce. Inclui base e veda\u00e7\u00e3o para montagem em um buraco a ser feito no tanque.<\/p>\n","protected":false},"excerpt":{"rendered":"<p>Ficha de PVC 1&#8243;1\/2 x 38 mm para Dep\u00f3sitos de \u00c1gua da Linha Verde &#8211; Conex\u00f5es de nylon de entrada<\/p>\n","protected":false},"featured_media":5944323,"comment_status":"closed","ping_status":"closed","template":"","meta":[],"product_brand":[2857],"product_cat":[1951],"product_tag":[],"class_list":{"0":"post-3698719","1":"product","2":"type-product","3":"status-publish","4":"has-post-thumbnail","6":"product_brand-can-marine-pt","7":"product_cat-tanques-de-agua","9":"first","10":"instock","11":"shipping-taxable","12":"purchasable","13":"product-type-simple"},"_links":{"self":[{"href":"https:\/\/stoic-curie.212-227-153-4.plesk.page\/pt\/wp-json\/wp\/v2\/product\/3698719","targetHints":{"allow":["GET"]}}],"collection":[{"href":"https:\/\/stoic-curie.212-227-153-4.plesk.page\/pt\/wp-json\/wp\/v2\/product"}],"about":[{"href":"https:\/\/stoic-curie.212-227-153-4.plesk.page\/pt\/wp-json\/wp\/v2\/types\/product"}],"replies":[{"embeddable":true,"href":"https:\/\/stoic-curie.212-227-153-4.plesk.page\/pt\/wp-json\/wp\/v2\/comments?post=3698719"}],"version-history":[{"count":0,"href":"https:\/\/stoic-curie.212-227-153-4.plesk.page\/pt\/wp-json\/wp\/v2\/product\/3698719\/revisions"}],"wp:featuredmedia":[{"embeddable":true,"href":"https:\/\/stoic-curie.212-227-153-4.plesk.page\/pt\/wp-json\/wp\/v2\/media\/5944323"}],"wp:attachment":[{"href":"https:\/\/stoic-curie.212-227-153-4.plesk.page\/pt\/wp-json\/wp\/v2\/media?parent=3698719"}],"wp:term":[{"taxonomy":"product_brand","embeddable":true,"href":"https:\/\/stoic-curie.212-227-153-4.plesk.page\/pt\/wp-json\/wp\/v2\/product_brand?post=3698719"},{"taxonomy":"product_cat","embeddable":true,"href":"https:\/\/stoic-curie.212-227-153-4.plesk.page\/pt\/wp-json\/wp\/v2\/product_cat?post=3698719"},{"taxonomy":"product_tag","embeddable":true,"href":"https:\/\/stoic-curie.212-227-153-4.plesk.page\/pt\/wp-json\/wp\/v2\/product_tag?post=3698719"}],"curies":[{"name":"wp","href":"https:\/\/api.w.org\/{rel}","templated":true}]}}