{"id":3698738,"date":"2025-10-13T14:17:11","date_gmt":"2025-10-13T18:17:11","guid":{"rendered":"https:\/\/stoic-curie.212-227-153-4.plesk.page\/product\/conetor-de-mangueira-de-polipropileno-1-1-4-x-35mm\/"},"modified":"2026-02-25T00:28:13","modified_gmt":"2026-02-25T00:28:13","slug":"conetor-de-mangueira-de-polipropileno-1-1-4-x-35mm","status":"publish","type":"product","link":"https:\/\/stoic-curie.212-227-153-4.plesk.page\/pt\/product\/conetor-de-mangueira-de-polipropileno-1-1-4-x-35mm\/","title":{"rendered":"Conetor de Mangueira de Polipropileno 1 1\/4&#8243; x 35mm"},"content":{"rendered":"<p>Conetor de Mangueira de Polipropileno 1 1\/4&#8243; x 35mm &#8211; <\/p>\n<p>Tubo macho de polipropileno para mangueira. As conex\u00f5es de polipropileno (PP) oferecem a solu\u00e7\u00e3o perfeita para v\u00e1rias aplica\u00e7\u00f5es n\u00e1uticas, tanto para sistemas de press\u00e3o de \u00e1gua quente quanto fria. N\u00e3o t\u00f3xico, resistente ao desgaste, abras\u00e3o e agentes atmosf\u00e9ricos.<\/p>\n","protected":false},"excerpt":{"rendered":"<p>Conetor de Mangueira de Polipropileno 1 1\/4&#8243; x 35mm &#8211; Tubo macho de polipropileno para mangueira. As conex\u00f5es de polipropileno<\/p>\n","protected":false},"featured_media":5938701,"comment_status":"closed","ping_status":"closed","template":"","meta":[],"product_brand":[3357],"product_cat":[1948],"product_tag":[],"class_list":{"0":"post-3698738","1":"product","2":"type-product","3":"status-publish","4":"has-post-thumbnail","6":"product_brand-seaflow-pt","7":"product_cat-acessorios-para-canalizacao-de-plastico","9":"first","10":"instock","11":"shipping-taxable","12":"purchasable","13":"product-type-simple"},"_links":{"self":[{"href":"https:\/\/stoic-curie.212-227-153-4.plesk.page\/pt\/wp-json\/wp\/v2\/product\/3698738","targetHints":{"allow":["GET"]}}],"collection":[{"href":"https:\/\/stoic-curie.212-227-153-4.plesk.page\/pt\/wp-json\/wp\/v2\/product"}],"about":[{"href":"https:\/\/stoic-curie.212-227-153-4.plesk.page\/pt\/wp-json\/wp\/v2\/types\/product"}],"replies":[{"embeddable":true,"href":"https:\/\/stoic-curie.212-227-153-4.plesk.page\/pt\/wp-json\/wp\/v2\/comments?post=3698738"}],"version-history":[{"count":0,"href":"https:\/\/stoic-curie.212-227-153-4.plesk.page\/pt\/wp-json\/wp\/v2\/product\/3698738\/revisions"}],"wp:featuredmedia":[{"embeddable":true,"href":"https:\/\/stoic-curie.212-227-153-4.plesk.page\/pt\/wp-json\/wp\/v2\/media\/5938701"}],"wp:attachment":[{"href":"https:\/\/stoic-curie.212-227-153-4.plesk.page\/pt\/wp-json\/wp\/v2\/media?parent=3698738"}],"wp:term":[{"taxonomy":"product_brand","embeddable":true,"href":"https:\/\/stoic-curie.212-227-153-4.plesk.page\/pt\/wp-json\/wp\/v2\/product_brand?post=3698738"},{"taxonomy":"product_cat","embeddable":true,"href":"https:\/\/stoic-curie.212-227-153-4.plesk.page\/pt\/wp-json\/wp\/v2\/product_cat?post=3698738"},{"taxonomy":"product_tag","embeddable":true,"href":"https:\/\/stoic-curie.212-227-153-4.plesk.page\/pt\/wp-json\/wp\/v2\/product_tag?post=3698738"}],"curies":[{"name":"wp","href":"https:\/\/api.w.org\/{rel}","templated":true}]}}