{"id":3698740,"date":"2025-10-13T14:17:12","date_gmt":"2025-10-13T18:17:12","guid":{"rendered":"https:\/\/stoic-curie.212-227-153-4.plesk.page\/product\/mangueira-de-escape-19-x-28mm\/"},"modified":"2026-02-25T00:28:13","modified_gmt":"2026-02-25T00:28:13","slug":"mangueira-de-escape-19-x-28mm","status":"publish","type":"product","link":"https:\/\/stoic-curie.212-227-153-4.plesk.page\/pt\/product\/mangueira-de-escape-19-x-28mm\/","title":{"rendered":"Mangueira de Escape 19 x 28mm"},"content":{"rendered":"<p>Mangueira de Escape 19 x 28mm &#8211; <\/p>\n<p>Mangueira de escape de borracha flex\u00edvel com fio helicoidal de a\u00e7o. Para descarregar gases de escape, juntamente com o sistema de refrigera\u00e7\u00e3o da embarca\u00e7\u00e3o. Normas: SAE J 2006: 03 R2-ISO 13363:04-Tipo 2 Classe B. Aprovado: R.I.Na.-LLOYD&#8217;S REGISTER n\u00ba 96\/00126 (E3).<\/p>\n","protected":false},"excerpt":{"rendered":"<p>Mangueira de Escape 19 x 28mm &#8211; Mangueira de escape de borracha flex\u00edvel com fio helicoidal de a\u00e7o. Para descarregar<\/p>\n","protected":false},"featured_media":5944280,"comment_status":"closed","ping_status":"closed","template":"","meta":[],"product_brand":[3357],"product_cat":[2079],"product_tag":[],"class_list":{"0":"post-3698740","1":"product","2":"type-product","3":"status-publish","4":"has-post-thumbnail","6":"product_brand-seaflow-pt","7":"product_cat-mangueiras-de-escape","9":"first","10":"instock","11":"shipping-taxable","12":"purchasable","13":"product-type-simple"},"_links":{"self":[{"href":"https:\/\/stoic-curie.212-227-153-4.plesk.page\/pt\/wp-json\/wp\/v2\/product\/3698740","targetHints":{"allow":["GET"]}}],"collection":[{"href":"https:\/\/stoic-curie.212-227-153-4.plesk.page\/pt\/wp-json\/wp\/v2\/product"}],"about":[{"href":"https:\/\/stoic-curie.212-227-153-4.plesk.page\/pt\/wp-json\/wp\/v2\/types\/product"}],"replies":[{"embeddable":true,"href":"https:\/\/stoic-curie.212-227-153-4.plesk.page\/pt\/wp-json\/wp\/v2\/comments?post=3698740"}],"version-history":[{"count":0,"href":"https:\/\/stoic-curie.212-227-153-4.plesk.page\/pt\/wp-json\/wp\/v2\/product\/3698740\/revisions"}],"wp:featuredmedia":[{"embeddable":true,"href":"https:\/\/stoic-curie.212-227-153-4.plesk.page\/pt\/wp-json\/wp\/v2\/media\/5944280"}],"wp:attachment":[{"href":"https:\/\/stoic-curie.212-227-153-4.plesk.page\/pt\/wp-json\/wp\/v2\/media?parent=3698740"}],"wp:term":[{"taxonomy":"product_brand","embeddable":true,"href":"https:\/\/stoic-curie.212-227-153-4.plesk.page\/pt\/wp-json\/wp\/v2\/product_brand?post=3698740"},{"taxonomy":"product_cat","embeddable":true,"href":"https:\/\/stoic-curie.212-227-153-4.plesk.page\/pt\/wp-json\/wp\/v2\/product_cat?post=3698740"},{"taxonomy":"product_tag","embeddable":true,"href":"https:\/\/stoic-curie.212-227-153-4.plesk.page\/pt\/wp-json\/wp\/v2\/product_tag?post=3698740"}],"curies":[{"name":"wp","href":"https:\/\/api.w.org\/{rel}","templated":true}]}}